{"id":16620,"date":"2024-10-07T11:29:19","date_gmt":"2024-10-07T11:29:19","guid":{"rendered":"https:\/\/www.zahnaerztin-thies.de\/equipo-de-practicas\/paola-ramirez\/"},"modified":"2026-03-23T12:10:46","modified_gmt":"2026-03-23T12:10:46","slug":"motaz-said","status":"publish","type":"page","link":"https:\/\/www.zahnaerztin-thies.de\/es\/equipo-de-practicas\/motaz-said\/","title":{"rendered":"Motaz dijo"},"content":{"rendered":"<div class=\"fusion-fullwidth fullwidth-box fusion-builder-row-1 fusion-flex-container nonhundred-percent-fullwidth non-hundred-percent-height-scrolling fusion-animated\" style=\"--awb-border-radius-top-left:0px;--awb-border-radius-top-right:0px;--awb-border-radius-bottom-right:0px;--awb-border-radius-bottom-left:0px;--awb-flex-wrap:wrap;\" data-animationType=\"fadeInUp\" data-animationDuration=\"1.5\" data-animationOffset=\"top-into-view\" ><div class=\"fusion-builder-row fusion-row fusion-flex-align-items-flex-start fusion-flex-content-wrap\" style=\"max-width:1456px;margin-left: calc(-4% \/ 2 );margin-right: calc(-4% \/ 2 );\"><div class=\"fusion-layout-column fusion_builder_column fusion-builder-column-0 fusion_builder_column_2_3 2_3 fusion-flex-column\" style=\"--awb-bg-blend:overlay;--awb-bg-size:cover;--awb-width-large:66.666666666667%;--awb-margin-top-large:0px;--awb-spacing-right-large:3.84%;--awb-margin-bottom-large:0px;--awb-spacing-left-large:2.88%;--awb-width-medium:66.666666666667%;--awb-spacing-right-medium:3.84%;--awb-spacing-left-medium:2.88%;--awb-width-small:100%;--awb-spacing-right-small:1.92%;--awb-spacing-left-small:1.92%;\"><div class=\"fusion-column-wrapper fusion-flex-justify-content-flex-start fusion-content-layout-column\"><div class=\"fusion-title title fusion-title-1 fusion-sep-none fusion-title-text fusion-title-size-one\" style=\"--awb-text-color:#000000;--awb-margin-top-small:10px;--awb-margin-right-small:0px;--awb-margin-bottom-small:10px;--awb-margin-left-small:0px;--awb-font-size:var(--awb-typography1-font-size);\"><h1 class=\"fusion-title-heading title-heading-left\" style=\"font-family:var(--awb-typography1-font-family);font-weight:var(--awb-typography1-font-weight);font-style:var(--awb-typography1-font-style);margin:0;letter-spacing:var(--awb-typography1-letter-spacing);text-transform:var(--awb-typography1-text-transform);font-size:1em;line-height:var(--awb-typography1-line-height);\">Motaz Said<\/h1><\/div><div class=\"fusion-title title fusion-title-2 fusion-sep-none fusion-title-text fusion-title-size-two\" style=\"--awb-text-color:#000000;--awb-margin-top-small:10px;--awb-margin-right-small:0px;--awb-margin-bottom-small:10px;--awb-margin-left-small:0px;--awb-font-size:25px;\"><h2 class=\"fusion-title-heading title-heading-left\" style=\"font-family:var(--awb-typography1-font-family);font-weight:var(--awb-typography1-font-weight);font-style:var(--awb-typography1-font-style);margin:0;letter-spacing:var(--awb-typography1-letter-spacing);text-transform:var(--awb-typography1-text-transform);font-size:1em;line-height:var(--awb-typography1-line-height);\">Asistente dental<\/h2><\/div><div class=\"fusion-text fusion-text-1\" style=\"--awb-font-size:var(--awb-typography4-font-size);--awb-line-height:var(--awb-typography4-line-height);--awb-letter-spacing:var(--awb-typography4-letter-spacing);--awb-text-transform:var(--awb-typography4-text-transform);--awb-text-font-family:var(--awb-typography4-font-family);--awb-text-font-weight:var(--awb-typography4-font-weight);--awb-text-font-style:var(--awb-typography4-font-style);\"><p>Me llamo Motaz Said. Nac\u00ed en Siria y all\u00ed termin\u00e9 con \u00e9xito la carrera de Odontolog\u00eda. Tras licenciarme, vine a Alemania para que me reconocieran el t\u00edtulo de m\u00e9dico y continuar aqu\u00ed mi carrera profesional.<\/p>\n<p>Vivo en Alemania desde hace aproximadamente un a\u00f1o y trabajo en la cl\u00ednica dental del Dr. Thies como parte del equipo de la cl\u00ednica. Mis tareas incluyen ayudar con los tratamientos, atender a los pacientes y apoyar las actividades organizativas en la vida diaria de la consulta. Quiero asegurarme de que los pacientes se sientan c\u00f3modos y seguros mediante un enfoque tranquilo y respetuoso y un ambiente agradable.<\/p>\n<\/div><div class=\"accordian fusion-accordian\" style=\"--awb-border-size:1px;--awb-icon-size:16px;--awb-content-font-size:var(--awb-typography4-font-size);--awb-content-letter-spacing:var(--awb-typography4-letter-spacing);--awb-content-text-transform:var(--awb-typography4-text-transform);--awb-content-line-height:var(--awb-typography4-line-height);--awb-icon-alignment:left;--awb-hover-color:var(--awb-color2);--awb-border-color:var(--awb-color3);--awb-background-color:var(--awb-color1);--awb-divider-color:var(--awb-color3);--awb-divider-hover-color:var(--awb-color3);--awb-icon-color:var(--awb-color1);--awb-title-color:var(--awb-color8);--awb-content-color:var(--awb-color8);--awb-icon-box-color:var(--awb-color5);--awb-toggle-hover-accent-color:var(--awb-color4);--awb-toggle-active-accent-color:var(--awb-color4);--awb-title-font-family:var(--awb-typography1-font-family);--awb-title-font-weight:var(--awb-typography1-font-weight);--awb-title-font-style:var(--awb-typography1-font-style);--awb-title-font-size:25px;--awb-title-letter-spacing:var(--awb-typography1-letter-spacing);--awb-title-line-height:var(--awb-typography1-line-height);--awb-title-text-transform:var(--awb-typography1-text-transform);--awb-content-font-family:var(--awb-typography4-font-family);--awb-content-font-weight:var(--awb-typography4-font-weight);--awb-content-font-style:var(--awb-typography4-font-style);\"><div class=\"panel-group fusion-toggle-icon-boxed\" id=\"accordion-16620-1\"><div class=\"fusion-panel panel-default panel-e503a8b9d80d7bc62 fusion-toggle-no-divider\" style=\"--awb-title-color:var(--awb-color8);--awb-content-color:var(--awb-color8);\"><div class=\"panel-heading\"><h2 class=\"panel-title toggle\" id=\"toggle_e503a8b9d80d7bc62\"><a aria-expanded=\"false\" aria-controls=\"e503a8b9d80d7bc62\" role=\"button\" data-toggle=\"collapse\" data-parent=\"#accordion-16620-1\" data-target=\"#e503a8b9d80d7bc62\" href=\"#e503a8b9d80d7bc62\"><span class=\"fusion-toggle-icon-wrapper\" aria-hidden=\"true\"><i class=\"fa-fusion-box active-icon awb-icon-minus\" aria-hidden=\"true\"><\/i><i class=\"fa-fusion-box inactive-icon awb-icon-plus\" aria-hidden=\"true\"><\/i><\/span><span class=\"fusion-toggle-heading\">Conocimientos ling\u00fc\u00edsticos<\/span><\/a><\/h2><\/div><div id=\"e503a8b9d80d7bc62\" class=\"panel-collapse collapse \" aria-labelledby=\"toggle_e503a8b9d80d7bc62\"><div class=\"panel-body toggle-content fusion-clearfix\">\n<ul>\n<li class=\"x_elementToProof\" data-ogsc=\"rgb(0, 0, 0)\" data-olk-copy-source=\"MessageBody\">Alem\u00e1n<\/li>\n<li class=\"x_elementToProof\" data-ogsc=\"rgb(0, 0, 0)\">\u00c1rabe<\/li>\n<li class=\"x_elementToProof\" data-ogsc=\"rgb(0, 0, 0)\">Ingl\u00e9s<\/li>\n<\/ul>\n<\/div><\/div><\/div><\/div><\/div><\/div><\/div><div class=\"fusion-layout-column fusion_builder_column fusion-builder-column-1 fusion_builder_column_1_3 1_3 fusion-flex-column\" style=\"--awb-bg-size:cover;--awb-width-large:33.333333333333%;--awb-margin-top-large:131px;--awb-spacing-right-large:5.76%;--awb-margin-bottom-large:20px;--awb-spacing-left-large:3.84%;--awb-width-medium:33.333333333333%;--awb-order-medium:0;--awb-spacing-right-medium:5.76%;--awb-spacing-left-medium:3.84%;--awb-width-small:100%;--awb-order-small:0;--awb-spacing-right-small:1.92%;--awb-spacing-left-small:1.92%;\"><div class=\"fusion-column-wrapper fusion-column-has-shadow fusion-flex-justify-content-flex-start fusion-content-layout-column\"><div class=\"fusion-image-element \" style=\"--awb-caption-title-font-family:var(--h2_typography-font-family);--awb-caption-title-font-weight:var(--h2_typography-font-weight);--awb-caption-title-font-style:var(--h2_typography-font-style);--awb-caption-title-size:var(--h2_typography-font-size);--awb-caption-title-transform:var(--h2_typography-text-transform);--awb-caption-title-line-height:var(--h2_typography-line-height);--awb-caption-title-letter-spacing:var(--h2_typography-letter-spacing);\"><span class=\" fusion-imageframe imageframe-none imageframe-1 hover-type-none\" style=\"border-radius:15px;\"><img decoding=\"async\" width=\"600\" height=\"900\" alt=\"Motaz-Said\" title=\"Motaz-Said\" src=\"https:\/\/www.zahnaerztin-thies.de\/wp-content\/uploads\/Motaz-Said.jpg\" data-orig-src=\"https:\/\/www.zahnaerztin-thies.de\/wp-content\/uploads\/Motaz-Said.jpg\" class=\"lazyload img-responsive wp-image-19217\" srcset=\"data:image\/svg+xml,%3Csvg%20xmlns%3D%27http%3A%2F%2Fwww.w3.org%2F2000%2Fsvg%27%20width%3D%27600%27%20height%3D%27900%27%20viewBox%3D%270%200%20600%20900%27%3E%3Crect%20width%3D%27600%27%20height%3D%27900%27%20fill-opacity%3D%220%22%2F%3E%3C%2Fsvg%3E\" data-srcset=\"https:\/\/www.zahnaerztin-thies.de\/wp-content\/uploads\/Motaz-Said-200x300.jpg 200w, https:\/\/www.zahnaerztin-thies.de\/wp-content\/uploads\/Motaz-Said-400x600.jpg 400w, https:\/\/www.zahnaerztin-thies.de\/wp-content\/uploads\/Motaz-Said.jpg 600w\" data-sizes=\"auto\" data-orig-sizes=\"(max-width: 640px) 100vw, 600px\" \/><\/span><\/div><\/div><\/div><\/div><\/div>\n","protected":false},"excerpt":{"rendered":"","protected":false},"author":21,"featured_media":0,"parent":16406,"menu_order":0,"comment_status":"closed","ping_status":"closed","template":"100-width.php","meta":{"footnotes":""},"class_list":["post-16620","page","type-page","status-publish","hentry"],"yoast_head":"<!-- This site is optimized with the Yoast SEO plugin v27.5 - https:\/\/yoast.com\/product\/yoast-seo-wordpress\/ -->\n<title>Motaz Said - Asistente dental | Consulta Dr Thies<\/title>\n<meta name=\"description\" content=\"Motaz Said, una experimentada asistente dental de Siria, apoya al equipo de la consulta del Dr. Thies con empat\u00eda y experiencia.\" \/>\n<meta name=\"robots\" content=\"index, follow, max-snippet:-1, max-image-preview:large, max-video-preview:-1\" \/>\n<link rel=\"canonical\" href=\"https:\/\/www.zahnaerztin-thies.de\/es\/equipo-de-practicas\/motaz-said\/\" \/>\n<meta property=\"og:locale\" content=\"es_ES\" \/>\n<meta property=\"og:type\" content=\"article\" \/>\n<meta property=\"og:title\" content=\"Motaz Said - Asistente dental | Consulta Dr Thies\" \/>\n<meta property=\"og:description\" content=\"Motaz Said, una experimentada asistente dental de Siria, apoya al equipo de la consulta del Dr. Thies con empat\u00eda y experiencia.\" \/>\n<meta property=\"og:url\" content=\"https:\/\/www.zahnaerztin-thies.de\/es\/equipo-de-practicas\/motaz-said\/\" \/>\n<meta property=\"og:site_name\" content=\"Zahn\u00e4rztin Dr. Thies\" \/>\n<meta property=\"article:publisher\" content=\"https:\/\/www.facebook.com\/ZahnarztpraxisDrThies\/\" \/>\n<meta property=\"article:modified_time\" content=\"2026-03-23T12:10:46+00:00\" \/>\n<meta property=\"og:image\" content=\"https:\/\/www.zahnaerztin-thies.de\/wp-content\/uploads\/thies-og-3.jpg\" \/>\n\t<meta property=\"og:image:width\" content=\"1200\" \/>\n\t<meta property=\"og:image:height\" content=\"630\" \/>\n\t<meta property=\"og:image:type\" content=\"image\/jpeg\" \/>\n<script type=\"application\/ld+json\" class=\"yoast-schema-graph\">{\"@context\":\"https:\\\/\\\/schema.org\",\"@graph\":[{\"@type\":\"WebPage\",\"@id\":\"https:\\\/\\\/www.zahnaerztin-thies.de\\\/es\\\/equipo-de-practicas\\\/motaz-said\\\/\",\"url\":\"https:\\\/\\\/www.zahnaerztin-thies.de\\\/es\\\/equipo-de-practicas\\\/motaz-said\\\/\",\"name\":\"Motaz Said - Asistente dental | Consulta Dr Thies\",\"isPartOf\":{\"@id\":\"https:\\\/\\\/www.zahnaerztin-thies.de\\\/es\\\/#website\"},\"datePublished\":\"2024-10-07T11:29:19+00:00\",\"dateModified\":\"2026-03-23T12:10:46+00:00\",\"description\":\"Motaz Said, una experimentada asistente dental de Siria, apoya al equipo de la consulta del Dr. Thies con empat\u00eda y experiencia.\",\"breadcrumb\":{\"@id\":\"https:\\\/\\\/www.zahnaerztin-thies.de\\\/es\\\/equipo-de-practicas\\\/motaz-said\\\/#breadcrumb\"},\"inLanguage\":\"es\",\"potentialAction\":[{\"@type\":\"ReadAction\",\"target\":[\"https:\\\/\\\/www.zahnaerztin-thies.de\\\/es\\\/equipo-de-practicas\\\/motaz-said\\\/\"]}]},{\"@type\":\"BreadcrumbList\",\"@id\":\"https:\\\/\\\/www.zahnaerztin-thies.de\\\/es\\\/equipo-de-practicas\\\/motaz-said\\\/#breadcrumb\",\"itemListElement\":[{\"@type\":\"ListItem\",\"position\":1,\"name\":\"Home\",\"item\":\"https:\\\/\\\/www.zahnaerztin-thies.de\\\/es\\\/\"},{\"@type\":\"ListItem\",\"position\":2,\"name\":\"Equipo de pr\u00e1cticas\",\"item\":\"https:\\\/\\\/www.zahnaerztin-thies.de\\\/es\\\/equipo-de-practicas\\\/\"},{\"@type\":\"ListItem\",\"position\":3,\"name\":\"Motaz dijo\"}]},{\"@type\":\"WebSite\",\"@id\":\"https:\\\/\\\/www.zahnaerztin-thies.de\\\/es\\\/#website\",\"url\":\"https:\\\/\\\/www.zahnaerztin-thies.de\\\/es\\\/\",\"name\":\"Zahn\u00e4rztin Dr. Thies\",\"description\":\"Zahnarztpraxis Bochum\",\"publisher\":{\"@id\":\"https:\\\/\\\/www.zahnaerztin-thies.de\\\/es\\\/#organization\"},\"potentialAction\":[{\"@type\":\"SearchAction\",\"target\":{\"@type\":\"EntryPoint\",\"urlTemplate\":\"https:\\\/\\\/www.zahnaerztin-thies.de\\\/es\\\/?s={search_term_string}\"},\"query-input\":{\"@type\":\"PropertyValueSpecification\",\"valueRequired\":true,\"valueName\":\"search_term_string\"}}],\"inLanguage\":\"es\"},{\"@type\":\"Organization\",\"@id\":\"https:\\\/\\\/www.zahnaerztin-thies.de\\\/es\\\/#organization\",\"name\":\"Zahn\u00e4rztin Dr. Thies\",\"url\":\"https:\\\/\\\/www.zahnaerztin-thies.de\\\/es\\\/\",\"logo\":{\"@type\":\"ImageObject\",\"inLanguage\":\"es\",\"@id\":\"https:\\\/\\\/www.zahnaerztin-thies.de\\\/es\\\/#\\\/schema\\\/logo\\\/image\\\/\",\"url\":\"https:\\\/\\\/www.zahnaerztin-thies.de\\\/wp-content\\\/uploads\\\/Thies-Logo695.jpg\",\"contentUrl\":\"https:\\\/\\\/www.zahnaerztin-thies.de\\\/wp-content\\\/uploads\\\/Thies-Logo695.jpg\",\"width\":695,\"height\":695,\"caption\":\"Zahn\u00e4rztin Dr. Thies\"},\"image\":{\"@id\":\"https:\\\/\\\/www.zahnaerztin-thies.de\\\/es\\\/#\\\/schema\\\/logo\\\/image\\\/\"},\"sameAs\":[\"https:\\\/\\\/www.facebook.com\\\/ZahnarztpraxisDrThies\\\/\",\"https:\\\/\\\/www.youtube.com\\\/channel\\\/UCs1IcvkvQXT0nXMn9fLo2NQ\",\"https:\\\/\\\/www.instagram.com\\\/explore\\\/locations\\\/1031576357\\\/zahnarztpraxis-dr-alexandra-thies\\\/\"]}]}<\/script>\n<!-- \/ Yoast SEO plugin. -->","yoast_head_json":{"title":"Motaz Said - Asistente dental | Consulta Dr Thies","description":"Motaz Said, una experimentada asistente dental de Siria, apoya al equipo de la consulta del Dr. Thies con empat\u00eda y experiencia.","robots":{"index":"index","follow":"follow","max-snippet":"max-snippet:-1","max-image-preview":"max-image-preview:large","max-video-preview":"max-video-preview:-1"},"canonical":"https:\/\/www.zahnaerztin-thies.de\/es\/equipo-de-practicas\/motaz-said\/","og_locale":"es_ES","og_type":"article","og_title":"Motaz Said - Asistente dental | Consulta Dr Thies","og_description":"Motaz Said, una experimentada asistente dental de Siria, apoya al equipo de la consulta del Dr. Thies con empat\u00eda y experiencia.","og_url":"https:\/\/www.zahnaerztin-thies.de\/es\/equipo-de-practicas\/motaz-said\/","og_site_name":"Zahn\u00e4rztin Dr. Thies","article_publisher":"https:\/\/www.facebook.com\/ZahnarztpraxisDrThies\/","article_modified_time":"2026-03-23T12:10:46+00:00","og_image":[{"width":1200,"height":630,"url":"https:\/\/www.zahnaerztin-thies.de\/wp-content\/uploads\/thies-og-3.jpg","type":"image\/jpeg"}],"schema":{"@context":"https:\/\/schema.org","@graph":[{"@type":"WebPage","@id":"https:\/\/www.zahnaerztin-thies.de\/es\/equipo-de-practicas\/motaz-said\/","url":"https:\/\/www.zahnaerztin-thies.de\/es\/equipo-de-practicas\/motaz-said\/","name":"Motaz Said - Asistente dental | Consulta Dr Thies","isPartOf":{"@id":"https:\/\/www.zahnaerztin-thies.de\/es\/#website"},"datePublished":"2024-10-07T11:29:19+00:00","dateModified":"2026-03-23T12:10:46+00:00","description":"Motaz Said, una experimentada asistente dental de Siria, apoya al equipo de la consulta del Dr. Thies con empat\u00eda y experiencia.","breadcrumb":{"@id":"https:\/\/www.zahnaerztin-thies.de\/es\/equipo-de-practicas\/motaz-said\/#breadcrumb"},"inLanguage":"es","potentialAction":[{"@type":"ReadAction","target":["https:\/\/www.zahnaerztin-thies.de\/es\/equipo-de-practicas\/motaz-said\/"]}]},{"@type":"BreadcrumbList","@id":"https:\/\/www.zahnaerztin-thies.de\/es\/equipo-de-practicas\/motaz-said\/#breadcrumb","itemListElement":[{"@type":"ListItem","position":1,"name":"Home","item":"https:\/\/www.zahnaerztin-thies.de\/es\/"},{"@type":"ListItem","position":2,"name":"Equipo de pr\u00e1cticas","item":"https:\/\/www.zahnaerztin-thies.de\/es\/equipo-de-practicas\/"},{"@type":"ListItem","position":3,"name":"Motaz dijo"}]},{"@type":"WebSite","@id":"https:\/\/www.zahnaerztin-thies.de\/es\/#website","url":"https:\/\/www.zahnaerztin-thies.de\/es\/","name":"Zahn\u00e4rztin Dr. Thies","description":"Zahnarztpraxis Bochum","publisher":{"@id":"https:\/\/www.zahnaerztin-thies.de\/es\/#organization"},"potentialAction":[{"@type":"SearchAction","target":{"@type":"EntryPoint","urlTemplate":"https:\/\/www.zahnaerztin-thies.de\/es\/?s={search_term_string}"},"query-input":{"@type":"PropertyValueSpecification","valueRequired":true,"valueName":"search_term_string"}}],"inLanguage":"es"},{"@type":"Organization","@id":"https:\/\/www.zahnaerztin-thies.de\/es\/#organization","name":"Zahn\u00e4rztin Dr. Thies","url":"https:\/\/www.zahnaerztin-thies.de\/es\/","logo":{"@type":"ImageObject","inLanguage":"es","@id":"https:\/\/www.zahnaerztin-thies.de\/es\/#\/schema\/logo\/image\/","url":"https:\/\/www.zahnaerztin-thies.de\/wp-content\/uploads\/Thies-Logo695.jpg","contentUrl":"https:\/\/www.zahnaerztin-thies.de\/wp-content\/uploads\/Thies-Logo695.jpg","width":695,"height":695,"caption":"Zahn\u00e4rztin Dr. Thies"},"image":{"@id":"https:\/\/www.zahnaerztin-thies.de\/es\/#\/schema\/logo\/image\/"},"sameAs":["https:\/\/www.facebook.com\/ZahnarztpraxisDrThies\/","https:\/\/www.youtube.com\/channel\/UCs1IcvkvQXT0nXMn9fLo2NQ","https:\/\/www.instagram.com\/explore\/locations\/1031576357\/zahnarztpraxis-dr-alexandra-thies\/"]}]}},"_links":{"self":[{"href":"https:\/\/www.zahnaerztin-thies.de\/es\/wp-json\/wp\/v2\/pages\/16620","targetHints":{"allow":["GET"]}}],"collection":[{"href":"https:\/\/www.zahnaerztin-thies.de\/es\/wp-json\/wp\/v2\/pages"}],"about":[{"href":"https:\/\/www.zahnaerztin-thies.de\/es\/wp-json\/wp\/v2\/types\/page"}],"author":[{"embeddable":true,"href":"https:\/\/www.zahnaerztin-thies.de\/es\/wp-json\/wp\/v2\/users\/21"}],"replies":[{"embeddable":true,"href":"https:\/\/www.zahnaerztin-thies.de\/es\/wp-json\/wp\/v2\/comments?post=16620"}],"version-history":[{"count":23,"href":"https:\/\/www.zahnaerztin-thies.de\/es\/wp-json\/wp\/v2\/pages\/16620\/revisions"}],"predecessor-version":[{"id":19745,"href":"https:\/\/www.zahnaerztin-thies.de\/es\/wp-json\/wp\/v2\/pages\/16620\/revisions\/19745"}],"up":[{"embeddable":true,"href":"https:\/\/www.zahnaerztin-thies.de\/es\/wp-json\/wp\/v2\/pages\/16406"}],"wp:attachment":[{"href":"https:\/\/www.zahnaerztin-thies.de\/es\/wp-json\/wp\/v2\/media?parent=16620"}],"curies":[{"name":"wp","href":"https:\/\/api.w.org\/{rel}","templated":true}]}}