{"id":16632,"date":"2024-10-07T11:22:31","date_gmt":"2024-10-07T11:22:31","guid":{"rendered":"https:\/\/www.zahnaerztin-thies.de\/equipo-de-practicas\/lea-burkhardt\/"},"modified":"2026-03-23T18:17:20","modified_gmt":"2026-03-23T18:17:20","slug":"dilan-satilmis","status":"publish","type":"page","link":"https:\/\/www.zahnaerztin-thies.de\/es\/equipo-de-practicas\/dilan-satilmis\/","title":{"rendered":"Dilan Satilmis"},"content":{"rendered":"<div class=\"fusion-fullwidth fullwidth-box fusion-builder-row-1 fusion-flex-container nonhundred-percent-fullwidth non-hundred-percent-height-scrolling fusion-animated\" style=\"--awb-border-radius-top-left:0px;--awb-border-radius-top-right:0px;--awb-border-radius-bottom-right:0px;--awb-border-radius-bottom-left:0px;--awb-flex-wrap:wrap;\" data-animationType=\"fadeInUp\" data-animationDuration=\"1.5\" data-animationOffset=\"top-into-view\" ><div class=\"fusion-builder-row fusion-row fusion-flex-align-items-flex-start fusion-flex-content-wrap\" style=\"max-width:1456px;margin-left: calc(-4% \/ 2 );margin-right: calc(-4% \/ 2 );\"><div class=\"fusion-layout-column fusion_builder_column fusion-builder-column-0 fusion_builder_column_2_3 2_3 fusion-flex-column\" style=\"--awb-bg-blend:overlay;--awb-bg-size:cover;--awb-width-large:66.666666666667%;--awb-margin-top-large:0px;--awb-spacing-right-large:3.84%;--awb-margin-bottom-large:0px;--awb-spacing-left-large:2.88%;--awb-width-medium:66.666666666667%;--awb-spacing-right-medium:3.84%;--awb-spacing-left-medium:2.88%;--awb-width-small:100%;--awb-spacing-right-small:1.92%;--awb-spacing-left-small:1.92%;\"><div class=\"fusion-column-wrapper fusion-flex-justify-content-flex-start fusion-content-layout-column\"><div class=\"fusion-title title fusion-title-1 fusion-sep-none fusion-title-text fusion-title-size-one\" style=\"--awb-text-color:#000000;--awb-margin-top-small:10px;--awb-margin-right-small:0px;--awb-margin-bottom-small:10px;--awb-margin-left-small:0px;--awb-font-size:var(--awb-typography1-font-size);\"><h1 class=\"fusion-title-heading title-heading-left\" style=\"font-family:var(--awb-typography1-font-family);font-weight:var(--awb-typography1-font-weight);font-style:var(--awb-typography1-font-style);margin:0;letter-spacing:var(--awb-typography1-letter-spacing);text-transform:var(--awb-typography1-text-transform);font-size:1em;line-height:var(--awb-typography1-line-height);\">Dilan Satilmis<\/h1><\/div><div class=\"fusion-title title fusion-title-2 fusion-sep-none fusion-title-text fusion-title-size-two\" style=\"--awb-text-color:#000000;--awb-margin-top-small:10px;--awb-margin-right-small:0px;--awb-margin-bottom-small:10px;--awb-margin-left-small:0px;--awb-font-size:25px;\"><h2 class=\"fusion-title-heading title-heading-left\" style=\"font-family:var(--awb-typography1-font-family);font-weight:var(--awb-typography1-font-weight);font-style:var(--awb-typography1-font-style);margin:0;letter-spacing:var(--awb-typography1-letter-spacing);text-transform:var(--awb-typography1-text-transform);font-size:1em;line-height:var(--awb-typography1-line-height);\">Gestora de facturaci\u00f3n<\/h2><\/div><div class=\"fusion-text fusion-text-1\" style=\"--awb-font-size:var(--awb-typography4-font-size);--awb-line-height:var(--awb-typography4-line-height);--awb-letter-spacing:var(--awb-typography4-letter-spacing);--awb-text-transform:var(--awb-typography4-text-transform);--awb-text-font-family:var(--awb-typography4-font-family);--awb-text-font-weight:var(--awb-typography4-font-weight);--awb-text-font-style:var(--awb-typography4-font-style);\"><p>La Sra. Dilan Satilmis comenz\u00f3 su formaci\u00f3n como asistente dental en nuestra cl\u00ednica en agosto de 2014. Antes de comenzar su formaci\u00f3n, ya hab\u00eda realizado unas pr\u00e1cticas en la cl\u00ednica. Tras completar con \u00e9xito su formaci\u00f3n en el verano de 2017, fue contratada y ahora dirige la administraci\u00f3n y se encarga de tareas organizativas. Es responsable del \u00e1rea de facturaci\u00f3n.   <\/p>\n<p>Mi nombre es Dilan Satilmis. Nac\u00ed en Gelsenkirchen y actualmente vivo en Kamp-Lintfort. En el verano de 2013 obtuve mi t\u00edtulo de secundaria en la escuela Gertrud-B\u00e4umer-Realschule. En agosto de 2014 comenc\u00e9 mi formaci\u00f3n como asistente dental y la complet\u00e9 con \u00e9xito en el verano de 2017. Durante mi formaci\u00f3n, descubr\u00ed que me gusta especialmente el \u00e1rea de la administraci\u00f3n. Soy responsable de la contabilidad en la consulta y tambi\u00e9n la dirijo. Por ello, en noviembre de 2020 realic\u00e9 una formaci\u00f3n continua como gestora de contabilidad. Si tiene alguna pregunta sobre facturas y planes de tratamiento y costes, soy su persona de contacto.<\/p>\n<\/div><div class=\"accordian fusion-accordian\" style=\"--awb-border-size:1px;--awb-icon-size:16px;--awb-content-font-size:var(--awb-typography4-font-size);--awb-content-letter-spacing:var(--awb-typography4-letter-spacing);--awb-content-text-transform:var(--awb-typography4-text-transform);--awb-content-line-height:var(--awb-typography4-line-height);--awb-icon-alignment:left;--awb-hover-color:var(--awb-color2);--awb-border-color:var(--awb-color3);--awb-background-color:var(--awb-color1);--awb-divider-color:var(--awb-color3);--awb-divider-hover-color:var(--awb-color3);--awb-icon-color:var(--awb-color1);--awb-title-color:var(--awb-color8);--awb-content-color:var(--awb-color8);--awb-icon-box-color:var(--awb-color5);--awb-toggle-hover-accent-color:var(--awb-color4);--awb-toggle-active-accent-color:var(--awb-color4);--awb-title-font-family:var(--awb-typography1-font-family);--awb-title-font-weight:var(--awb-typography1-font-weight);--awb-title-font-style:var(--awb-typography1-font-style);--awb-title-font-size:25px;--awb-title-letter-spacing:var(--awb-typography1-letter-spacing);--awb-title-line-height:var(--awb-typography1-line-height);--awb-title-text-transform:var(--awb-typography1-text-transform);--awb-content-font-family:var(--awb-typography4-font-family);--awb-content-font-weight:var(--awb-typography4-font-weight);--awb-content-font-style:var(--awb-typography4-font-style);\"><div class=\"panel-group fusion-toggle-icon-boxed\" id=\"accordion-16632-1\"><div class=\"fusion-panel panel-default panel-88bd7420858be13f8 fusion-toggle-no-divider\" style=\"--awb-title-color:var(--awb-color8);--awb-content-color:var(--awb-color8);\"><div class=\"panel-heading\"><h2 class=\"panel-title toggle\" id=\"toggle_88bd7420858be13f8\"><a aria-expanded=\"false\" aria-controls=\"88bd7420858be13f8\" role=\"button\" data-toggle=\"collapse\" data-parent=\"#accordion-16632-1\" data-target=\"#88bd7420858be13f8\" href=\"#88bd7420858be13f8\"><span class=\"fusion-toggle-icon-wrapper\" aria-hidden=\"true\"><i class=\"fa-fusion-box active-icon awb-icon-minus\" aria-hidden=\"true\"><\/i><i class=\"fa-fusion-box inactive-icon awb-icon-plus\" aria-hidden=\"true\"><\/i><\/span><span class=\"fusion-toggle-heading\">Certificados<\/span><\/a><\/h2><\/div><div id=\"88bd7420858be13f8\" class=\"panel-collapse collapse \" aria-labelledby=\"toggle_88bd7420858be13f8\"><div class=\"panel-body toggle-content fusion-clearfix\">\n<ul>\n<li><span data-olk-copy-source=\"MessageBody\">Gestora de facturaci\u00f3n<\/span><\/li>\n<\/ul>\n<\/div><\/div><\/div><div class=\"fusion-panel panel-default panel-6c1d4633d757856ce fusion-toggle-no-divider\" style=\"--awb-title-color:var(--awb-color8);--awb-content-color:var(--awb-color8);\"><div class=\"panel-heading\"><h2 class=\"panel-title toggle\" id=\"toggle_6c1d4633d757856ce\"><a aria-expanded=\"false\" aria-controls=\"6c1d4633d757856ce\" role=\"button\" data-toggle=\"collapse\" data-parent=\"#accordion-16632-1\" data-target=\"#6c1d4633d757856ce\" href=\"#6c1d4633d757856ce\"><span class=\"fusion-toggle-icon-wrapper\" aria-hidden=\"true\"><i class=\"fa-fusion-box active-icon awb-icon-minus\" aria-hidden=\"true\"><\/i><i class=\"fa-fusion-box inactive-icon awb-icon-plus\" aria-hidden=\"true\"><\/i><\/span><span class=\"fusion-toggle-heading\">Cualificaciones profesionales<\/span><\/a><\/h2><\/div><div id=\"6c1d4633d757856ce\" class=\"panel-collapse collapse \" aria-labelledby=\"toggle_6c1d4633d757856ce\"><div class=\"panel-body toggle-content fusion-clearfix\">\n<ul>\n<li class=\"x_elementToProof\" data-ogsc=\"rgb(0, 0, 0)\" data-olk-copy-source=\"MessageBody\">Facturaci\u00f3n de planes terap\u00e9uticos y presupuestos<\/li>\n<li class=\"x_elementToProof\" data-ogsc=\"rgb(0, 0, 0)\">Formaci\u00f3n en emergencias<\/li>\n<li class=\"x_elementToProof\" data-ogsc=\"rgb(0, 0, 0)\">Profilaxis individual para ni\u00f1os y adolescentes<\/li>\n<li class=\"x_elementToProof\" data-ogsc=\"rgb(0, 0, 0)\">Licencia de rayos X<\/li>\n<li class=\"x_elementToProof\" data-ogsc=\"rgb(0, 0, 0)\">Formaci\u00f3n continua para obtener la certificaci\u00f3n de responsable de gesti\u00f3n de calidad<\/li>\n<\/ul>\n<\/div><\/div><\/div><div class=\"fusion-panel panel-default panel-31f465027298705ee fusion-toggle-no-divider\" style=\"--awb-title-color:var(--awb-color8);--awb-content-color:var(--awb-color8);\"><div class=\"panel-heading\"><h2 class=\"panel-title toggle\" id=\"toggle_31f465027298705ee\"><a aria-expanded=\"false\" aria-controls=\"31f465027298705ee\" role=\"button\" data-toggle=\"collapse\" data-parent=\"#accordion-16632-1\" data-target=\"#31f465027298705ee\" href=\"#31f465027298705ee\"><span class=\"fusion-toggle-icon-wrapper\" aria-hidden=\"true\"><i class=\"fa-fusion-box active-icon awb-icon-minus\" aria-hidden=\"true\"><\/i><i class=\"fa-fusion-box inactive-icon awb-icon-plus\" aria-hidden=\"true\"><\/i><\/span><span class=\"fusion-toggle-heading\">Conocimientos ling\u00fc\u00edsticos<\/span><\/a><\/h2><\/div><div id=\"31f465027298705ee\" class=\"panel-collapse collapse \" aria-labelledby=\"toggle_31f465027298705ee\"><div class=\"panel-body toggle-content fusion-clearfix\">\n<ul>\n<li class=\"x_elementToProof\" data-ogsc=\"rgb(0, 0, 0)\" data-olk-copy-source=\"MessageBody\">Alem\u00e1n<\/li>\n<li class=\"x_elementToProof\" data-ogsc=\"rgb(0, 0, 0)\">Ingl\u00e9s<\/li>\n<li class=\"x_elementToProof\" data-ogsc=\"rgb(0, 0, 0)\">Turco<\/li>\n<\/ul>\n<\/div><\/div><\/div><\/div><\/div><\/div><\/div><div class=\"fusion-layout-column fusion_builder_column fusion-builder-column-1 fusion_builder_column_1_3 1_3 fusion-flex-column\" style=\"--awb-bg-size:cover;--awb-width-large:33.333333333333%;--awb-margin-top-large:131px;--awb-spacing-right-large:5.76%;--awb-margin-bottom-large:20px;--awb-spacing-left-large:3.84%;--awb-width-medium:33.333333333333%;--awb-order-medium:0;--awb-spacing-right-medium:5.76%;--awb-spacing-left-medium:3.84%;--awb-width-small:100%;--awb-order-small:0;--awb-spacing-right-small:1.92%;--awb-spacing-left-small:1.92%;\"><div class=\"fusion-column-wrapper fusion-column-has-shadow fusion-flex-justify-content-flex-start fusion-content-layout-column\"><div class=\"fusion-image-element \" style=\"--awb-caption-title-font-family:var(--h2_typography-font-family);--awb-caption-title-font-weight:var(--h2_typography-font-weight);--awb-caption-title-font-style:var(--h2_typography-font-style);--awb-caption-title-size:var(--h2_typography-font-size);--awb-caption-title-transform:var(--h2_typography-text-transform);--awb-caption-title-line-height:var(--h2_typography-line-height);--awb-caption-title-letter-spacing:var(--h2_typography-letter-spacing);\"><span class=\" fusion-imageframe imageframe-none imageframe-1 hover-type-none\" style=\"border-radius:15px;\"><img decoding=\"async\" width=\"1001\" height=\"1500\" alt=\"Dilan Satilmis\" title=\"Dilan Satilmis\" src=\"https:\/\/www.zahnaerztin-thies.de\/wp-content\/uploads\/Dilan-Satilmis.jpg\" data-orig-src=\"https:\/\/www.zahnaerztin-thies.de\/wp-content\/uploads\/Dilan-Satilmis.jpg\" class=\"lazyload img-responsive wp-image-18922\" srcset=\"data:image\/svg+xml,%3Csvg%20xmlns%3D%27http%3A%2F%2Fwww.w3.org%2F2000%2Fsvg%27%20width%3D%271001%27%20height%3D%271500%27%20viewBox%3D%270%200%201001%201500%27%3E%3Crect%20width%3D%271001%27%20height%3D%271500%27%20fill-opacity%3D%220%22%2F%3E%3C%2Fsvg%3E\" data-srcset=\"https:\/\/www.zahnaerztin-thies.de\/wp-content\/uploads\/Dilan-Satilmis-200x300.jpg 200w, https:\/\/www.zahnaerztin-thies.de\/wp-content\/uploads\/Dilan-Satilmis-400x599.jpg 400w, https:\/\/www.zahnaerztin-thies.de\/wp-content\/uploads\/Dilan-Satilmis-600x899.jpg 600w, https:\/\/www.zahnaerztin-thies.de\/wp-content\/uploads\/Dilan-Satilmis-800x1199.jpg 800w, https:\/\/www.zahnaerztin-thies.de\/wp-content\/uploads\/Dilan-Satilmis.jpg 1001w\" data-sizes=\"auto\" data-orig-sizes=\"(max-width: 640px) 100vw, 600px\" \/><\/span><\/div><\/div><\/div><\/div><\/div>\n","protected":false},"excerpt":{"rendered":"","protected":false},"author":21,"featured_media":0,"parent":16406,"menu_order":0,"comment_status":"closed","ping_status":"closed","template":"100-width.php","meta":{"footnotes":""},"class_list":["post-16632","page","type-page","status-publish","hentry"],"yoast_head":"<!-- This site is optimized with the Yoast SEO plugin v27.5 - https:\/\/yoast.com\/product\/yoast-seo-wordpress\/ -->\n<title>Dilan Satilmis - Responsable de Facturaci\u00f3n | Consulta Dr ThiesDilan Satilmis<\/title>\n<meta name=\"description\" content=\"Conoce a Dilan Satilmis - experimentado gestor de facturaci\u00f3n en la consulta del Dr. Thies\" \/>\n<meta name=\"robots\" content=\"index, follow, max-snippet:-1, max-image-preview:large, max-video-preview:-1\" \/>\n<link rel=\"canonical\" href=\"https:\/\/www.zahnaerztin-thies.de\/es\/equipo-de-practicas\/dilan-satilmis\/\" \/>\n<meta property=\"og:locale\" content=\"es_ES\" \/>\n<meta property=\"og:type\" content=\"article\" \/>\n<meta property=\"og:title\" content=\"Dilan Satilmis - Responsable de Facturaci\u00f3n | Consulta Dr ThiesDilan Satilmis\" \/>\n<meta property=\"og:description\" content=\"Conoce a Dilan Satilmis - experimentado gestor de facturaci\u00f3n en la consulta del Dr. Thies\" \/>\n<meta property=\"og:url\" content=\"https:\/\/www.zahnaerztin-thies.de\/es\/equipo-de-practicas\/dilan-satilmis\/\" \/>\n<meta property=\"og:site_name\" content=\"Zahn\u00e4rztin Dr. Thies\" \/>\n<meta property=\"article:publisher\" content=\"https:\/\/www.facebook.com\/ZahnarztpraxisDrThies\/\" \/>\n<meta property=\"article:modified_time\" content=\"2026-03-23T18:17:20+00:00\" \/>\n<meta property=\"og:image\" content=\"https:\/\/www.zahnaerztin-thies.de\/wp-content\/uploads\/thies-og-3.jpg\" \/>\n\t<meta property=\"og:image:width\" content=\"1200\" \/>\n\t<meta property=\"og:image:height\" content=\"630\" \/>\n\t<meta property=\"og:image:type\" content=\"image\/jpeg\" \/>\n<script type=\"application\/ld+json\" class=\"yoast-schema-graph\">{\"@context\":\"https:\\\/\\\/schema.org\",\"@graph\":[{\"@type\":\"WebPage\",\"@id\":\"https:\\\/\\\/www.zahnaerztin-thies.de\\\/es\\\/equipo-de-practicas\\\/dilan-satilmis\\\/\",\"url\":\"https:\\\/\\\/www.zahnaerztin-thies.de\\\/es\\\/equipo-de-practicas\\\/dilan-satilmis\\\/\",\"name\":\"Dilan Satilmis - Responsable de Facturaci\u00f3n | Consulta Dr ThiesDilan Satilmis\",\"isPartOf\":{\"@id\":\"https:\\\/\\\/www.zahnaerztin-thies.de\\\/es\\\/#website\"},\"datePublished\":\"2024-10-07T11:22:31+00:00\",\"dateModified\":\"2026-03-23T18:17:20+00:00\",\"description\":\"Conoce a Dilan Satilmis - experimentado gestor de facturaci\u00f3n en la consulta del Dr. Thies\",\"breadcrumb\":{\"@id\":\"https:\\\/\\\/www.zahnaerztin-thies.de\\\/es\\\/equipo-de-practicas\\\/dilan-satilmis\\\/#breadcrumb\"},\"inLanguage\":\"es\",\"potentialAction\":[{\"@type\":\"ReadAction\",\"target\":[\"https:\\\/\\\/www.zahnaerztin-thies.de\\\/es\\\/equipo-de-practicas\\\/dilan-satilmis\\\/\"]}]},{\"@type\":\"BreadcrumbList\",\"@id\":\"https:\\\/\\\/www.zahnaerztin-thies.de\\\/es\\\/equipo-de-practicas\\\/dilan-satilmis\\\/#breadcrumb\",\"itemListElement\":[{\"@type\":\"ListItem\",\"position\":1,\"name\":\"Home\",\"item\":\"https:\\\/\\\/www.zahnaerztin-thies.de\\\/es\\\/\"},{\"@type\":\"ListItem\",\"position\":2,\"name\":\"Equipo de pr\u00e1cticas\",\"item\":\"https:\\\/\\\/www.zahnaerztin-thies.de\\\/es\\\/equipo-de-practicas\\\/\"},{\"@type\":\"ListItem\",\"position\":3,\"name\":\"Dilan Satilmis\"}]},{\"@type\":\"WebSite\",\"@id\":\"https:\\\/\\\/www.zahnaerztin-thies.de\\\/es\\\/#website\",\"url\":\"https:\\\/\\\/www.zahnaerztin-thies.de\\\/es\\\/\",\"name\":\"Zahn\u00e4rztin Dr. Thies\",\"description\":\"Zahnarztpraxis Bochum\",\"publisher\":{\"@id\":\"https:\\\/\\\/www.zahnaerztin-thies.de\\\/es\\\/#organization\"},\"potentialAction\":[{\"@type\":\"SearchAction\",\"target\":{\"@type\":\"EntryPoint\",\"urlTemplate\":\"https:\\\/\\\/www.zahnaerztin-thies.de\\\/es\\\/?s={search_term_string}\"},\"query-input\":{\"@type\":\"PropertyValueSpecification\",\"valueRequired\":true,\"valueName\":\"search_term_string\"}}],\"inLanguage\":\"es\"},{\"@type\":\"Organization\",\"@id\":\"https:\\\/\\\/www.zahnaerztin-thies.de\\\/es\\\/#organization\",\"name\":\"Zahn\u00e4rztin Dr. Thies\",\"url\":\"https:\\\/\\\/www.zahnaerztin-thies.de\\\/es\\\/\",\"logo\":{\"@type\":\"ImageObject\",\"inLanguage\":\"es\",\"@id\":\"https:\\\/\\\/www.zahnaerztin-thies.de\\\/es\\\/#\\\/schema\\\/logo\\\/image\\\/\",\"url\":\"https:\\\/\\\/www.zahnaerztin-thies.de\\\/wp-content\\\/uploads\\\/Thies-Logo695.jpg\",\"contentUrl\":\"https:\\\/\\\/www.zahnaerztin-thies.de\\\/wp-content\\\/uploads\\\/Thies-Logo695.jpg\",\"width\":695,\"height\":695,\"caption\":\"Zahn\u00e4rztin Dr. Thies\"},\"image\":{\"@id\":\"https:\\\/\\\/www.zahnaerztin-thies.de\\\/es\\\/#\\\/schema\\\/logo\\\/image\\\/\"},\"sameAs\":[\"https:\\\/\\\/www.facebook.com\\\/ZahnarztpraxisDrThies\\\/\",\"https:\\\/\\\/www.youtube.com\\\/channel\\\/UCs1IcvkvQXT0nXMn9fLo2NQ\",\"https:\\\/\\\/www.instagram.com\\\/explore\\\/locations\\\/1031576357\\\/zahnarztpraxis-dr-alexandra-thies\\\/\"]}]}<\/script>\n<!-- \/ Yoast SEO plugin. -->","yoast_head_json":{"title":"Dilan Satilmis - Responsable de Facturaci\u00f3n | Consulta Dr ThiesDilan Satilmis","description":"Conoce a Dilan Satilmis - experimentado gestor de facturaci\u00f3n en la consulta del Dr. Thies","robots":{"index":"index","follow":"follow","max-snippet":"max-snippet:-1","max-image-preview":"max-image-preview:large","max-video-preview":"max-video-preview:-1"},"canonical":"https:\/\/www.zahnaerztin-thies.de\/es\/equipo-de-practicas\/dilan-satilmis\/","og_locale":"es_ES","og_type":"article","og_title":"Dilan Satilmis - Responsable de Facturaci\u00f3n | Consulta Dr ThiesDilan Satilmis","og_description":"Conoce a Dilan Satilmis - experimentado gestor de facturaci\u00f3n en la consulta del Dr. Thies","og_url":"https:\/\/www.zahnaerztin-thies.de\/es\/equipo-de-practicas\/dilan-satilmis\/","og_site_name":"Zahn\u00e4rztin Dr. Thies","article_publisher":"https:\/\/www.facebook.com\/ZahnarztpraxisDrThies\/","article_modified_time":"2026-03-23T18:17:20+00:00","og_image":[{"width":1200,"height":630,"url":"https:\/\/www.zahnaerztin-thies.de\/wp-content\/uploads\/thies-og-3.jpg","type":"image\/jpeg"}],"schema":{"@context":"https:\/\/schema.org","@graph":[{"@type":"WebPage","@id":"https:\/\/www.zahnaerztin-thies.de\/es\/equipo-de-practicas\/dilan-satilmis\/","url":"https:\/\/www.zahnaerztin-thies.de\/es\/equipo-de-practicas\/dilan-satilmis\/","name":"Dilan Satilmis - Responsable de Facturaci\u00f3n | Consulta Dr ThiesDilan Satilmis","isPartOf":{"@id":"https:\/\/www.zahnaerztin-thies.de\/es\/#website"},"datePublished":"2024-10-07T11:22:31+00:00","dateModified":"2026-03-23T18:17:20+00:00","description":"Conoce a Dilan Satilmis - experimentado gestor de facturaci\u00f3n en la consulta del Dr. Thies","breadcrumb":{"@id":"https:\/\/www.zahnaerztin-thies.de\/es\/equipo-de-practicas\/dilan-satilmis\/#breadcrumb"},"inLanguage":"es","potentialAction":[{"@type":"ReadAction","target":["https:\/\/www.zahnaerztin-thies.de\/es\/equipo-de-practicas\/dilan-satilmis\/"]}]},{"@type":"BreadcrumbList","@id":"https:\/\/www.zahnaerztin-thies.de\/es\/equipo-de-practicas\/dilan-satilmis\/#breadcrumb","itemListElement":[{"@type":"ListItem","position":1,"name":"Home","item":"https:\/\/www.zahnaerztin-thies.de\/es\/"},{"@type":"ListItem","position":2,"name":"Equipo de pr\u00e1cticas","item":"https:\/\/www.zahnaerztin-thies.de\/es\/equipo-de-practicas\/"},{"@type":"ListItem","position":3,"name":"Dilan Satilmis"}]},{"@type":"WebSite","@id":"https:\/\/www.zahnaerztin-thies.de\/es\/#website","url":"https:\/\/www.zahnaerztin-thies.de\/es\/","name":"Zahn\u00e4rztin Dr. Thies","description":"Zahnarztpraxis Bochum","publisher":{"@id":"https:\/\/www.zahnaerztin-thies.de\/es\/#organization"},"potentialAction":[{"@type":"SearchAction","target":{"@type":"EntryPoint","urlTemplate":"https:\/\/www.zahnaerztin-thies.de\/es\/?s={search_term_string}"},"query-input":{"@type":"PropertyValueSpecification","valueRequired":true,"valueName":"search_term_string"}}],"inLanguage":"es"},{"@type":"Organization","@id":"https:\/\/www.zahnaerztin-thies.de\/es\/#organization","name":"Zahn\u00e4rztin Dr. Thies","url":"https:\/\/www.zahnaerztin-thies.de\/es\/","logo":{"@type":"ImageObject","inLanguage":"es","@id":"https:\/\/www.zahnaerztin-thies.de\/es\/#\/schema\/logo\/image\/","url":"https:\/\/www.zahnaerztin-thies.de\/wp-content\/uploads\/Thies-Logo695.jpg","contentUrl":"https:\/\/www.zahnaerztin-thies.de\/wp-content\/uploads\/Thies-Logo695.jpg","width":695,"height":695,"caption":"Zahn\u00e4rztin Dr. Thies"},"image":{"@id":"https:\/\/www.zahnaerztin-thies.de\/es\/#\/schema\/logo\/image\/"},"sameAs":["https:\/\/www.facebook.com\/ZahnarztpraxisDrThies\/","https:\/\/www.youtube.com\/channel\/UCs1IcvkvQXT0nXMn9fLo2NQ","https:\/\/www.instagram.com\/explore\/locations\/1031576357\/zahnarztpraxis-dr-alexandra-thies\/"]}]}},"_links":{"self":[{"href":"https:\/\/www.zahnaerztin-thies.de\/es\/wp-json\/wp\/v2\/pages\/16632","targetHints":{"allow":["GET"]}}],"collection":[{"href":"https:\/\/www.zahnaerztin-thies.de\/es\/wp-json\/wp\/v2\/pages"}],"about":[{"href":"https:\/\/www.zahnaerztin-thies.de\/es\/wp-json\/wp\/v2\/types\/page"}],"author":[{"embeddable":true,"href":"https:\/\/www.zahnaerztin-thies.de\/es\/wp-json\/wp\/v2\/users\/21"}],"replies":[{"embeddable":true,"href":"https:\/\/www.zahnaerztin-thies.de\/es\/wp-json\/wp\/v2\/comments?post=16632"}],"version-history":[{"count":13,"href":"https:\/\/www.zahnaerztin-thies.de\/es\/wp-json\/wp\/v2\/pages\/16632\/revisions"}],"predecessor-version":[{"id":19943,"href":"https:\/\/www.zahnaerztin-thies.de\/es\/wp-json\/wp\/v2\/pages\/16632\/revisions\/19943"}],"up":[{"embeddable":true,"href":"https:\/\/www.zahnaerztin-thies.de\/es\/wp-json\/wp\/v2\/pages\/16406"}],"wp:attachment":[{"href":"https:\/\/www.zahnaerztin-thies.de\/es\/wp-json\/wp\/v2\/media?parent=16632"}],"curies":[{"name":"wp","href":"https:\/\/api.w.org\/{rel}","templated":true}]}}