{"id":16788,"date":"2024-11-18T21:53:01","date_gmt":"2024-11-18T21:53:01","guid":{"rendered":"https:\/\/www.zahnaerztin-thies.de\/servicios\/implantes\/"},"modified":"2026-03-19T11:45:16","modified_gmt":"2026-03-19T11:45:16","slug":"implantes","status":"publish","type":"page","link":"https:\/\/www.zahnaerztin-thies.de\/es\/servicios\/implantes\/","title":{"rendered":"Implantes"},"content":{"rendered":"<div class=\"fusion-fullwidth fullwidth-box fusion-builder-row-1 fusion-flex-container has-pattern-background has-mask-background nonhundred-percent-fullwidth non-hundred-percent-height-scrolling fusion-animated\" style=\"--awb-border-radius-top-left:0px;--awb-border-radius-top-right:0px;--awb-border-radius-bottom-right:0px;--awb-border-radius-bottom-left:0px;--awb-flex-wrap:wrap;\" data-animationType=\"fadeInUp\" data-animationDuration=\"1.5\" data-animationOffset=\"top-into-view\" ><div class=\"fusion-builder-row fusion-row fusion-flex-align-items-flex-start fusion-flex-content-wrap\" style=\"max-width:1456px;margin-left: calc(-4% \/ 2 );margin-right: calc(-4% \/ 2 );\"><div class=\"fusion-layout-column fusion_builder_column fusion-builder-column-0 fusion_builder_column_3_4 3_4 fusion-flex-column\" style=\"--awb-bg-size:cover;--awb-width-large:75%;--awb-margin-top-large:0px;--awb-spacing-right-large:2.56%;--awb-margin-bottom-large:20px;--awb-spacing-left-large:2.56%;--awb-width-medium:75%;--awb-order-medium:0;--awb-spacing-right-medium:2.56%;--awb-spacing-left-medium:2.56%;--awb-width-small:100%;--awb-order-small:0;--awb-spacing-right-small:1.92%;--awb-spacing-left-small:1.92%;\"><div class=\"fusion-column-wrapper fusion-column-has-shadow fusion-flex-justify-content-flex-start fusion-content-layout-column\"><div class=\"fusion-title title fusion-title-1 fusion-sep-none fusion-title-text fusion-title-size-one\" style=\"--awb-margin-top-small:10px;--awb-margin-right-small:0px;--awb-margin-bottom-small:10px;--awb-margin-left-small:0px;\"><h1 class=\"fusion-title-heading title-heading-left\" style=\"margin:0;\">Implantes<\/h1><\/div><div class=\"fusion-text fusion-text-1\"><p>Los implantes dentales pueden utilizarse para sustituir dientes perdidos. Los implantes dentales est\u00e1n hechos de titanio y parecen peque\u00f1os tornillos. Se insertan en el hueso maxilar en una operaci\u00f3n menor. En algunos casos es necesario fortalecer el hueso antes o durante la operaci\u00f3n. En un plazo de 3 a 6 meses, el implante se une al hueso y es absorbido como propio por el organismo. Durante este tiempo queda cubierto por las propias enc\u00edas del paciente. Tras la fase de cicatrizaci\u00f3n, se puede hacer una pr\u00f3tesis sobre el implante.      <\/p>\n<p class=\"rtejustify\">Sobre los implantes dentales no puede formarse caries, s\u00f3lo inflamaci\u00f3n de las enc\u00edas. El factor decisivo aqu\u00ed es la higiene bucal en casa. Los fracasos se producen si la enfermedad de las enc\u00edas avanza mucho o si los implantes se cargan demasiado pronto.  <\/p>\n<p class=\"rtejustify\">Se pueden fijar coronas individuales, puentes o incluso dentaduras postizas sobre implantes. La ventaja de las coronas y puentes sobre implantes es que no hay que tallar los dientes vecinos. Adem\u00e1s, normalmente los implantes pueden utilizarse para crear pr\u00f3tesis fijas, lo que a veces no es posible cuando se anclan a los dientes restantes. Si las pr\u00f3tesis se fijan a implantes, siguen siendo removibles, pero son mucho m\u00e1s estables que las pr\u00f3tesis normales.   <\/p>\n<\/div><\/div><\/div><\/div><\/div>\n","protected":false},"excerpt":{"rendered":"","protected":false},"author":21,"featured_media":0,"parent":16462,"menu_order":0,"comment_status":"closed","ping_status":"closed","template":"100-width.php","meta":{"footnotes":""},"class_list":["post-16788","page","type-page","status-publish","hentry"],"yoast_head":"<!-- This site is optimized with the Yoast SEO plugin v27.4 - https:\/\/yoast.com\/product\/yoast-seo-wordpress\/ -->\n<title>Implantes dentales: Dentaduras fijas sin tallar los dientes vecinos<\/title>\n<meta name=\"description\" content=\"Los implantes dentales sustituyen los dientes perdidos de forma segura y durante mucho tiempo. Sujeci\u00f3n firme, sensaci\u00f3n natural y sin tensi\u00f3n en los dientes vecinos.\" \/>\n<meta name=\"robots\" content=\"index, follow, max-snippet:-1, max-image-preview:large, max-video-preview:-1\" \/>\n<link rel=\"canonical\" href=\"https:\/\/www.zahnaerztin-thies.de\/es\/servicios\/implantes\/\" \/>\n<meta property=\"og:locale\" content=\"es_ES\" \/>\n<meta property=\"og:type\" content=\"article\" \/>\n<meta property=\"og:title\" content=\"Implantes dentales: Dentaduras fijas sin tallar los dientes vecinos\" \/>\n<meta property=\"og:description\" content=\"Los implantes dentales sustituyen los dientes perdidos de forma segura y durante mucho tiempo. Sujeci\u00f3n firme, sensaci\u00f3n natural y sin tensi\u00f3n en los dientes vecinos.\" \/>\n<meta property=\"og:url\" content=\"https:\/\/www.zahnaerztin-thies.de\/es\/servicios\/implantes\/\" \/>\n<meta property=\"og:site_name\" content=\"Zahn\u00e4rztin Dr. Thies\" \/>\n<meta property=\"article:publisher\" content=\"https:\/\/www.facebook.com\/ZahnarztpraxisDrThies\/\" \/>\n<meta property=\"article:modified_time\" content=\"2026-03-19T11:45:16+00:00\" \/>\n<meta property=\"og:image\" content=\"https:\/\/www.zahnaerztin-thies.de\/wp-content\/uploads\/thies-og-3.jpg\" \/>\n\t<meta property=\"og:image:width\" content=\"1200\" \/>\n\t<meta property=\"og:image:height\" content=\"630\" \/>\n\t<meta property=\"og:image:type\" content=\"image\/jpeg\" \/>\n<script type=\"application\/ld+json\" class=\"yoast-schema-graph\">{\"@context\":\"https:\\\/\\\/schema.org\",\"@graph\":[{\"@type\":\"WebPage\",\"@id\":\"https:\\\/\\\/www.zahnaerztin-thies.de\\\/es\\\/servicios\\\/implantes\\\/\",\"url\":\"https:\\\/\\\/www.zahnaerztin-thies.de\\\/es\\\/servicios\\\/implantes\\\/\",\"name\":\"Implantes dentales: Dentaduras fijas sin tallar los dientes vecinos\",\"isPartOf\":{\"@id\":\"https:\\\/\\\/www.zahnaerztin-thies.de\\\/es\\\/#website\"},\"datePublished\":\"2024-11-18T21:53:01+00:00\",\"dateModified\":\"2026-03-19T11:45:16+00:00\",\"description\":\"Los implantes dentales sustituyen los dientes perdidos de forma segura y durante mucho tiempo. Sujeci\u00f3n firme, sensaci\u00f3n natural y sin tensi\u00f3n en los dientes vecinos.\",\"breadcrumb\":{\"@id\":\"https:\\\/\\\/www.zahnaerztin-thies.de\\\/es\\\/servicios\\\/implantes\\\/#breadcrumb\"},\"inLanguage\":\"es\",\"potentialAction\":[{\"@type\":\"ReadAction\",\"target\":[\"https:\\\/\\\/www.zahnaerztin-thies.de\\\/es\\\/servicios\\\/implantes\\\/\"]}]},{\"@type\":\"BreadcrumbList\",\"@id\":\"https:\\\/\\\/www.zahnaerztin-thies.de\\\/es\\\/servicios\\\/implantes\\\/#breadcrumb\",\"itemListElement\":[{\"@type\":\"ListItem\",\"position\":1,\"name\":\"Home\",\"item\":\"https:\\\/\\\/www.zahnaerztin-thies.de\\\/es\\\/\"},{\"@type\":\"ListItem\",\"position\":2,\"name\":\"Servicios\",\"item\":\"https:\\\/\\\/www.zahnaerztin-thies.de\\\/es\\\/servicios\\\/\"},{\"@type\":\"ListItem\",\"position\":3,\"name\":\"Implantes\"}]},{\"@type\":\"WebSite\",\"@id\":\"https:\\\/\\\/www.zahnaerztin-thies.de\\\/es\\\/#website\",\"url\":\"https:\\\/\\\/www.zahnaerztin-thies.de\\\/es\\\/\",\"name\":\"Zahn\u00e4rztin Dr. Thies\",\"description\":\"Zahnarztpraxis Bochum\",\"publisher\":{\"@id\":\"https:\\\/\\\/www.zahnaerztin-thies.de\\\/es\\\/#organization\"},\"potentialAction\":[{\"@type\":\"SearchAction\",\"target\":{\"@type\":\"EntryPoint\",\"urlTemplate\":\"https:\\\/\\\/www.zahnaerztin-thies.de\\\/es\\\/?s={search_term_string}\"},\"query-input\":{\"@type\":\"PropertyValueSpecification\",\"valueRequired\":true,\"valueName\":\"search_term_string\"}}],\"inLanguage\":\"es\"},{\"@type\":\"Organization\",\"@id\":\"https:\\\/\\\/www.zahnaerztin-thies.de\\\/es\\\/#organization\",\"name\":\"Zahn\u00e4rztin Dr. Thies\",\"url\":\"https:\\\/\\\/www.zahnaerztin-thies.de\\\/es\\\/\",\"logo\":{\"@type\":\"ImageObject\",\"inLanguage\":\"es\",\"@id\":\"https:\\\/\\\/www.zahnaerztin-thies.de\\\/es\\\/#\\\/schema\\\/logo\\\/image\\\/\",\"url\":\"https:\\\/\\\/www.zahnaerztin-thies.de\\\/wp-content\\\/uploads\\\/Thies-Logo695.jpg\",\"contentUrl\":\"https:\\\/\\\/www.zahnaerztin-thies.de\\\/wp-content\\\/uploads\\\/Thies-Logo695.jpg\",\"width\":695,\"height\":695,\"caption\":\"Zahn\u00e4rztin Dr. Thies\"},\"image\":{\"@id\":\"https:\\\/\\\/www.zahnaerztin-thies.de\\\/es\\\/#\\\/schema\\\/logo\\\/image\\\/\"},\"sameAs\":[\"https:\\\/\\\/www.facebook.com\\\/ZahnarztpraxisDrThies\\\/\",\"https:\\\/\\\/www.youtube.com\\\/channel\\\/UCs1IcvkvQXT0nXMn9fLo2NQ\",\"https:\\\/\\\/www.instagram.com\\\/explore\\\/locations\\\/1031576357\\\/zahnarztpraxis-dr-alexandra-thies\\\/\"]}]}<\/script>\n<!-- \/ Yoast SEO plugin. -->","yoast_head_json":{"title":"Implantes dentales: Dentaduras fijas sin tallar los dientes vecinos","description":"Los implantes dentales sustituyen los dientes perdidos de forma segura y durante mucho tiempo. Sujeci\u00f3n firme, sensaci\u00f3n natural y sin tensi\u00f3n en los dientes vecinos.","robots":{"index":"index","follow":"follow","max-snippet":"max-snippet:-1","max-image-preview":"max-image-preview:large","max-video-preview":"max-video-preview:-1"},"canonical":"https:\/\/www.zahnaerztin-thies.de\/es\/servicios\/implantes\/","og_locale":"es_ES","og_type":"article","og_title":"Implantes dentales: Dentaduras fijas sin tallar los dientes vecinos","og_description":"Los implantes dentales sustituyen los dientes perdidos de forma segura y durante mucho tiempo. Sujeci\u00f3n firme, sensaci\u00f3n natural y sin tensi\u00f3n en los dientes vecinos.","og_url":"https:\/\/www.zahnaerztin-thies.de\/es\/servicios\/implantes\/","og_site_name":"Zahn\u00e4rztin Dr. Thies","article_publisher":"https:\/\/www.facebook.com\/ZahnarztpraxisDrThies\/","article_modified_time":"2026-03-19T11:45:16+00:00","og_image":[{"width":1200,"height":630,"url":"https:\/\/www.zahnaerztin-thies.de\/wp-content\/uploads\/thies-og-3.jpg","type":"image\/jpeg"}],"schema":{"@context":"https:\/\/schema.org","@graph":[{"@type":"WebPage","@id":"https:\/\/www.zahnaerztin-thies.de\/es\/servicios\/implantes\/","url":"https:\/\/www.zahnaerztin-thies.de\/es\/servicios\/implantes\/","name":"Implantes dentales: Dentaduras fijas sin tallar los dientes vecinos","isPartOf":{"@id":"https:\/\/www.zahnaerztin-thies.de\/es\/#website"},"datePublished":"2024-11-18T21:53:01+00:00","dateModified":"2026-03-19T11:45:16+00:00","description":"Los implantes dentales sustituyen los dientes perdidos de forma segura y durante mucho tiempo. Sujeci\u00f3n firme, sensaci\u00f3n natural y sin tensi\u00f3n en los dientes vecinos.","breadcrumb":{"@id":"https:\/\/www.zahnaerztin-thies.de\/es\/servicios\/implantes\/#breadcrumb"},"inLanguage":"es","potentialAction":[{"@type":"ReadAction","target":["https:\/\/www.zahnaerztin-thies.de\/es\/servicios\/implantes\/"]}]},{"@type":"BreadcrumbList","@id":"https:\/\/www.zahnaerztin-thies.de\/es\/servicios\/implantes\/#breadcrumb","itemListElement":[{"@type":"ListItem","position":1,"name":"Home","item":"https:\/\/www.zahnaerztin-thies.de\/es\/"},{"@type":"ListItem","position":2,"name":"Servicios","item":"https:\/\/www.zahnaerztin-thies.de\/es\/servicios\/"},{"@type":"ListItem","position":3,"name":"Implantes"}]},{"@type":"WebSite","@id":"https:\/\/www.zahnaerztin-thies.de\/es\/#website","url":"https:\/\/www.zahnaerztin-thies.de\/es\/","name":"Zahn\u00e4rztin Dr. Thies","description":"Zahnarztpraxis Bochum","publisher":{"@id":"https:\/\/www.zahnaerztin-thies.de\/es\/#organization"},"potentialAction":[{"@type":"SearchAction","target":{"@type":"EntryPoint","urlTemplate":"https:\/\/www.zahnaerztin-thies.de\/es\/?s={search_term_string}"},"query-input":{"@type":"PropertyValueSpecification","valueRequired":true,"valueName":"search_term_string"}}],"inLanguage":"es"},{"@type":"Organization","@id":"https:\/\/www.zahnaerztin-thies.de\/es\/#organization","name":"Zahn\u00e4rztin Dr. Thies","url":"https:\/\/www.zahnaerztin-thies.de\/es\/","logo":{"@type":"ImageObject","inLanguage":"es","@id":"https:\/\/www.zahnaerztin-thies.de\/es\/#\/schema\/logo\/image\/","url":"https:\/\/www.zahnaerztin-thies.de\/wp-content\/uploads\/Thies-Logo695.jpg","contentUrl":"https:\/\/www.zahnaerztin-thies.de\/wp-content\/uploads\/Thies-Logo695.jpg","width":695,"height":695,"caption":"Zahn\u00e4rztin Dr. Thies"},"image":{"@id":"https:\/\/www.zahnaerztin-thies.de\/es\/#\/schema\/logo\/image\/"},"sameAs":["https:\/\/www.facebook.com\/ZahnarztpraxisDrThies\/","https:\/\/www.youtube.com\/channel\/UCs1IcvkvQXT0nXMn9fLo2NQ","https:\/\/www.instagram.com\/explore\/locations\/1031576357\/zahnarztpraxis-dr-alexandra-thies\/"]}]}},"_links":{"self":[{"href":"https:\/\/www.zahnaerztin-thies.de\/es\/wp-json\/wp\/v2\/pages\/16788","targetHints":{"allow":["GET"]}}],"collection":[{"href":"https:\/\/www.zahnaerztin-thies.de\/es\/wp-json\/wp\/v2\/pages"}],"about":[{"href":"https:\/\/www.zahnaerztin-thies.de\/es\/wp-json\/wp\/v2\/types\/page"}],"author":[{"embeddable":true,"href":"https:\/\/www.zahnaerztin-thies.de\/es\/wp-json\/wp\/v2\/users\/21"}],"replies":[{"embeddable":true,"href":"https:\/\/www.zahnaerztin-thies.de\/es\/wp-json\/wp\/v2\/comments?post=16788"}],"version-history":[{"count":3,"href":"https:\/\/www.zahnaerztin-thies.de\/es\/wp-json\/wp\/v2\/pages\/16788\/revisions"}],"predecessor-version":[{"id":19530,"href":"https:\/\/www.zahnaerztin-thies.de\/es\/wp-json\/wp\/v2\/pages\/16788\/revisions\/19530"}],"up":[{"embeddable":true,"href":"https:\/\/www.zahnaerztin-thies.de\/es\/wp-json\/wp\/v2\/pages\/16462"}],"wp:attachment":[{"href":"https:\/\/www.zahnaerztin-thies.de\/es\/wp-json\/wp\/v2\/media?parent=16788"}],"curies":[{"name":"wp","href":"https:\/\/api.w.org\/{rel}","templated":true}]}}