{"id":16857,"date":"2024-11-18T21:34:42","date_gmt":"2024-11-18T21:34:42","guid":{"rendered":"https:\/\/www.zahnaerztin-thies.de\/servicios\/tratamiento-de-la-periodontitis\/"},"modified":"2026-03-23T10:49:40","modified_gmt":"2026-03-23T10:49:40","slug":"tratamiento-de-la-periodontitis","status":"publish","type":"page","link":"https:\/\/www.zahnaerztin-thies.de\/es\/servicios\/tratamiento-de-la-periodontitis\/","title":{"rendered":"Tratamiento de la periodontitis"},"content":{"rendered":"<p><div class=\"fusion-fullwidth fullwidth-box fusion-builder-row-1 fusion-flex-container has-pattern-background has-mask-background nonhundred-percent-fullwidth non-hundred-percent-height-scrolling fusion-animated\" style=\"--awb-border-radius-top-left:0px;--awb-border-radius-top-right:0px;--awb-border-radius-bottom-right:0px;--awb-border-radius-bottom-left:0px;--awb-flex-wrap:wrap;\" data-animationType=\"fadeInUp\" data-animationDuration=\"1.5\" data-animationOffset=\"top-into-view\" ><div class=\"fusion-builder-row fusion-row fusion-flex-align-items-flex-start fusion-flex-content-wrap\" style=\"max-width:1456px;margin-left: calc(-4% \/ 2 );margin-right: calc(-4% \/ 2 );\"><div class=\"fusion-layout-column fusion_builder_column fusion-builder-column-0 fusion_builder_column_1_2 1_2 fusion-flex-column\" style=\"--awb-bg-size:cover;--awb-width-large:50%;--awb-margin-top-large:0px;--awb-spacing-right-large:3.84%;--awb-margin-bottom-large:20px;--awb-spacing-left-large:3.84%;--awb-width-medium:75%;--awb-order-medium:0;--awb-spacing-right-medium:2.56%;--awb-spacing-left-medium:2.56%;--awb-width-small:100%;--awb-order-small:0;--awb-spacing-right-small:1.92%;--awb-spacing-left-small:1.92%;\"><div class=\"fusion-column-wrapper fusion-column-has-shadow fusion-flex-justify-content-flex-start fusion-content-layout-column\"><div class=\"fusion-title title fusion-title-1 fusion-sep-none fusion-title-text fusion-title-size-one\" style=\"--awb-margin-top-small:10px;--awb-margin-right-small:0px;--awb-margin-bottom-small:10px;--awb-margin-left-small:0px;\"><h1 class=\"fusion-title-heading title-heading-left\" style=\"margin:0;\">Tratamiento de la periodontitis<\/h1><\/div><div class=\"fusion-text fusion-text-1\"><h3><strong>\u00bfCu\u00e1ndo hablamos de \u00abperiodontitis\u00bb?<\/strong><\/h3>\n<p class=\"rtejustify\">La periodontitis es una enfermedad inflamatoria del tejido que rodea los dientes, el llamado periodonto. A partir de los 45 a\u00f1os, la periodontitis es la causa m\u00e1s frecuente de p\u00e9rdida de dientes. La aparici\u00f3n de la periodontitis es inicialmente indolora para la persona afectada, pero suele ir asociada a una mayor tendencia al sangrado, inflamaci\u00f3n de las enc\u00edas y mal aliento. Pueden desarrollarse bolsas en las enc\u00edas de forma inadvertida, debido a la descomposici\u00f3n del hueso maxilar. El resultado es una p\u00e9rdida de anclaje del diente, que puede llevar al aflojamiento del diente y, m\u00e1s tarde, a su p\u00e9rdida. En muchos casos, el proceso s\u00f3lo progresa lentamente (progresi\u00f3n cr\u00f3nica), pero en algunos casos se produce una r\u00e1pida progresi\u00f3n de la p\u00e9rdida de tejido (progresi\u00f3n agresiva) incluso a una edad temprana. La periodontitis no tratada tambi\u00e9n se considera un factor de riesgo para la salud -sobre todo para la diabetes y las enfermedades cardiovasculares- y puede provocar partos prematuros.      <\/p>\n<p class=\"rtejustify\">En el proceso de destrucci\u00f3n periodontal intervienen bacterias especiales de las bolsas de las enc\u00edas. Se consideran desencadenantes de la inflamaci\u00f3n, pero los mecanismos de defensa individuales tambi\u00e9n determinan el curso de la enfermedad. Los fumadores tienen un riesgo especialmente alto de desarrollar periodontitis.  <\/p>\n<\/div><\/div><\/div><div class=\"fusion-layout-column fusion_builder_column fusion-builder-column-1 fusion_builder_column_1_2 1_2 fusion-flex-column\" style=\"--awb-bg-size:cover;--awb-width-large:50%;--awb-margin-top-large:80px;--awb-spacing-right-large:3.84%;--awb-margin-bottom-large:20px;--awb-spacing-left-large:3.84%;--awb-width-medium:75%;--awb-order-medium:0;--awb-spacing-right-medium:2.56%;--awb-spacing-left-medium:2.56%;--awb-width-small:100%;--awb-order-small:0;--awb-spacing-right-small:1.92%;--awb-spacing-left-small:1.92%;\"><div class=\"fusion-column-wrapper fusion-column-has-shadow fusion-flex-justify-content-flex-start fusion-content-layout-column\"><div class=\"fusion-image-element \" style=\"--awb-caption-title-font-family:var(--h2_typography-font-family);--awb-caption-title-font-weight:var(--h2_typography-font-weight);--awb-caption-title-font-style:var(--h2_typography-font-style);--awb-caption-title-size:var(--h2_typography-font-size);--awb-caption-title-transform:var(--h2_typography-text-transform);--awb-caption-title-line-height:var(--h2_typography-line-height);--awb-caption-title-letter-spacing:var(--h2_typography-letter-spacing);\"><span class=\" fusion-imageframe imageframe-none imageframe-1 hover-type-none\" style=\"border-radius:15px;\"><img decoding=\"async\" width=\"800\" height=\"600\" alt=\"Gr\u00e1fico de una periodontitis como imagen de contenido\" title=\"Periodontitis-800\" src=\"https:\/\/www.zahnaerztin-thies.de\/wp-content\/uploads\/Paradontitis-800.jpg\" data-orig-src=\"https:\/\/www.zahnaerztin-thies.de\/wp-content\/uploads\/Paradontitis-800.jpg\" class=\"lazyload img-responsive wp-image-19613\" srcset=\"data:image\/svg+xml,%3Csvg%20xmlns%3D%27http%3A%2F%2Fwww.w3.org%2F2000%2Fsvg%27%20width%3D%27800%27%20height%3D%27600%27%20viewBox%3D%270%200%20800%20600%27%3E%3Crect%20width%3D%27800%27%20height%3D%27600%27%20fill-opacity%3D%220%22%2F%3E%3C%2Fsvg%3E\" data-srcset=\"https:\/\/www.zahnaerztin-thies.de\/wp-content\/uploads\/Paradontitis-800-200x150.jpg 200w, https:\/\/www.zahnaerztin-thies.de\/wp-content\/uploads\/Paradontitis-800-400x300.jpg 400w, https:\/\/www.zahnaerztin-thies.de\/wp-content\/uploads\/Paradontitis-800-600x450.jpg 600w, https:\/\/www.zahnaerztin-thies.de\/wp-content\/uploads\/Paradontitis-800.jpg 800w\" data-sizes=\"auto\" data-orig-sizes=\"(max-width: 640px) 100vw, 800px\" \/><\/span><\/div><\/div><\/div><\/div><\/div><div class=\"fusion-fullwidth fullwidth-box fusion-builder-row-2 fusion-flex-container has-pattern-background has-mask-background nonhundred-percent-fullwidth non-hundred-percent-height-scrolling fusion-animated\" style=\"--awb-border-radius-top-left:0px;--awb-border-radius-top-right:0px;--awb-border-radius-bottom-right:0px;--awb-border-radius-bottom-left:0px;--awb-flex-wrap:wrap;\" data-animationType=\"fadeInUp\" data-animationDuration=\"1.5\" data-animationOffset=\"top-into-view\" ><div class=\"fusion-builder-row fusion-row fusion-flex-align-items-flex-start fusion-flex-content-wrap\" style=\"max-width:1456px;margin-left: calc(-4% \/ 2 );margin-right: calc(-4% \/ 2 );\"><div class=\"fusion-layout-column fusion_builder_column fusion-builder-column-2 fusion_builder_column_3_4 3_4 fusion-flex-column\" style=\"--awb-bg-size:cover;--awb-width-large:75%;--awb-margin-top-large:0px;--awb-spacing-right-large:2.56%;--awb-margin-bottom-large:20px;--awb-spacing-left-large:2.56%;--awb-width-medium:75%;--awb-order-medium:0;--awb-spacing-right-medium:2.56%;--awb-spacing-left-medium:2.56%;--awb-width-small:100%;--awb-order-small:0;--awb-spacing-right-small:1.92%;--awb-spacing-left-small:1.92%;\"><div class=\"fusion-column-wrapper fusion-column-has-shadow fusion-flex-justify-content-flex-start fusion-content-layout-column\"><div class=\"fusion-text fusion-text-2\"><h3><strong>S\u00edntomas de la periodontitis<\/strong><\/h3>\n<p>La periodontitis suele ser indolora al principio. Los siguientes signos pueden indicar una enfermedad del periodonto: <\/p>\n<ul>\n<li>Enc\u00edas sangrantes<\/li>\n<li>Inflamaci\u00f3n y enrojecimiento de las enc\u00edas<\/li>\n<li>Recesi\u00f3n de las enc\u00edas<\/li>\n<li>Mal aliento desagradable<\/li>\n<li>Drenaje de secreciones de las bolsas de las enc\u00edas<\/li>\n<li>Dientes flojos<\/li>\n<li>Cuellos de dientes sensibles<\/li>\n<\/ul>\n<h3><strong>\u00bfQu\u00e9 pasos del tratamiento son necesarios?<\/strong><\/h3>\n<p class=\"rtejustify\">La periodontitis puede detectarse f\u00e1cilmente durante una revisi\u00f3n dental con ayuda de la prueba de cribado periodontal (PSI). Para reconocer la gravedad y agresividad de la enfermedad, se realizan diversos ex\u00e1menes en la boca (por ejemplo, prueba de sangrado, estado periodontal), y tambi\u00e9n se analizan radiograf\u00edas. Las formas agresivas de la enfermedad pueden diagnosticarse mejor mediante la determinaci\u00f3n microbiol\u00f3gica adicional de las bacterias de la bolsa.  <\/p>\n<p class=\"rtejustify\">El tratamiento periodontal restaura el tejido que rodea la ra\u00edz del diente a un estado libre de inflamaci\u00f3n, frenando as\u00ed la descomposici\u00f3n progresiva del periodonto. El llamado pretratamiento con instrucciones detalladas de higiene bucal y limpieza profesional de los dientes suele reducir ya significativamente el grado de inflamaci\u00f3n de las enc\u00edas. La limpieza intensiva de las bolsas de las enc\u00edas bajo anestesia local con diversos instrumentos y dispositivos (tratamiento cerrado) es el siguiente paso del tratamiento y ya puede conseguir el resultado deseado si la profundidad de la bolsa es escasa.  <\/p>\n<p class=\"rtejustify\">Se requiere un procedimiento quir\u00fargico (tratamiento abierto) para dientes con periodontitis muy avanzada y bolsas profundas o para bolsas que muestran signos de inflamaci\u00f3n (hemorragia, secreci\u00f3n) a pesar de este tratamiento. Al aflojar el margen gingival, el tratamiento de la bolsa se realiza bajo visualizaci\u00f3n y se elimina el tejido enfermo. En algunos casos, puede ser necesario un tratamiento antibi\u00f3tico al mismo tiempo.  <\/p>\n<h3><strong>\u00bfC\u00f3mo se puede asegurar el resultado del tratamiento?<\/strong><\/h3>\n<p class=\"rtejustify\">La periodontitis es una enfermedad cr\u00f3nica que requiere cuidados de por vida. Es importante someterse a revisiones peri\u00f3dicas y mantener una higiene bucal \u00f3ptima en casa. Es especialmente importante el cuidado interdental con ayudas adecuadas.  <\/p>\n<p class=\"rtejustify\">El tratamiento de seguimiento regular (revisi\u00f3n) en la cl\u00ednica dental es igual de importante. Las zonas problem\u00e1ticas se identifican en una fase temprana y se realiza una limpieza dental profesional para estabilizar los resultados del tratamiento conseguido anteriormente. <\/p>\n<p class=\"rtejustify\">Seg\u00fan el riesgo de enfermedad, pueden ser necesarias de dos a cuatro citas al a\u00f1o para prevenir la reaparici\u00f3n de la enfermedad periodontal.<\/p>\n<\/div><\/div><\/div><\/div><\/div><\/p>\n","protected":false},"excerpt":{"rendered":"","protected":false},"author":21,"featured_media":0,"parent":16462,"menu_order":0,"comment_status":"closed","ping_status":"closed","template":"100-width.php","meta":{"footnotes":""},"class_list":["post-16857","page","type-page","status-publish","hentry"],"yoast_head":"<!-- This site is optimized with the Yoast SEO plugin v27.5 - https:\/\/yoast.com\/product\/yoast-seo-wordpress\/ -->\n<title>Tratamiento de la periodontitis: reconocer los s\u00edntomas y garantizar la conservaci\u00f3n de los dientes<\/title>\n<meta name=\"description\" content=\"Reconocer y tratar precozmente la periodontitis: s\u00edntomas, causas y tratamiento de un vistazo. Esto protege tus enc\u00edas y evita la p\u00e9rdida de dientes.\" \/>\n<meta name=\"robots\" content=\"index, follow, max-snippet:-1, max-image-preview:large, max-video-preview:-1\" \/>\n<link rel=\"canonical\" href=\"https:\/\/www.zahnaerztin-thies.de\/es\/servicios\/tratamiento-de-la-periodontitis\/\" \/>\n<meta property=\"og:locale\" content=\"es_ES\" \/>\n<meta property=\"og:type\" content=\"article\" \/>\n<meta property=\"og:title\" content=\"Tratamiento de la periodontitis: reconocer los s\u00edntomas y garantizar la conservaci\u00f3n de los dientes\" \/>\n<meta property=\"og:description\" content=\"Reconocer y tratar precozmente la periodontitis: s\u00edntomas, causas y tratamiento de un vistazo. Esto protege tus enc\u00edas y evita la p\u00e9rdida de dientes.\" \/>\n<meta property=\"og:url\" content=\"https:\/\/www.zahnaerztin-thies.de\/es\/servicios\/tratamiento-de-la-periodontitis\/\" \/>\n<meta property=\"og:site_name\" content=\"Zahn\u00e4rztin Dr. Thies\" \/>\n<meta property=\"article:publisher\" content=\"https:\/\/www.facebook.com\/ZahnarztpraxisDrThies\/\" \/>\n<meta property=\"article:modified_time\" content=\"2026-03-23T10:49:40+00:00\" \/>\n<meta property=\"og:image\" content=\"https:\/\/www.zahnaerztin-thies.de\/wp-content\/uploads\/thies-og-3.jpg\" \/>\n\t<meta property=\"og:image:width\" content=\"1200\" \/>\n\t<meta property=\"og:image:height\" content=\"630\" \/>\n\t<meta property=\"og:image:type\" content=\"image\/jpeg\" \/>\n<script type=\"application\/ld+json\" class=\"yoast-schema-graph\">{\"@context\":\"https:\\\/\\\/schema.org\",\"@graph\":[{\"@type\":\"WebPage\",\"@id\":\"https:\\\/\\\/www.zahnaerztin-thies.de\\\/es\\\/servicios\\\/tratamiento-de-la-periodontitis\\\/\",\"url\":\"https:\\\/\\\/www.zahnaerztin-thies.de\\\/es\\\/servicios\\\/tratamiento-de-la-periodontitis\\\/\",\"name\":\"Tratamiento de la periodontitis: reconocer los s\u00edntomas y garantizar la conservaci\u00f3n de los dientes\",\"isPartOf\":{\"@id\":\"https:\\\/\\\/www.zahnaerztin-thies.de\\\/es\\\/#website\"},\"datePublished\":\"2024-11-18T21:34:42+00:00\",\"dateModified\":\"2026-03-23T10:49:40+00:00\",\"description\":\"Reconocer y tratar precozmente la periodontitis: s\u00edntomas, causas y tratamiento de un vistazo. Esto protege tus enc\u00edas y evita la p\u00e9rdida de dientes.\",\"breadcrumb\":{\"@id\":\"https:\\\/\\\/www.zahnaerztin-thies.de\\\/es\\\/servicios\\\/tratamiento-de-la-periodontitis\\\/#breadcrumb\"},\"inLanguage\":\"es\",\"potentialAction\":[{\"@type\":\"ReadAction\",\"target\":[\"https:\\\/\\\/www.zahnaerztin-thies.de\\\/es\\\/servicios\\\/tratamiento-de-la-periodontitis\\\/\"]}]},{\"@type\":\"BreadcrumbList\",\"@id\":\"https:\\\/\\\/www.zahnaerztin-thies.de\\\/es\\\/servicios\\\/tratamiento-de-la-periodontitis\\\/#breadcrumb\",\"itemListElement\":[{\"@type\":\"ListItem\",\"position\":1,\"name\":\"Home\",\"item\":\"https:\\\/\\\/www.zahnaerztin-thies.de\\\/es\\\/\"},{\"@type\":\"ListItem\",\"position\":2,\"name\":\"Servicios\",\"item\":\"https:\\\/\\\/www.zahnaerztin-thies.de\\\/es\\\/servicios\\\/\"},{\"@type\":\"ListItem\",\"position\":3,\"name\":\"Tratamiento de la periodontitis\"}]},{\"@type\":\"WebSite\",\"@id\":\"https:\\\/\\\/www.zahnaerztin-thies.de\\\/es\\\/#website\",\"url\":\"https:\\\/\\\/www.zahnaerztin-thies.de\\\/es\\\/\",\"name\":\"Zahn\u00e4rztin Dr. Thies\",\"description\":\"Zahnarztpraxis Bochum\",\"publisher\":{\"@id\":\"https:\\\/\\\/www.zahnaerztin-thies.de\\\/es\\\/#organization\"},\"potentialAction\":[{\"@type\":\"SearchAction\",\"target\":{\"@type\":\"EntryPoint\",\"urlTemplate\":\"https:\\\/\\\/www.zahnaerztin-thies.de\\\/es\\\/?s={search_term_string}\"},\"query-input\":{\"@type\":\"PropertyValueSpecification\",\"valueRequired\":true,\"valueName\":\"search_term_string\"}}],\"inLanguage\":\"es\"},{\"@type\":\"Organization\",\"@id\":\"https:\\\/\\\/www.zahnaerztin-thies.de\\\/es\\\/#organization\",\"name\":\"Zahn\u00e4rztin Dr. Thies\",\"url\":\"https:\\\/\\\/www.zahnaerztin-thies.de\\\/es\\\/\",\"logo\":{\"@type\":\"ImageObject\",\"inLanguage\":\"es\",\"@id\":\"https:\\\/\\\/www.zahnaerztin-thies.de\\\/es\\\/#\\\/schema\\\/logo\\\/image\\\/\",\"url\":\"https:\\\/\\\/www.zahnaerztin-thies.de\\\/wp-content\\\/uploads\\\/Thies-Logo695.jpg\",\"contentUrl\":\"https:\\\/\\\/www.zahnaerztin-thies.de\\\/wp-content\\\/uploads\\\/Thies-Logo695.jpg\",\"width\":695,\"height\":695,\"caption\":\"Zahn\u00e4rztin Dr. Thies\"},\"image\":{\"@id\":\"https:\\\/\\\/www.zahnaerztin-thies.de\\\/es\\\/#\\\/schema\\\/logo\\\/image\\\/\"},\"sameAs\":[\"https:\\\/\\\/www.facebook.com\\\/ZahnarztpraxisDrThies\\\/\",\"https:\\\/\\\/www.youtube.com\\\/channel\\\/UCs1IcvkvQXT0nXMn9fLo2NQ\",\"https:\\\/\\\/www.instagram.com\\\/explore\\\/locations\\\/1031576357\\\/zahnarztpraxis-dr-alexandra-thies\\\/\"]}]}<\/script>\n<!-- \/ Yoast SEO plugin. -->","yoast_head_json":{"title":"Tratamiento de la periodontitis: reconocer los s\u00edntomas y garantizar la conservaci\u00f3n de los dientes","description":"Reconocer y tratar precozmente la periodontitis: s\u00edntomas, causas y tratamiento de un vistazo. Esto protege tus enc\u00edas y evita la p\u00e9rdida de dientes.","robots":{"index":"index","follow":"follow","max-snippet":"max-snippet:-1","max-image-preview":"max-image-preview:large","max-video-preview":"max-video-preview:-1"},"canonical":"https:\/\/www.zahnaerztin-thies.de\/es\/servicios\/tratamiento-de-la-periodontitis\/","og_locale":"es_ES","og_type":"article","og_title":"Tratamiento de la periodontitis: reconocer los s\u00edntomas y garantizar la conservaci\u00f3n de los dientes","og_description":"Reconocer y tratar precozmente la periodontitis: s\u00edntomas, causas y tratamiento de un vistazo. Esto protege tus enc\u00edas y evita la p\u00e9rdida de dientes.","og_url":"https:\/\/www.zahnaerztin-thies.de\/es\/servicios\/tratamiento-de-la-periodontitis\/","og_site_name":"Zahn\u00e4rztin Dr. Thies","article_publisher":"https:\/\/www.facebook.com\/ZahnarztpraxisDrThies\/","article_modified_time":"2026-03-23T10:49:40+00:00","og_image":[{"width":1200,"height":630,"url":"https:\/\/www.zahnaerztin-thies.de\/wp-content\/uploads\/thies-og-3.jpg","type":"image\/jpeg"}],"schema":{"@context":"https:\/\/schema.org","@graph":[{"@type":"WebPage","@id":"https:\/\/www.zahnaerztin-thies.de\/es\/servicios\/tratamiento-de-la-periodontitis\/","url":"https:\/\/www.zahnaerztin-thies.de\/es\/servicios\/tratamiento-de-la-periodontitis\/","name":"Tratamiento de la periodontitis: reconocer los s\u00edntomas y garantizar la conservaci\u00f3n de los dientes","isPartOf":{"@id":"https:\/\/www.zahnaerztin-thies.de\/es\/#website"},"datePublished":"2024-11-18T21:34:42+00:00","dateModified":"2026-03-23T10:49:40+00:00","description":"Reconocer y tratar precozmente la periodontitis: s\u00edntomas, causas y tratamiento de un vistazo. Esto protege tus enc\u00edas y evita la p\u00e9rdida de dientes.","breadcrumb":{"@id":"https:\/\/www.zahnaerztin-thies.de\/es\/servicios\/tratamiento-de-la-periodontitis\/#breadcrumb"},"inLanguage":"es","potentialAction":[{"@type":"ReadAction","target":["https:\/\/www.zahnaerztin-thies.de\/es\/servicios\/tratamiento-de-la-periodontitis\/"]}]},{"@type":"BreadcrumbList","@id":"https:\/\/www.zahnaerztin-thies.de\/es\/servicios\/tratamiento-de-la-periodontitis\/#breadcrumb","itemListElement":[{"@type":"ListItem","position":1,"name":"Home","item":"https:\/\/www.zahnaerztin-thies.de\/es\/"},{"@type":"ListItem","position":2,"name":"Servicios","item":"https:\/\/www.zahnaerztin-thies.de\/es\/servicios\/"},{"@type":"ListItem","position":3,"name":"Tratamiento de la periodontitis"}]},{"@type":"WebSite","@id":"https:\/\/www.zahnaerztin-thies.de\/es\/#website","url":"https:\/\/www.zahnaerztin-thies.de\/es\/","name":"Zahn\u00e4rztin Dr. Thies","description":"Zahnarztpraxis Bochum","publisher":{"@id":"https:\/\/www.zahnaerztin-thies.de\/es\/#organization"},"potentialAction":[{"@type":"SearchAction","target":{"@type":"EntryPoint","urlTemplate":"https:\/\/www.zahnaerztin-thies.de\/es\/?s={search_term_string}"},"query-input":{"@type":"PropertyValueSpecification","valueRequired":true,"valueName":"search_term_string"}}],"inLanguage":"es"},{"@type":"Organization","@id":"https:\/\/www.zahnaerztin-thies.de\/es\/#organization","name":"Zahn\u00e4rztin Dr. Thies","url":"https:\/\/www.zahnaerztin-thies.de\/es\/","logo":{"@type":"ImageObject","inLanguage":"es","@id":"https:\/\/www.zahnaerztin-thies.de\/es\/#\/schema\/logo\/image\/","url":"https:\/\/www.zahnaerztin-thies.de\/wp-content\/uploads\/Thies-Logo695.jpg","contentUrl":"https:\/\/www.zahnaerztin-thies.de\/wp-content\/uploads\/Thies-Logo695.jpg","width":695,"height":695,"caption":"Zahn\u00e4rztin Dr. Thies"},"image":{"@id":"https:\/\/www.zahnaerztin-thies.de\/es\/#\/schema\/logo\/image\/"},"sameAs":["https:\/\/www.facebook.com\/ZahnarztpraxisDrThies\/","https:\/\/www.youtube.com\/channel\/UCs1IcvkvQXT0nXMn9fLo2NQ","https:\/\/www.instagram.com\/explore\/locations\/1031576357\/zahnarztpraxis-dr-alexandra-thies\/"]}]}},"_links":{"self":[{"href":"https:\/\/www.zahnaerztin-thies.de\/es\/wp-json\/wp\/v2\/pages\/16857","targetHints":{"allow":["GET"]}}],"collection":[{"href":"https:\/\/www.zahnaerztin-thies.de\/es\/wp-json\/wp\/v2\/pages"}],"about":[{"href":"https:\/\/www.zahnaerztin-thies.de\/es\/wp-json\/wp\/v2\/types\/page"}],"author":[{"embeddable":true,"href":"https:\/\/www.zahnaerztin-thies.de\/es\/wp-json\/wp\/v2\/users\/21"}],"replies":[{"embeddable":true,"href":"https:\/\/www.zahnaerztin-thies.de\/es\/wp-json\/wp\/v2\/comments?post=16857"}],"version-history":[{"count":9,"href":"https:\/\/www.zahnaerztin-thies.de\/es\/wp-json\/wp\/v2\/pages\/16857\/revisions"}],"predecessor-version":[{"id":19622,"href":"https:\/\/www.zahnaerztin-thies.de\/es\/wp-json\/wp\/v2\/pages\/16857\/revisions\/19622"}],"up":[{"embeddable":true,"href":"https:\/\/www.zahnaerztin-thies.de\/es\/wp-json\/wp\/v2\/pages\/16462"}],"wp:attachment":[{"href":"https:\/\/www.zahnaerztin-thies.de\/es\/wp-json\/wp\/v2\/media?parent=16857"}],"curies":[{"name":"wp","href":"https:\/\/api.w.org\/{rel}","templated":true}]}}