{"id":16879,"date":"2024-11-18T21:31:56","date_gmt":"2024-11-18T21:31:56","guid":{"rendered":"https:\/\/www.zahnaerztin-thies.de\/servicios\/tratamiento-del-conducto-radicular\/"},"modified":"2026-03-23T11:25:21","modified_gmt":"2026-03-23T11:25:21","slug":"tratamiento-del-conducto-radicular","status":"publish","type":"page","link":"https:\/\/www.zahnaerztin-thies.de\/es\/servicios\/tratamiento-del-conducto-radicular\/","title":{"rendered":"Tratamiento del conducto radicular"},"content":{"rendered":"<div class=\"fusion-fullwidth fullwidth-box fusion-builder-row-1 fusion-flex-container has-pattern-background has-mask-background nonhundred-percent-fullwidth non-hundred-percent-height-scrolling fusion-animated\" style=\"--awb-border-radius-top-left:0px;--awb-border-radius-top-right:0px;--awb-border-radius-bottom-right:0px;--awb-border-radius-bottom-left:0px;--awb-flex-wrap:wrap;\" data-animationType=\"fadeInUp\" data-animationDuration=\"1.5\" data-animationOffset=\"top-into-view\" ><div class=\"fusion-builder-row fusion-row fusion-flex-align-items-flex-start fusion-flex-content-wrap\" style=\"max-width:1456px;margin-left: calc(-4% \/ 2 );margin-right: calc(-4% \/ 2 );\"><div class=\"fusion-layout-column fusion_builder_column fusion-builder-column-0 fusion_builder_column_3_4 3_4 fusion-flex-column\" style=\"--awb-bg-size:cover;--awb-width-large:75%;--awb-margin-top-large:0px;--awb-spacing-right-large:2.56%;--awb-margin-bottom-large:20px;--awb-spacing-left-large:2.56%;--awb-width-medium:75%;--awb-order-medium:0;--awb-spacing-right-medium:2.56%;--awb-spacing-left-medium:2.56%;--awb-width-small:100%;--awb-order-small:0;--awb-spacing-right-small:1.92%;--awb-spacing-left-small:1.92%;\"><div class=\"fusion-column-wrapper fusion-column-has-shadow fusion-flex-justify-content-flex-start fusion-content-layout-column\"><div class=\"fusion-title title fusion-title-1 fusion-sep-none fusion-title-text fusion-title-size-one\" style=\"--awb-margin-top-small:10px;--awb-margin-right-small:0px;--awb-margin-bottom-small:10px;--awb-margin-left-small:0px;\"><h1 class=\"fusion-title-heading title-heading-left\" style=\"margin:0;\">Tratamiento del conducto radicular<\/h1><\/div><div class=\"fusion-text fusion-text-1\"><h3><strong>\u00bfPor qu\u00e9 necesito un tratamiento de conductos?<\/strong><\/h3>\n<p class=\"rtejustify\">El tejido blando del diente se llama pulpa dental. Est\u00e1 formada por fibras nerviosas, vasos sangu\u00edneos y linf\u00e1ticos y tejido conjuntivo. Esta pulpa puede inflamarse e infectarse por bacterias. Esto puede deberse a caries profundas, grietas en el diente, un diente roto o espacios entre el diente y el empaste. Entonces el diente puede reaccionar con sensibilidad al fr\u00edo y al calor o empezar a doler de repente y durante mucho tiempo. Sin embargo, las consecuencias de la inflamaci\u00f3n tambi\u00e9n pueden pasar desapercibidas y s\u00f3lo se ponen de manifiesto cuando las examina un dentista mediante una radiograf\u00eda o pruebas de sensibilidad.     <\/p>\n<p class=\"rtejustify\">Si no se trata la inflamaci\u00f3n, las bacterias pueden destruir toda la pulpa dental y penetrar sin obst\u00e1culos en el hueso maxilar. Esto puede provocar p\u00e9rdida \u00f3sea, inflamaci\u00f3n purulenta, un debilitamiento general del sistema inmunitario o enfermedades en otras partes del cuerpo. <\/p>\n<p class=\"rtejustify\">La \u00fanica forma de dejar el diente inflamado en la boca de forma permanente y segura es el tratamiento endod\u00f3ntico, es decir, la endodoncia. Hoy en d\u00eda, ofrece la posibilidad de conservar a largo plazo dientes que antes no se pod\u00edan tratar con \u00e9xito. <\/p>\n<h3><strong>\u00bfQu\u00e9 es el tratamiento de conductos?<\/strong><\/h3>\n<p class=\"rtejustify\">Es una medida que puede preservar un diente enfermo e infectado bacterialmente durante muchos a\u00f1os. En primer lugar, se anestesia el diente que se va a tratar. Se abre el diente y se extrae el tejido pulpar. Hay que localizar y limpiar cada uno de los conductos. Es especialmente importante determinar la longitud exacta, lo que puede hacerse con una radiograf\u00eda tradicional o con una medici\u00f3n electrom\u00e9trica de la longitud. Por desgracia, esta medici\u00f3n electrom\u00e9trica de la longitud no est\u00e1 cubierta por el seguro m\u00e9dico obligatorio, aunque es mucho m\u00e1s precisa que una radiograf\u00eda. Los conductos se limpian mec\u00e1nicamente con limas finas y se desinfectan con l\u00edquidos de enjuague. A menudo es necesario introducir un medicamento en el diente y dejarlo actuar unos d\u00edas. El objetivo es matar las bacterias de los conductos. Para ello se puede utilizar el aparato l\u00e1ser. Al final del tratamiento, se rellenan los conductos con gutapercha y se sella el diente.          <\/p>\n<h3><strong>\u00bfQu\u00e9 pasar\u00e1 despu\u00e9s con mi diente?<\/strong><\/h3>\n<p class=\"rtejustify\">Tras el tratamiento de conductos, suele ser necesario proteger el diente con riesgo de fractura con una corona. Sin embargo, es necesario esperar un tiempo para ver si el diente deja de causar molestias. <\/p>\n<h2>\u00bfExiste alguna alternativa al tratamiento endod\u00f3ntico?<\/h2>\n<p class=\"rtejustify\">La \u00fanica alternativa es extraer el diente. Sin embargo, la extracci\u00f3n del diente conlleva otros tratamientos, ya que un diente ausente puede provocar cambios en la posici\u00f3n de la mordida, migraci\u00f3n dentaria y problemas est\u00e9ticos. <\/p>\n<\/div><\/div><\/div><\/div><\/div>\n","protected":false},"excerpt":{"rendered":"","protected":false},"author":21,"featured_media":0,"parent":16462,"menu_order":0,"comment_status":"closed","ping_status":"closed","template":"100-width.php","meta":{"footnotes":""},"class_list":["post-16879","page","type-page","status-publish","hentry"],"yoast_head":"<!-- This site is optimized with the Yoast SEO plugin v27.4 - https:\/\/yoast.com\/product\/yoast-seo-wordpress\/ -->\n<title>Endodoncia: procedimiento, ventajas y conservaci\u00f3n del diente<\/title>\n<meta name=\"description\" content=\"Explicaci\u00f3n del tratamiento de conductos: causas, procedimiento y ventajas. De este modo, puedes salvar los dientes inflamados a largo plazo y evitar la p\u00e9rdida de dientes.\" \/>\n<meta name=\"robots\" content=\"index, follow, max-snippet:-1, max-image-preview:large, max-video-preview:-1\" \/>\n<link rel=\"canonical\" href=\"https:\/\/www.zahnaerztin-thies.de\/es\/servicios\/tratamiento-del-conducto-radicular\/\" \/>\n<meta property=\"og:locale\" content=\"es_ES\" \/>\n<meta property=\"og:type\" content=\"article\" \/>\n<meta property=\"og:title\" content=\"Endodoncia: procedimiento, ventajas y conservaci\u00f3n del diente\" \/>\n<meta property=\"og:description\" content=\"Explicaci\u00f3n del tratamiento de conductos: causas, procedimiento y ventajas. De este modo, puedes salvar los dientes inflamados a largo plazo y evitar la p\u00e9rdida de dientes.\" \/>\n<meta property=\"og:url\" content=\"https:\/\/www.zahnaerztin-thies.de\/es\/servicios\/tratamiento-del-conducto-radicular\/\" \/>\n<meta property=\"og:site_name\" content=\"Zahn\u00e4rztin Dr. Thies\" \/>\n<meta property=\"article:publisher\" content=\"https:\/\/www.facebook.com\/ZahnarztpraxisDrThies\/\" \/>\n<meta property=\"article:modified_time\" content=\"2026-03-23T11:25:21+00:00\" \/>\n<meta property=\"og:image\" content=\"https:\/\/www.zahnaerztin-thies.de\/wp-content\/uploads\/thies-og-3.jpg\" \/>\n\t<meta property=\"og:image:width\" content=\"1200\" \/>\n\t<meta property=\"og:image:height\" content=\"630\" \/>\n\t<meta property=\"og:image:type\" content=\"image\/jpeg\" \/>\n<script type=\"application\/ld+json\" class=\"yoast-schema-graph\">{\"@context\":\"https:\\\/\\\/schema.org\",\"@graph\":[{\"@type\":\"WebPage\",\"@id\":\"https:\\\/\\\/www.zahnaerztin-thies.de\\\/es\\\/servicios\\\/tratamiento-del-conducto-radicular\\\/\",\"url\":\"https:\\\/\\\/www.zahnaerztin-thies.de\\\/es\\\/servicios\\\/tratamiento-del-conducto-radicular\\\/\",\"name\":\"Endodoncia: procedimiento, ventajas y conservaci\u00f3n del diente\",\"isPartOf\":{\"@id\":\"https:\\\/\\\/www.zahnaerztin-thies.de\\\/es\\\/#website\"},\"datePublished\":\"2024-11-18T21:31:56+00:00\",\"dateModified\":\"2026-03-23T11:25:21+00:00\",\"description\":\"Explicaci\u00f3n del tratamiento de conductos: causas, procedimiento y ventajas. De este modo, puedes salvar los dientes inflamados a largo plazo y evitar la p\u00e9rdida de dientes.\",\"breadcrumb\":{\"@id\":\"https:\\\/\\\/www.zahnaerztin-thies.de\\\/es\\\/servicios\\\/tratamiento-del-conducto-radicular\\\/#breadcrumb\"},\"inLanguage\":\"es\",\"potentialAction\":[{\"@type\":\"ReadAction\",\"target\":[\"https:\\\/\\\/www.zahnaerztin-thies.de\\\/es\\\/servicios\\\/tratamiento-del-conducto-radicular\\\/\"]}]},{\"@type\":\"BreadcrumbList\",\"@id\":\"https:\\\/\\\/www.zahnaerztin-thies.de\\\/es\\\/servicios\\\/tratamiento-del-conducto-radicular\\\/#breadcrumb\",\"itemListElement\":[{\"@type\":\"ListItem\",\"position\":1,\"name\":\"Home\",\"item\":\"https:\\\/\\\/www.zahnaerztin-thies.de\\\/es\\\/\"},{\"@type\":\"ListItem\",\"position\":2,\"name\":\"Servicios\",\"item\":\"https:\\\/\\\/www.zahnaerztin-thies.de\\\/es\\\/servicios\\\/\"},{\"@type\":\"ListItem\",\"position\":3,\"name\":\"Tratamiento del conducto radicular\"}]},{\"@type\":\"WebSite\",\"@id\":\"https:\\\/\\\/www.zahnaerztin-thies.de\\\/es\\\/#website\",\"url\":\"https:\\\/\\\/www.zahnaerztin-thies.de\\\/es\\\/\",\"name\":\"Zahn\u00e4rztin Dr. Thies\",\"description\":\"Zahnarztpraxis Bochum\",\"publisher\":{\"@id\":\"https:\\\/\\\/www.zahnaerztin-thies.de\\\/es\\\/#organization\"},\"potentialAction\":[{\"@type\":\"SearchAction\",\"target\":{\"@type\":\"EntryPoint\",\"urlTemplate\":\"https:\\\/\\\/www.zahnaerztin-thies.de\\\/es\\\/?s={search_term_string}\"},\"query-input\":{\"@type\":\"PropertyValueSpecification\",\"valueRequired\":true,\"valueName\":\"search_term_string\"}}],\"inLanguage\":\"es\"},{\"@type\":\"Organization\",\"@id\":\"https:\\\/\\\/www.zahnaerztin-thies.de\\\/es\\\/#organization\",\"name\":\"Zahn\u00e4rztin Dr. Thies\",\"url\":\"https:\\\/\\\/www.zahnaerztin-thies.de\\\/es\\\/\",\"logo\":{\"@type\":\"ImageObject\",\"inLanguage\":\"es\",\"@id\":\"https:\\\/\\\/www.zahnaerztin-thies.de\\\/es\\\/#\\\/schema\\\/logo\\\/image\\\/\",\"url\":\"https:\\\/\\\/www.zahnaerztin-thies.de\\\/wp-content\\\/uploads\\\/Thies-Logo695.jpg\",\"contentUrl\":\"https:\\\/\\\/www.zahnaerztin-thies.de\\\/wp-content\\\/uploads\\\/Thies-Logo695.jpg\",\"width\":695,\"height\":695,\"caption\":\"Zahn\u00e4rztin Dr. Thies\"},\"image\":{\"@id\":\"https:\\\/\\\/www.zahnaerztin-thies.de\\\/es\\\/#\\\/schema\\\/logo\\\/image\\\/\"},\"sameAs\":[\"https:\\\/\\\/www.facebook.com\\\/ZahnarztpraxisDrThies\\\/\",\"https:\\\/\\\/www.youtube.com\\\/channel\\\/UCs1IcvkvQXT0nXMn9fLo2NQ\",\"https:\\\/\\\/www.instagram.com\\\/explore\\\/locations\\\/1031576357\\\/zahnarztpraxis-dr-alexandra-thies\\\/\"]}]}<\/script>\n<!-- \/ Yoast SEO plugin. -->","yoast_head_json":{"title":"Endodoncia: procedimiento, ventajas y conservaci\u00f3n del diente","description":"Explicaci\u00f3n del tratamiento de conductos: causas, procedimiento y ventajas. De este modo, puedes salvar los dientes inflamados a largo plazo y evitar la p\u00e9rdida de dientes.","robots":{"index":"index","follow":"follow","max-snippet":"max-snippet:-1","max-image-preview":"max-image-preview:large","max-video-preview":"max-video-preview:-1"},"canonical":"https:\/\/www.zahnaerztin-thies.de\/es\/servicios\/tratamiento-del-conducto-radicular\/","og_locale":"es_ES","og_type":"article","og_title":"Endodoncia: procedimiento, ventajas y conservaci\u00f3n del diente","og_description":"Explicaci\u00f3n del tratamiento de conductos: causas, procedimiento y ventajas. De este modo, puedes salvar los dientes inflamados a largo plazo y evitar la p\u00e9rdida de dientes.","og_url":"https:\/\/www.zahnaerztin-thies.de\/es\/servicios\/tratamiento-del-conducto-radicular\/","og_site_name":"Zahn\u00e4rztin Dr. Thies","article_publisher":"https:\/\/www.facebook.com\/ZahnarztpraxisDrThies\/","article_modified_time":"2026-03-23T11:25:21+00:00","og_image":[{"width":1200,"height":630,"url":"https:\/\/www.zahnaerztin-thies.de\/wp-content\/uploads\/thies-og-3.jpg","type":"image\/jpeg"}],"schema":{"@context":"https:\/\/schema.org","@graph":[{"@type":"WebPage","@id":"https:\/\/www.zahnaerztin-thies.de\/es\/servicios\/tratamiento-del-conducto-radicular\/","url":"https:\/\/www.zahnaerztin-thies.de\/es\/servicios\/tratamiento-del-conducto-radicular\/","name":"Endodoncia: procedimiento, ventajas y conservaci\u00f3n del diente","isPartOf":{"@id":"https:\/\/www.zahnaerztin-thies.de\/es\/#website"},"datePublished":"2024-11-18T21:31:56+00:00","dateModified":"2026-03-23T11:25:21+00:00","description":"Explicaci\u00f3n del tratamiento de conductos: causas, procedimiento y ventajas. De este modo, puedes salvar los dientes inflamados a largo plazo y evitar la p\u00e9rdida de dientes.","breadcrumb":{"@id":"https:\/\/www.zahnaerztin-thies.de\/es\/servicios\/tratamiento-del-conducto-radicular\/#breadcrumb"},"inLanguage":"es","potentialAction":[{"@type":"ReadAction","target":["https:\/\/www.zahnaerztin-thies.de\/es\/servicios\/tratamiento-del-conducto-radicular\/"]}]},{"@type":"BreadcrumbList","@id":"https:\/\/www.zahnaerztin-thies.de\/es\/servicios\/tratamiento-del-conducto-radicular\/#breadcrumb","itemListElement":[{"@type":"ListItem","position":1,"name":"Home","item":"https:\/\/www.zahnaerztin-thies.de\/es\/"},{"@type":"ListItem","position":2,"name":"Servicios","item":"https:\/\/www.zahnaerztin-thies.de\/es\/servicios\/"},{"@type":"ListItem","position":3,"name":"Tratamiento del conducto radicular"}]},{"@type":"WebSite","@id":"https:\/\/www.zahnaerztin-thies.de\/es\/#website","url":"https:\/\/www.zahnaerztin-thies.de\/es\/","name":"Zahn\u00e4rztin Dr. Thies","description":"Zahnarztpraxis Bochum","publisher":{"@id":"https:\/\/www.zahnaerztin-thies.de\/es\/#organization"},"potentialAction":[{"@type":"SearchAction","target":{"@type":"EntryPoint","urlTemplate":"https:\/\/www.zahnaerztin-thies.de\/es\/?s={search_term_string}"},"query-input":{"@type":"PropertyValueSpecification","valueRequired":true,"valueName":"search_term_string"}}],"inLanguage":"es"},{"@type":"Organization","@id":"https:\/\/www.zahnaerztin-thies.de\/es\/#organization","name":"Zahn\u00e4rztin Dr. Thies","url":"https:\/\/www.zahnaerztin-thies.de\/es\/","logo":{"@type":"ImageObject","inLanguage":"es","@id":"https:\/\/www.zahnaerztin-thies.de\/es\/#\/schema\/logo\/image\/","url":"https:\/\/www.zahnaerztin-thies.de\/wp-content\/uploads\/Thies-Logo695.jpg","contentUrl":"https:\/\/www.zahnaerztin-thies.de\/wp-content\/uploads\/Thies-Logo695.jpg","width":695,"height":695,"caption":"Zahn\u00e4rztin Dr. Thies"},"image":{"@id":"https:\/\/www.zahnaerztin-thies.de\/es\/#\/schema\/logo\/image\/"},"sameAs":["https:\/\/www.facebook.com\/ZahnarztpraxisDrThies\/","https:\/\/www.youtube.com\/channel\/UCs1IcvkvQXT0nXMn9fLo2NQ","https:\/\/www.instagram.com\/explore\/locations\/1031576357\/zahnarztpraxis-dr-alexandra-thies\/"]}]}},"_links":{"self":[{"href":"https:\/\/www.zahnaerztin-thies.de\/es\/wp-json\/wp\/v2\/pages\/16879","targetHints":{"allow":["GET"]}}],"collection":[{"href":"https:\/\/www.zahnaerztin-thies.de\/es\/wp-json\/wp\/v2\/pages"}],"about":[{"href":"https:\/\/www.zahnaerztin-thies.de\/es\/wp-json\/wp\/v2\/types\/page"}],"author":[{"embeddable":true,"href":"https:\/\/www.zahnaerztin-thies.de\/es\/wp-json\/wp\/v2\/users\/21"}],"replies":[{"embeddable":true,"href":"https:\/\/www.zahnaerztin-thies.de\/es\/wp-json\/wp\/v2\/comments?post=16879"}],"version-history":[{"count":3,"href":"https:\/\/www.zahnaerztin-thies.de\/es\/wp-json\/wp\/v2\/pages\/16879\/revisions"}],"predecessor-version":[{"id":19684,"href":"https:\/\/www.zahnaerztin-thies.de\/es\/wp-json\/wp\/v2\/pages\/16879\/revisions\/19684"}],"up":[{"embeddable":true,"href":"https:\/\/www.zahnaerztin-thies.de\/es\/wp-json\/wp\/v2\/pages\/16462"}],"wp:attachment":[{"href":"https:\/\/www.zahnaerztin-thies.de\/es\/wp-json\/wp\/v2\/media?parent=16879"}],"curies":[{"name":"wp","href":"https:\/\/api.w.org\/{rel}","templated":true}]}}