{"id":16897,"date":"2024-11-18T21:26:50","date_gmt":"2024-11-18T21:26:50","guid":{"rendered":"https:\/\/www.zahnaerztin-thies.de\/servicios\/blanqueamiento\/"},"modified":"2026-03-19T11:33:54","modified_gmt":"2026-03-19T11:33:54","slug":"blanqueamiento","status":"publish","type":"page","link":"https:\/\/www.zahnaerztin-thies.de\/es\/servicios\/blanqueamiento\/","title":{"rendered":"Blanqueamiento"},"content":{"rendered":"<p><div class=\"fusion-fullwidth fullwidth-box fusion-builder-row-1 fusion-flex-container has-pattern-background has-mask-background nonhundred-percent-fullwidth non-hundred-percent-height-scrolling fusion-animated\" style=\"--awb-border-radius-top-left:0px;--awb-border-radius-top-right:0px;--awb-border-radius-bottom-right:0px;--awb-border-radius-bottom-left:0px;--awb-flex-wrap:wrap;\" data-animationType=\"fadeInUp\" data-animationDuration=\"1.5\" data-animationOffset=\"top-into-view\" ><div class=\"fusion-builder-row fusion-row fusion-flex-align-items-flex-start fusion-flex-content-wrap\" style=\"max-width:1456px;margin-left: calc(-4% \/ 2 );margin-right: calc(-4% \/ 2 );\"><div class=\"fusion-layout-column fusion_builder_column fusion-builder-column-0 fusion_builder_column_1_2 1_2 fusion-flex-column\" style=\"--awb-bg-size:cover;--awb-width-large:50%;--awb-margin-top-large:0px;--awb-spacing-right-large:3.84%;--awb-margin-bottom-large:20px;--awb-spacing-left-large:3.84%;--awb-width-medium:75%;--awb-order-medium:0;--awb-spacing-right-medium:2.56%;--awb-spacing-left-medium:2.56%;--awb-width-small:100%;--awb-order-small:0;--awb-spacing-right-small:1.92%;--awb-spacing-left-small:1.92%;\"><div class=\"fusion-column-wrapper fusion-column-has-shadow fusion-flex-justify-content-flex-start fusion-content-layout-column\"><div class=\"fusion-title title fusion-title-1 fusion-sep-none fusion-title-text fusion-title-size-one\" style=\"--awb-margin-top-small:10px;--awb-margin-right-small:0px;--awb-margin-bottom-small:10px;--awb-margin-left-small:0px;\"><h1 class=\"fusion-title-heading title-heading-left\" style=\"margin:0;\">Blanqueamiento<\/h1><\/div><div class=\"fusion-text fusion-text-1\"><p>El blanqueamiento es un m\u00e9todo utilizado para aclarar los dientes por motivos est\u00e9ticos. La decoloraci\u00f3n dental difiere de la placa en que las sustancias colorantes se almacenan en el esmalte y la dentina, debajo de la superficie del diente, y no pueden eliminarse durante una limpieza dental profesional. Aunque la limpieza dental profesional no puede eliminar estas decoloraciones \u00abinternas\u00bb, debe realizarse una limpieza dental profesional antes del blanqueamiento para que pueda evaluarse mejor el color del diente y las sustancias blanqueadoras puedan hacer efecto con mayor eficacia. Tambi\u00e9n hay que examinar los dientes para ver si hay da\u00f1os en dientes y enc\u00edas antes del tratamiento.<\/p>\n<\/div><\/div><\/div><div class=\"fusion-layout-column fusion_builder_column fusion-builder-column-1 fusion_builder_column_1_2 1_2 fusion-flex-column\" style=\"--awb-bg-size:cover;--awb-width-large:50%;--awb-margin-top-large:80px;--awb-spacing-right-large:3.84%;--awb-margin-bottom-large:20px;--awb-spacing-left-large:3.84%;--awb-width-medium:100%;--awb-order-medium:0;--awb-spacing-right-medium:1.92%;--awb-spacing-left-medium:1.92%;--awb-width-small:100%;--awb-order-small:0;--awb-spacing-right-small:1.92%;--awb-spacing-left-small:1.92%;\"><div class=\"fusion-column-wrapper fusion-column-has-shadow fusion-flex-justify-content-flex-start fusion-content-layout-column\"><div class=\"fusion-video fusion-youtube\" style=\"--awb-max-width:600px;--awb-max-height:360px;\"><div class=\"video-shortcode\"><div class=\"fluid-width-video-wrapper\" style=\"padding-top:60%;\" ><iframe title=\"YouTube video player 1\" src=\"https:\/\/www.youtube.com\/embed\/IhoZQOVk_-I?wmode=transparent&autoplay=0\" width=\"600\" height=\"360\" allowfullscreen allow=\"autoplay; clipboard-write; encrypted-media; gyroscope; picture-in-picture;\"><\/iframe><\/div><\/div><\/div><\/div><\/div><\/div><\/div><div class=\"fusion-fullwidth fullwidth-box fusion-builder-row-2 fusion-flex-container has-pattern-background has-mask-background nonhundred-percent-fullwidth non-hundred-percent-height-scrolling fusion-animated\" style=\"--awb-border-radius-top-left:0px;--awb-border-radius-top-right:0px;--awb-border-radius-bottom-right:0px;--awb-border-radius-bottom-left:0px;--awb-flex-wrap:wrap;\" data-animationType=\"fadeInUp\" data-animationDuration=\"1.5\" data-animationOffset=\"top-into-view\" ><div class=\"fusion-builder-row fusion-row fusion-flex-align-items-flex-start fusion-flex-content-wrap\" style=\"max-width:1456px;margin-left: calc(-4% \/ 2 );margin-right: calc(-4% \/ 2 );\"><div class=\"fusion-layout-column fusion_builder_column fusion-builder-column-2 fusion_builder_column_3_4 3_4 fusion-flex-column\" style=\"--awb-bg-size:cover;--awb-width-large:75%;--awb-margin-top-large:0px;--awb-spacing-right-large:2.56%;--awb-margin-bottom-large:20px;--awb-spacing-left-large:2.56%;--awb-width-medium:75%;--awb-order-medium:0;--awb-spacing-right-medium:2.56%;--awb-spacing-left-medium:2.56%;--awb-width-small:100%;--awb-order-small:0;--awb-spacing-right-small:1.92%;--awb-spacing-left-small:1.92%;\"><div class=\"fusion-column-wrapper fusion-column-has-shadow fusion-flex-justify-content-flex-start fusion-content-layout-column\"><div class=\"fusion-text fusion-text-2\"><h3><strong>Causas de la decoloraci\u00f3n dental<\/strong><\/h3>\n<p>La decoloraci\u00f3n dental suele estar causada por alimentos y bebidas colorantes, como bebidas alcoh\u00f3licas, t\u00e9, tabaco, caf\u00e9, vino tinto, t\u00e9 helado, etc. \u00c9stos se depositan inicialmente en los dientes, pero tambi\u00e9n pueden penetrar en las estructuras dentales. \u00c9stos se acumulan inicialmente en los dientes, pero tambi\u00e9n pueden penetrar en las estructuras dentales. Tambi\u00e9n pueden producirse por los efectos de medicamentos o como consecuencia de accidentes, caries, muerte de la pulpa dental o desnutrici\u00f3n. Pero tambi\u00e9n hay decoloraciones relacionadas con la edad. La capa de dentina amarillenta bajo el esmalte transparente aumenta de tama\u00f1o con los a\u00f1os, a medida que el nervio retrocede gradualmente. Como esta dentina amarillenta brilla cada vez m\u00e1s, los dientes se vuelven m\u00e1s amarillos con los a\u00f1os.    <\/p>\n<h3><strong>M\u00e9todos<\/strong><\/h3>\n<p>El principal ingrediente de los productos blanqueadores es el per\u00f3xido de hidr\u00f3geno (H2O2). Penetran en el diente y descomponen los radicales de ox\u00edgeno. \u00c9stas son capaces de modificar qu\u00edmicamente las sustancias colorantes del diente para que dejen de tener color. Adem\u00e1s, la estructura cristalina de la capa de esmalte se modifica, de modo que se vuelve m\u00e1s opaca y la capa de dentina ya no se deja ver.<\/p>\n<p>Con el blanqueamiento en casa, se toman impresiones de los dientes y se fabrican cubetas en el laboratorio. Para el blanqueamiento dental, estas cubetas se rellenan con gel de per\u00f3xido y se llevan durante varias horas, posiblemente durante varios d\u00edas, seg\u00fan las necesidades y el producto, hasta conseguir el resultado de blanqueamiento deseado.<\/p>\n<p>Con el blanqueamiento en consulta, se utilizan preparados m\u00e1s concentrados y el blanqueamiento se realiza directamente en la consulta dental. Las enc\u00edas est\u00e1n protegidas con un revestimiento especial parecido al caucho. El material blanqueador se aplica directamente sobre los dientes y se intensifica con l\u00e1mparas blanqueadoras. El procedimiento puede repetirse varias veces.<\/p>\n<p>Si s\u00f3lo un diente desvitalizado presenta decoloraci\u00f3n, puede utilizarse la t\u00e9cnica del blanqueamiento andante, en la que el material blanqueador se introduce en el diente.<\/p>\n<h3><strong>Durabilidad del blanqueamiento dental<\/strong><\/h3>\n<p>No se puede garantizar de antemano cu\u00e1nto durar\u00e1 el efecto blanqueador de los dientes. El resultado suele permanecer estable durante varios a\u00f1os. <\/p>\n<h3><strong>Efectos secundarios<\/strong><\/h3>\n<p>Tras el blanqueamiento puede aparecer sensibilidad dental, sobre todo a los alimentos dulces y \u00e1cidos y a la temperatura. Estos s\u00edntomas suelen remitir al cabo de unos d\u00edas. Durante el tratamiento de blanqueamiento, los pigmentos de color del esmalte dental se modifican por oxidaci\u00f3n qu\u00edmica, lo que provoca el blanqueamiento. Es concebible que los dientes se vuelvan m\u00e1s \u00e1speros, m\u00e1s quebradizos o m\u00e1s susceptibles a la caries como consecuencia de ello, aunque ning\u00fan estudio ha podido demostrarlo todav\u00eda. Tambi\u00e9n se priva a los dientes de minerales, lo que puede provocar una desmineralizaci\u00f3n y una descomposici\u00f3n de las pel\u00edculas proteicas. Esto puede provocar manchas blancas en los dientes, aunque suelen normalizarse en los d\u00edas siguientes al tratamiento.     <\/p>\n<h3><strong>Preparativos en el mercado libre<\/strong><\/h3>\n<p>Los preparados que puedes comprar sin receta suelen ser insuficientemente eficaces. Algunos son perjudiciales para los dientes o provocan un blanqueamiento insuficiente o desigual. Adem\u00e1s, el dentista debe comprobar siempre si el tratamiento de blanqueamiento es aconsejable antes de llevarlo a cabo. Los empastes de pl\u00e1stico en los dientes delanteros, por ejemplo, pueden hacerse visibles despu\u00e9s del tratamiento.<\/p>\n<\/div><\/div><\/div><\/div><\/div><\/p>\n","protected":false},"excerpt":{"rendered":"","protected":false},"author":21,"featured_media":0,"parent":16462,"menu_order":0,"comment_status":"closed","ping_status":"closed","template":"100-width.php","meta":{"footnotes":""},"class_list":["post-16897","page","type-page","status-publish","hentry"],"yoast_head":"<!-- This site is optimized with the Yoast SEO plugin v27.2 - https:\/\/yoast.com\/product\/yoast-seo-wordpress\/ -->\n<title>Blanqueamiento dental: Suave para unos dientes m\u00e1s claros<\/title>\n<meta name=\"description\" content=\"El blanqueamiento dental aclara suavemente los dientes descoloridos. Descubre por qu\u00e9 es importante una limpieza dental profesional antes del tratamiento.\" \/>\n<meta name=\"robots\" content=\"index, follow, max-snippet:-1, max-image-preview:large, max-video-preview:-1\" \/>\n<link rel=\"canonical\" href=\"https:\/\/www.zahnaerztin-thies.de\/es\/servicios\/blanqueamiento\/\" \/>\n<meta property=\"og:locale\" content=\"es_ES\" \/>\n<meta property=\"og:type\" content=\"article\" \/>\n<meta property=\"og:title\" content=\"Blanqueamiento dental: Suave para unos dientes m\u00e1s claros\" \/>\n<meta property=\"og:description\" content=\"El blanqueamiento dental aclara suavemente los dientes descoloridos. Descubre por qu\u00e9 es importante una limpieza dental profesional antes del tratamiento.\" \/>\n<meta property=\"og:url\" content=\"https:\/\/www.zahnaerztin-thies.de\/es\/servicios\/blanqueamiento\/\" \/>\n<meta property=\"og:site_name\" content=\"Zahn\u00e4rztin Dr. Thies\" \/>\n<meta property=\"article:publisher\" content=\"https:\/\/www.facebook.com\/ZahnarztpraxisDrThies\/\" \/>\n<meta property=\"article:modified_time\" content=\"2026-03-19T11:33:54+00:00\" \/>\n<meta property=\"og:image\" content=\"https:\/\/www.zahnaerztin-thies.de\/wp-content\/uploads\/thies-og-3.jpg\" \/>\n\t<meta property=\"og:image:width\" content=\"1200\" \/>\n\t<meta property=\"og:image:height\" content=\"630\" \/>\n\t<meta property=\"og:image:type\" content=\"image\/jpeg\" \/>\n<script type=\"application\/ld+json\" class=\"yoast-schema-graph\">{\"@context\":\"https:\/\/schema.org\",\"@graph\":[{\"@type\":\"WebPage\",\"@id\":\"https:\/\/www.zahnaerztin-thies.de\/es\/servicios\/blanqueamiento\/\",\"url\":\"https:\/\/www.zahnaerztin-thies.de\/es\/servicios\/blanqueamiento\/\",\"name\":\"Blanqueamiento dental: Suave para unos dientes m\u00e1s claros\",\"isPartOf\":{\"@id\":\"https:\/\/www.zahnaerztin-thies.de\/es\/#website\"},\"datePublished\":\"2024-11-18T21:26:50+00:00\",\"dateModified\":\"2026-03-19T11:33:54+00:00\",\"description\":\"El blanqueamiento dental aclara suavemente los dientes descoloridos. Descubre por qu\u00e9 es importante una limpieza dental profesional antes del tratamiento.\",\"breadcrumb\":{\"@id\":\"https:\/\/www.zahnaerztin-thies.de\/es\/servicios\/blanqueamiento\/#breadcrumb\"},\"inLanguage\":\"es\",\"potentialAction\":[{\"@type\":\"ReadAction\",\"target\":[\"https:\/\/www.zahnaerztin-thies.de\/es\/servicios\/blanqueamiento\/\"]}]},{\"@type\":\"BreadcrumbList\",\"@id\":\"https:\/\/www.zahnaerztin-thies.de\/es\/servicios\/blanqueamiento\/#breadcrumb\",\"itemListElement\":[{\"@type\":\"ListItem\",\"position\":1,\"name\":\"Home\",\"item\":\"https:\/\/www.zahnaerztin-thies.de\/es\/\"},{\"@type\":\"ListItem\",\"position\":2,\"name\":\"Servicios\",\"item\":\"https:\/\/www.zahnaerztin-thies.de\/es\/servicios\/\"},{\"@type\":\"ListItem\",\"position\":3,\"name\":\"Blanqueamiento\"}]},{\"@type\":\"WebSite\",\"@id\":\"https:\/\/www.zahnaerztin-thies.de\/es\/#website\",\"url\":\"https:\/\/www.zahnaerztin-thies.de\/es\/\",\"name\":\"Zahn\u00e4rztin Dr. Thies\",\"description\":\"Zahnarztpraxis Bochum\",\"publisher\":{\"@id\":\"https:\/\/www.zahnaerztin-thies.de\/es\/#organization\"},\"potentialAction\":[{\"@type\":\"SearchAction\",\"target\":{\"@type\":\"EntryPoint\",\"urlTemplate\":\"https:\/\/www.zahnaerztin-thies.de\/es\/?s={search_term_string}\"},\"query-input\":{\"@type\":\"PropertyValueSpecification\",\"valueRequired\":true,\"valueName\":\"search_term_string\"}}],\"inLanguage\":\"es\"},{\"@type\":\"Organization\",\"@id\":\"https:\/\/www.zahnaerztin-thies.de\/es\/#organization\",\"name\":\"Zahn\u00e4rztin Dr. Thies\",\"url\":\"https:\/\/www.zahnaerztin-thies.de\/es\/\",\"logo\":{\"@type\":\"ImageObject\",\"inLanguage\":\"es\",\"@id\":\"https:\/\/www.zahnaerztin-thies.de\/es\/#\/schema\/logo\/image\/\",\"url\":\"https:\/\/www.zahnaerztin-thies.de\/wp-content\/uploads\/Thies-Logo695.jpg\",\"contentUrl\":\"https:\/\/www.zahnaerztin-thies.de\/wp-content\/uploads\/Thies-Logo695.jpg\",\"width\":695,\"height\":695,\"caption\":\"Zahn\u00e4rztin Dr. Thies\"},\"image\":{\"@id\":\"https:\/\/www.zahnaerztin-thies.de\/es\/#\/schema\/logo\/image\/\"},\"sameAs\":[\"https:\/\/www.facebook.com\/ZahnarztpraxisDrThies\/\",\"https:\/\/www.youtube.com\/channel\/UCs1IcvkvQXT0nXMn9fLo2NQ\",\"https:\/\/www.instagram.com\/explore\/locations\/1031576357\/zahnarztpraxis-dr-alexandra-thies\/\"]}]}<\/script>\n<!-- \/ Yoast SEO plugin. -->","yoast_head_json":{"title":"Blanqueamiento dental: Suave para unos dientes m\u00e1s claros","description":"El blanqueamiento dental aclara suavemente los dientes descoloridos. Descubre por qu\u00e9 es importante una limpieza dental profesional antes del tratamiento.","robots":{"index":"index","follow":"follow","max-snippet":"max-snippet:-1","max-image-preview":"max-image-preview:large","max-video-preview":"max-video-preview:-1"},"canonical":"https:\/\/www.zahnaerztin-thies.de\/es\/servicios\/blanqueamiento\/","og_locale":"es_ES","og_type":"article","og_title":"Blanqueamiento dental: Suave para unos dientes m\u00e1s claros","og_description":"El blanqueamiento dental aclara suavemente los dientes descoloridos. Descubre por qu\u00e9 es importante una limpieza dental profesional antes del tratamiento.","og_url":"https:\/\/www.zahnaerztin-thies.de\/es\/servicios\/blanqueamiento\/","og_site_name":"Zahn\u00e4rztin Dr. Thies","article_publisher":"https:\/\/www.facebook.com\/ZahnarztpraxisDrThies\/","article_modified_time":"2026-03-19T11:33:54+00:00","og_image":[{"width":1200,"height":630,"url":"https:\/\/www.zahnaerztin-thies.de\/wp-content\/uploads\/thies-og-3.jpg","type":"image\/jpeg"}],"schema":{"@context":"https:\/\/schema.org","@graph":[{"@type":"WebPage","@id":"https:\/\/www.zahnaerztin-thies.de\/es\/servicios\/blanqueamiento\/","url":"https:\/\/www.zahnaerztin-thies.de\/es\/servicios\/blanqueamiento\/","name":"Blanqueamiento dental: Suave para unos dientes m\u00e1s claros","isPartOf":{"@id":"https:\/\/www.zahnaerztin-thies.de\/es\/#website"},"datePublished":"2024-11-18T21:26:50+00:00","dateModified":"2026-03-19T11:33:54+00:00","description":"El blanqueamiento dental aclara suavemente los dientes descoloridos. Descubre por qu\u00e9 es importante una limpieza dental profesional antes del tratamiento.","breadcrumb":{"@id":"https:\/\/www.zahnaerztin-thies.de\/es\/servicios\/blanqueamiento\/#breadcrumb"},"inLanguage":"es","potentialAction":[{"@type":"ReadAction","target":["https:\/\/www.zahnaerztin-thies.de\/es\/servicios\/blanqueamiento\/"]}]},{"@type":"BreadcrumbList","@id":"https:\/\/www.zahnaerztin-thies.de\/es\/servicios\/blanqueamiento\/#breadcrumb","itemListElement":[{"@type":"ListItem","position":1,"name":"Home","item":"https:\/\/www.zahnaerztin-thies.de\/es\/"},{"@type":"ListItem","position":2,"name":"Servicios","item":"https:\/\/www.zahnaerztin-thies.de\/es\/servicios\/"},{"@type":"ListItem","position":3,"name":"Blanqueamiento"}]},{"@type":"WebSite","@id":"https:\/\/www.zahnaerztin-thies.de\/es\/#website","url":"https:\/\/www.zahnaerztin-thies.de\/es\/","name":"Zahn\u00e4rztin Dr. Thies","description":"Zahnarztpraxis Bochum","publisher":{"@id":"https:\/\/www.zahnaerztin-thies.de\/es\/#organization"},"potentialAction":[{"@type":"SearchAction","target":{"@type":"EntryPoint","urlTemplate":"https:\/\/www.zahnaerztin-thies.de\/es\/?s={search_term_string}"},"query-input":{"@type":"PropertyValueSpecification","valueRequired":true,"valueName":"search_term_string"}}],"inLanguage":"es"},{"@type":"Organization","@id":"https:\/\/www.zahnaerztin-thies.de\/es\/#organization","name":"Zahn\u00e4rztin Dr. Thies","url":"https:\/\/www.zahnaerztin-thies.de\/es\/","logo":{"@type":"ImageObject","inLanguage":"es","@id":"https:\/\/www.zahnaerztin-thies.de\/es\/#\/schema\/logo\/image\/","url":"https:\/\/www.zahnaerztin-thies.de\/wp-content\/uploads\/Thies-Logo695.jpg","contentUrl":"https:\/\/www.zahnaerztin-thies.de\/wp-content\/uploads\/Thies-Logo695.jpg","width":695,"height":695,"caption":"Zahn\u00e4rztin Dr. Thies"},"image":{"@id":"https:\/\/www.zahnaerztin-thies.de\/es\/#\/schema\/logo\/image\/"},"sameAs":["https:\/\/www.facebook.com\/ZahnarztpraxisDrThies\/","https:\/\/www.youtube.com\/channel\/UCs1IcvkvQXT0nXMn9fLo2NQ","https:\/\/www.instagram.com\/explore\/locations\/1031576357\/zahnarztpraxis-dr-alexandra-thies\/"]}]}},"_links":{"self":[{"href":"https:\/\/www.zahnaerztin-thies.de\/es\/wp-json\/wp\/v2\/pages\/16897","targetHints":{"allow":["GET"]}}],"collection":[{"href":"https:\/\/www.zahnaerztin-thies.de\/es\/wp-json\/wp\/v2\/pages"}],"about":[{"href":"https:\/\/www.zahnaerztin-thies.de\/es\/wp-json\/wp\/v2\/types\/page"}],"author":[{"embeddable":true,"href":"https:\/\/www.zahnaerztin-thies.de\/es\/wp-json\/wp\/v2\/users\/21"}],"replies":[{"embeddable":true,"href":"https:\/\/www.zahnaerztin-thies.de\/es\/wp-json\/wp\/v2\/comments?post=16897"}],"version-history":[{"count":4,"href":"https:\/\/www.zahnaerztin-thies.de\/es\/wp-json\/wp\/v2\/pages\/16897\/revisions"}],"predecessor-version":[{"id":19509,"href":"https:\/\/www.zahnaerztin-thies.de\/es\/wp-json\/wp\/v2\/pages\/16897\/revisions\/19509"}],"up":[{"embeddable":true,"href":"https:\/\/www.zahnaerztin-thies.de\/es\/wp-json\/wp\/v2\/pages\/16462"}],"wp:attachment":[{"href":"https:\/\/www.zahnaerztin-thies.de\/es\/wp-json\/wp\/v2\/media?parent=16897"}],"curies":[{"name":"wp","href":"https:\/\/api.w.org\/{rel}","templated":true}]}}