{"id":16950,"date":"2024-11-18T21:19:07","date_gmt":"2024-11-18T21:19:07","guid":{"rendered":"https:\/\/www.zahnaerztin-thies.de\/servicios\/extraccion-dental\/"},"modified":"2026-03-23T11:57:52","modified_gmt":"2026-03-23T11:57:52","slug":"extraccion-dental","status":"publish","type":"page","link":"https:\/\/www.zahnaerztin-thies.de\/es\/servicios\/extraccion-dental\/","title":{"rendered":"Extracci\u00f3n dental"},"content":{"rendered":"<div class=\"fusion-fullwidth fullwidth-box fusion-builder-row-1 fusion-flex-container has-pattern-background has-mask-background nonhundred-percent-fullwidth non-hundred-percent-height-scrolling fusion-animated\" style=\"--awb-border-radius-top-left:0px;--awb-border-radius-top-right:0px;--awb-border-radius-bottom-right:0px;--awb-border-radius-bottom-left:0px;--awb-flex-wrap:wrap;\" data-animationType=\"fadeInUp\" data-animationDuration=\"1.5\" data-animationOffset=\"top-into-view\" ><div class=\"fusion-builder-row fusion-row fusion-flex-align-items-flex-start fusion-flex-content-wrap\" style=\"max-width:1456px;margin-left: calc(-4% \/ 2 );margin-right: calc(-4% \/ 2 );\"><div class=\"fusion-layout-column fusion_builder_column fusion-builder-column-0 fusion_builder_column_3_4 3_4 fusion-flex-column\" style=\"--awb-bg-size:cover;--awb-width-large:75%;--awb-margin-top-large:0px;--awb-spacing-right-large:2.56%;--awb-margin-bottom-large:20px;--awb-spacing-left-large:2.56%;--awb-width-medium:75%;--awb-order-medium:0;--awb-spacing-right-medium:2.56%;--awb-spacing-left-medium:2.56%;--awb-width-small:100%;--awb-order-small:0;--awb-spacing-right-small:1.92%;--awb-spacing-left-small:1.92%;\"><div class=\"fusion-column-wrapper fusion-column-has-shadow fusion-flex-justify-content-flex-start fusion-content-layout-column\"><div class=\"fusion-title title fusion-title-1 fusion-sep-none fusion-title-text fusion-title-size-one\" style=\"--awb-margin-top-small:10px;--awb-margin-right-small:0px;--awb-margin-bottom-small:10px;--awb-margin-left-small:0px;\"><h1 class=\"fusion-title-heading title-heading-left\" style=\"margin:0;\">Extracci\u00f3n dental<\/h1><\/div><div class=\"fusion-text fusion-text-1\"><p>Aunque nos esforzamos por conservar todos los dientes el mayor tiempo posible, puede ser necesario extraer (quitar) un diente. Normalmente, esa extracci\u00f3n dental se realiza en la consulta con anestesia local, a menos que tengas problemas de salud que aumenten el riesgo de infecci\u00f3n o de hemorragia postoperatoria grave. Las indicaciones para una extracci\u00f3n dental pueden ser: aflojamiento extremo del diente, una fractura longitudinal, inflamaci\u00f3n masiva de la punta de la ra\u00edz, desplazamiento de un diente, falta de espacio o un diente supernumerario.<\/p>\n<\/div><\/div><\/div><\/div><\/div>\n","protected":false},"excerpt":{"rendered":"","protected":false},"author":21,"featured_media":0,"parent":16462,"menu_order":0,"comment_status":"closed","ping_status":"closed","template":"100-width.php","meta":{"footnotes":""},"class_list":["post-16950","page","type-page","status-publish","hentry"],"yoast_head":"<!-- This site is optimized with the Yoast SEO plugin v27.5 - https:\/\/yoast.com\/product\/yoast-seo-wordpress\/ -->\n<title>Extracci\u00f3n dental: procedimiento, motivos y extracci\u00f3n dental segura<\/title>\n<meta name=\"description\" content=\"\u00bfCu\u00e1ndo es necesaria la extracci\u00f3n dental? Averigua todo lo que necesitas saber sobre el procedimiento, las razones y la eliminaci\u00f3n segura en el dentista, con suavidad y profesionalidad.\" \/>\n<meta name=\"robots\" content=\"index, follow, max-snippet:-1, max-image-preview:large, max-video-preview:-1\" \/>\n<link rel=\"canonical\" href=\"https:\/\/www.zahnaerztin-thies.de\/es\/servicios\/extraccion-dental\/\" \/>\n<meta property=\"og:locale\" content=\"es_ES\" \/>\n<meta property=\"og:type\" content=\"article\" \/>\n<meta property=\"og:title\" content=\"Extracci\u00f3n dental: procedimiento, motivos y extracci\u00f3n dental segura\" \/>\n<meta property=\"og:description\" content=\"\u00bfCu\u00e1ndo es necesaria la extracci\u00f3n dental? Averigua todo lo que necesitas saber sobre el procedimiento, las razones y la eliminaci\u00f3n segura en el dentista, con suavidad y profesionalidad.\" \/>\n<meta property=\"og:url\" content=\"https:\/\/www.zahnaerztin-thies.de\/es\/servicios\/extraccion-dental\/\" \/>\n<meta property=\"og:site_name\" content=\"Zahn\u00e4rztin Dr. Thies\" \/>\n<meta property=\"article:publisher\" content=\"https:\/\/www.facebook.com\/ZahnarztpraxisDrThies\/\" \/>\n<meta property=\"article:modified_time\" content=\"2026-03-23T11:57:52+00:00\" \/>\n<meta property=\"og:image\" content=\"https:\/\/www.zahnaerztin-thies.de\/wp-content\/uploads\/thies-og-3.jpg\" \/>\n\t<meta property=\"og:image:width\" content=\"1200\" \/>\n\t<meta property=\"og:image:height\" content=\"630\" \/>\n\t<meta property=\"og:image:type\" content=\"image\/jpeg\" \/>\n<script type=\"application\/ld+json\" class=\"yoast-schema-graph\">{\"@context\":\"https:\\\/\\\/schema.org\",\"@graph\":[{\"@type\":\"WebPage\",\"@id\":\"https:\\\/\\\/www.zahnaerztin-thies.de\\\/es\\\/servicios\\\/extraccion-dental\\\/\",\"url\":\"https:\\\/\\\/www.zahnaerztin-thies.de\\\/es\\\/servicios\\\/extraccion-dental\\\/\",\"name\":\"Extracci\u00f3n dental: procedimiento, motivos y extracci\u00f3n dental segura\",\"isPartOf\":{\"@id\":\"https:\\\/\\\/www.zahnaerztin-thies.de\\\/es\\\/#website\"},\"datePublished\":\"2024-11-18T21:19:07+00:00\",\"dateModified\":\"2026-03-23T11:57:52+00:00\",\"description\":\"\u00bfCu\u00e1ndo es necesaria la extracci\u00f3n dental? Averigua todo lo que necesitas saber sobre el procedimiento, las razones y la eliminaci\u00f3n segura en el dentista, con suavidad y profesionalidad.\",\"breadcrumb\":{\"@id\":\"https:\\\/\\\/www.zahnaerztin-thies.de\\\/es\\\/servicios\\\/extraccion-dental\\\/#breadcrumb\"},\"inLanguage\":\"es\",\"potentialAction\":[{\"@type\":\"ReadAction\",\"target\":[\"https:\\\/\\\/www.zahnaerztin-thies.de\\\/es\\\/servicios\\\/extraccion-dental\\\/\"]}]},{\"@type\":\"BreadcrumbList\",\"@id\":\"https:\\\/\\\/www.zahnaerztin-thies.de\\\/es\\\/servicios\\\/extraccion-dental\\\/#breadcrumb\",\"itemListElement\":[{\"@type\":\"ListItem\",\"position\":1,\"name\":\"Home\",\"item\":\"https:\\\/\\\/www.zahnaerztin-thies.de\\\/es\\\/\"},{\"@type\":\"ListItem\",\"position\":2,\"name\":\"Servicios\",\"item\":\"https:\\\/\\\/www.zahnaerztin-thies.de\\\/es\\\/servicios\\\/\"},{\"@type\":\"ListItem\",\"position\":3,\"name\":\"Extracci\u00f3n dental\"}]},{\"@type\":\"WebSite\",\"@id\":\"https:\\\/\\\/www.zahnaerztin-thies.de\\\/es\\\/#website\",\"url\":\"https:\\\/\\\/www.zahnaerztin-thies.de\\\/es\\\/\",\"name\":\"Zahn\u00e4rztin Dr. Thies\",\"description\":\"Zahnarztpraxis Bochum\",\"publisher\":{\"@id\":\"https:\\\/\\\/www.zahnaerztin-thies.de\\\/es\\\/#organization\"},\"potentialAction\":[{\"@type\":\"SearchAction\",\"target\":{\"@type\":\"EntryPoint\",\"urlTemplate\":\"https:\\\/\\\/www.zahnaerztin-thies.de\\\/es\\\/?s={search_term_string}\"},\"query-input\":{\"@type\":\"PropertyValueSpecification\",\"valueRequired\":true,\"valueName\":\"search_term_string\"}}],\"inLanguage\":\"es\"},{\"@type\":\"Organization\",\"@id\":\"https:\\\/\\\/www.zahnaerztin-thies.de\\\/es\\\/#organization\",\"name\":\"Zahn\u00e4rztin Dr. Thies\",\"url\":\"https:\\\/\\\/www.zahnaerztin-thies.de\\\/es\\\/\",\"logo\":{\"@type\":\"ImageObject\",\"inLanguage\":\"es\",\"@id\":\"https:\\\/\\\/www.zahnaerztin-thies.de\\\/es\\\/#\\\/schema\\\/logo\\\/image\\\/\",\"url\":\"https:\\\/\\\/www.zahnaerztin-thies.de\\\/wp-content\\\/uploads\\\/Thies-Logo695.jpg\",\"contentUrl\":\"https:\\\/\\\/www.zahnaerztin-thies.de\\\/wp-content\\\/uploads\\\/Thies-Logo695.jpg\",\"width\":695,\"height\":695,\"caption\":\"Zahn\u00e4rztin Dr. Thies\"},\"image\":{\"@id\":\"https:\\\/\\\/www.zahnaerztin-thies.de\\\/es\\\/#\\\/schema\\\/logo\\\/image\\\/\"},\"sameAs\":[\"https:\\\/\\\/www.facebook.com\\\/ZahnarztpraxisDrThies\\\/\",\"https:\\\/\\\/www.youtube.com\\\/channel\\\/UCs1IcvkvQXT0nXMn9fLo2NQ\",\"https:\\\/\\\/www.instagram.com\\\/explore\\\/locations\\\/1031576357\\\/zahnarztpraxis-dr-alexandra-thies\\\/\"]}]}<\/script>\n<!-- \/ Yoast SEO plugin. -->","yoast_head_json":{"title":"Extracci\u00f3n dental: procedimiento, motivos y extracci\u00f3n dental segura","description":"\u00bfCu\u00e1ndo es necesaria la extracci\u00f3n dental? Averigua todo lo que necesitas saber sobre el procedimiento, las razones y la eliminaci\u00f3n segura en el dentista, con suavidad y profesionalidad.","robots":{"index":"index","follow":"follow","max-snippet":"max-snippet:-1","max-image-preview":"max-image-preview:large","max-video-preview":"max-video-preview:-1"},"canonical":"https:\/\/www.zahnaerztin-thies.de\/es\/servicios\/extraccion-dental\/","og_locale":"es_ES","og_type":"article","og_title":"Extracci\u00f3n dental: procedimiento, motivos y extracci\u00f3n dental segura","og_description":"\u00bfCu\u00e1ndo es necesaria la extracci\u00f3n dental? Averigua todo lo que necesitas saber sobre el procedimiento, las razones y la eliminaci\u00f3n segura en el dentista, con suavidad y profesionalidad.","og_url":"https:\/\/www.zahnaerztin-thies.de\/es\/servicios\/extraccion-dental\/","og_site_name":"Zahn\u00e4rztin Dr. Thies","article_publisher":"https:\/\/www.facebook.com\/ZahnarztpraxisDrThies\/","article_modified_time":"2026-03-23T11:57:52+00:00","og_image":[{"width":1200,"height":630,"url":"https:\/\/www.zahnaerztin-thies.de\/wp-content\/uploads\/thies-og-3.jpg","type":"image\/jpeg"}],"schema":{"@context":"https:\/\/schema.org","@graph":[{"@type":"WebPage","@id":"https:\/\/www.zahnaerztin-thies.de\/es\/servicios\/extraccion-dental\/","url":"https:\/\/www.zahnaerztin-thies.de\/es\/servicios\/extraccion-dental\/","name":"Extracci\u00f3n dental: procedimiento, motivos y extracci\u00f3n dental segura","isPartOf":{"@id":"https:\/\/www.zahnaerztin-thies.de\/es\/#website"},"datePublished":"2024-11-18T21:19:07+00:00","dateModified":"2026-03-23T11:57:52+00:00","description":"\u00bfCu\u00e1ndo es necesaria la extracci\u00f3n dental? Averigua todo lo que necesitas saber sobre el procedimiento, las razones y la eliminaci\u00f3n segura en el dentista, con suavidad y profesionalidad.","breadcrumb":{"@id":"https:\/\/www.zahnaerztin-thies.de\/es\/servicios\/extraccion-dental\/#breadcrumb"},"inLanguage":"es","potentialAction":[{"@type":"ReadAction","target":["https:\/\/www.zahnaerztin-thies.de\/es\/servicios\/extraccion-dental\/"]}]},{"@type":"BreadcrumbList","@id":"https:\/\/www.zahnaerztin-thies.de\/es\/servicios\/extraccion-dental\/#breadcrumb","itemListElement":[{"@type":"ListItem","position":1,"name":"Home","item":"https:\/\/www.zahnaerztin-thies.de\/es\/"},{"@type":"ListItem","position":2,"name":"Servicios","item":"https:\/\/www.zahnaerztin-thies.de\/es\/servicios\/"},{"@type":"ListItem","position":3,"name":"Extracci\u00f3n dental"}]},{"@type":"WebSite","@id":"https:\/\/www.zahnaerztin-thies.de\/es\/#website","url":"https:\/\/www.zahnaerztin-thies.de\/es\/","name":"Zahn\u00e4rztin Dr. Thies","description":"Zahnarztpraxis Bochum","publisher":{"@id":"https:\/\/www.zahnaerztin-thies.de\/es\/#organization"},"potentialAction":[{"@type":"SearchAction","target":{"@type":"EntryPoint","urlTemplate":"https:\/\/www.zahnaerztin-thies.de\/es\/?s={search_term_string}"},"query-input":{"@type":"PropertyValueSpecification","valueRequired":true,"valueName":"search_term_string"}}],"inLanguage":"es"},{"@type":"Organization","@id":"https:\/\/www.zahnaerztin-thies.de\/es\/#organization","name":"Zahn\u00e4rztin Dr. Thies","url":"https:\/\/www.zahnaerztin-thies.de\/es\/","logo":{"@type":"ImageObject","inLanguage":"es","@id":"https:\/\/www.zahnaerztin-thies.de\/es\/#\/schema\/logo\/image\/","url":"https:\/\/www.zahnaerztin-thies.de\/wp-content\/uploads\/Thies-Logo695.jpg","contentUrl":"https:\/\/www.zahnaerztin-thies.de\/wp-content\/uploads\/Thies-Logo695.jpg","width":695,"height":695,"caption":"Zahn\u00e4rztin Dr. Thies"},"image":{"@id":"https:\/\/www.zahnaerztin-thies.de\/es\/#\/schema\/logo\/image\/"},"sameAs":["https:\/\/www.facebook.com\/ZahnarztpraxisDrThies\/","https:\/\/www.youtube.com\/channel\/UCs1IcvkvQXT0nXMn9fLo2NQ","https:\/\/www.instagram.com\/explore\/locations\/1031576357\/zahnarztpraxis-dr-alexandra-thies\/"]}]}},"_links":{"self":[{"href":"https:\/\/www.zahnaerztin-thies.de\/es\/wp-json\/wp\/v2\/pages\/16950","targetHints":{"allow":["GET"]}}],"collection":[{"href":"https:\/\/www.zahnaerztin-thies.de\/es\/wp-json\/wp\/v2\/pages"}],"about":[{"href":"https:\/\/www.zahnaerztin-thies.de\/es\/wp-json\/wp\/v2\/types\/page"}],"author":[{"embeddable":true,"href":"https:\/\/www.zahnaerztin-thies.de\/es\/wp-json\/wp\/v2\/users\/21"}],"replies":[{"embeddable":true,"href":"https:\/\/www.zahnaerztin-thies.de\/es\/wp-json\/wp\/v2\/comments?post=16950"}],"version-history":[{"count":3,"href":"https:\/\/www.zahnaerztin-thies.de\/es\/wp-json\/wp\/v2\/pages\/16950\/revisions"}],"predecessor-version":[{"id":19722,"href":"https:\/\/www.zahnaerztin-thies.de\/es\/wp-json\/wp\/v2\/pages\/16950\/revisions\/19722"}],"up":[{"embeddable":true,"href":"https:\/\/www.zahnaerztin-thies.de\/es\/wp-json\/wp\/v2\/pages\/16462"}],"wp:attachment":[{"href":"https:\/\/www.zahnaerztin-thies.de\/es\/wp-json\/wp\/v2\/media?parent=16950"}],"curies":[{"name":"wp","href":"https:\/\/api.w.org\/{rel}","templated":true}]}}