{"id":17107,"date":"2024-11-18T21:33:15","date_gmt":"2024-11-18T21:33:15","guid":{"rendered":"https:\/\/www.zahnaerztin-thies.de\/servicios\/materiales-de-obturacion-dental\/"},"modified":"2026-03-23T11:40:53","modified_gmt":"2026-03-23T11:40:53","slug":"materiales-de-obturacion-dental","status":"publish","type":"page","link":"https:\/\/www.zahnaerztin-thies.de\/es\/servicios\/materiales-de-obturacion-dental\/","title":{"rendered":"Materiales de obturaci\u00f3n dental"},"content":{"rendered":"<div class=\"fusion-fullwidth fullwidth-box fusion-builder-row-1 fusion-flex-container has-pattern-background has-mask-background nonhundred-percent-fullwidth non-hundred-percent-height-scrolling fusion-animated\" style=\"--awb-border-radius-top-left:0px;--awb-border-radius-top-right:0px;--awb-border-radius-bottom-right:0px;--awb-border-radius-bottom-left:0px;--awb-flex-wrap:wrap;\" data-animationType=\"fadeInUp\" data-animationDuration=\"1.5\" data-animationOffset=\"top-into-view\" ><div class=\"fusion-builder-row fusion-row fusion-flex-align-items-flex-start fusion-flex-content-wrap\" style=\"max-width:1456px;margin-left: calc(-4% \/ 2 );margin-right: calc(-4% \/ 2 );\"><div class=\"fusion-layout-column fusion_builder_column fusion-builder-column-0 fusion_builder_column_2_3 2_3 fusion-flex-column\" style=\"--awb-bg-size:cover;--awb-width-large:66.666666666667%;--awb-margin-top-large:0px;--awb-spacing-right-large:2.88%;--awb-margin-bottom-large:20px;--awb-spacing-left-large:2.88%;--awb-width-medium:75%;--awb-order-medium:0;--awb-spacing-right-medium:2.56%;--awb-spacing-left-medium:2.56%;--awb-width-small:100%;--awb-order-small:0;--awb-spacing-right-small:1.92%;--awb-spacing-left-small:1.92%;\"><div class=\"fusion-column-wrapper fusion-column-has-shadow fusion-flex-justify-content-flex-start fusion-content-layout-column\"><div class=\"fusion-title title fusion-title-1 fusion-sep-none fusion-title-text fusion-title-size-one\" style=\"--awb-margin-top-small:10px;--awb-margin-right-small:0px;--awb-margin-bottom-small:10px;--awb-margin-left-small:0px;\"><h1 class=\"fusion-title-heading title-heading-left\" style=\"margin:0;\">Materiales de obturaci\u00f3n dental<\/h1><\/div><div class=\"fusion-text fusion-text-1\"><p>Existen aleaciones met\u00e1licas (aleaciones de metales preciosos y amalgama) y materiales no met\u00e1licos (cer\u00e1mica y pl\u00e1stico) para obturaciones permanentes en la zona de los dientes posteriores sometida a esfuerzo masticatorio. Todos los dem\u00e1s materiales s\u00f3lo pueden clasificarse actualmente como obturaciones provisionales. A la hora de seleccionar el material respectivo, deben tenerse en cuenta diversos aspectos, como la situaci\u00f3n dental individual, el estado general de salud, los requisitos est\u00e9ticos, el tiempo y el coste, etc.  <\/p>\n<h3><strong>\u00bfQu\u00e9 efectos secundarios pueden producirse?<\/strong><\/h3>\n<p>El riesgo de que se produzcan efectos secundarios generales y locales indeseables es bajo si los materiales de obturaci\u00f3n dental se utilizan seg\u00fan lo previsto y de forma correcta, pero, como ocurre con todos los medicamentos, no puede descartarse por completo. Aparte de las raras reacciones de hipersensibilidad (alergias), no hay hallazgos cient\u00edficamente probados que justifiquen la sospecha de efectos adversos para la salud de las restauraciones de metal precioso, amalgama, pl\u00e1stico o cer\u00e1mica. A\u00fan no se ha aclarado si las personas hipersensibles, enfermas o embarazadas reaccionan especialmente a los materiales de obturaci\u00f3n dental, pero tampoco se ha demostrado cient\u00edficamente.  <\/p>\n<h3><strong>\u00bfQu\u00e9 ingredientes est\u00e1n asociados a riesgos potenciales?<\/strong><\/h3>\n<p>Bajo las tensiones de la boca, todos los materiales de obturaci\u00f3n liberan constantemente sustancias en cantidades \u00ednfimas.<\/p>\n<ul>\n<li>Las aleaciones de fundici\u00f3n de oro (incrustaciones) contienen otros componentes de aleaci\u00f3n, como platino, plata, paladio, iridio, cobre, etc., adem\u00e1s de oro, para conseguir una resistencia de compra suficiente. Para evitar efectos indeseables, hay que procurar que s\u00f3lo se utilicen metales de fundici\u00f3n resistentes a la corrosi\u00f3n.<\/li>\n<li>Sabemos por la amalgama que los niveles de mercurio en el organismo -especialmente en los ri\u00f1ones- aumentan con el n\u00famero y el tama\u00f1o de los empastes. Seg\u00fan el n\u00famero de empastes y el tipo de dieta, la ingesta media de mercurio es aproximadamente la misma que la carga de mercurio procedente de los alimentos y es toxicol\u00f3gicamente inocua. <\/li>\n<li>Los pl\u00e1sticos contienen un gran n\u00famero de compuestos, entre ellos el formaldeh\u00eddo como producto de reacci\u00f3n, que puede liberarse en cantidades \u00ednfimas. Hoy en d\u00eda, estas resinas se utilizan a menudo en combinaci\u00f3n con adhesivos dentinarios, que tambi\u00e9n contienen numerosos compuestos activos. Hasta la fecha no hay pruebas de que el riesgo residual de efectos secundarios generales y localizados sea menor con las resinas dentales, incluidos los nuevos adhesivos de dentina, que con la amalgama.  <\/li>\n<li>La cer\u00e1mica puede contener trazas de sustancias radiactivas y tambi\u00e9n debe utilizarse con pl\u00e1sticos y adhesivos dentinarios.<\/li>\n<li>Cementos de ion\u00f3mero de vidrio\/cementos de ion\u00f3mero de vidrio h\u00edbridos\/comp\u00f3meros: estos materiales, que tienen una buena adhesi\u00f3n a la estructura dental como los adhesivos dentinarios y liberan fl\u00faor (contra la caries secundaria), s\u00f3lo son adecuados para obturaciones definitivas que no soportan la oclusi\u00f3n. Adem\u00e1s de \u00e1cidos, los cementos de ion\u00f3mero de vidrio tambi\u00e9n contienen varios iones, como aluminio o estroncio. Los cementos de ion\u00f3mero de vidrio h\u00edbridos y los comp\u00f3meros tambi\u00e9n contienen componentes pl\u00e1sticos con los problemas potenciales antes mencionados. Estos materiales pueden utilizarse como provisionales a largo plazo y para dientes deciduos en la mayor\u00eda de los casos.   <\/li>\n<\/ul>\n<h3><strong>\u00bfCu\u00e1nto duran los empastes?<\/strong><\/h3>\n<p>Las afirmaciones sobre la durabilidad de un empaste s\u00f3lo pueden hacerse estad\u00edsticamente, ya que en casos individuales, adem\u00e1s del material de empaste, influyen en esta durabilidad diversos factores, como el tama\u00f1o del empaste, pero tambi\u00e9n el cuidado dental. En general, hoy en d\u00eda se puede suponer que las obturaciones de amalgama y las obturaciones de resina duran una media de 7-8 a\u00f1os, y las obturaciones de cemento de ion\u00f3mero de vidrio 1-2 a\u00f1os en la zona de los dientes posteriores expuesta a esfuerzos masticatorios. Las incrustaciones de metal precioso o cer\u00e1mica permanecen en la boca entre 10 y 15 a\u00f1os.  <\/p>\n<h3><strong>\u00bfQu\u00e9 materiales de relleno deben utilizarse?<\/strong><\/h3>\n<p>Esto s\u00f3lo puede decidirse caso por caso. S\u00f3lo es posible una evaluaci\u00f3n adecuada de los riesgos y beneficios si se tiene en cuenta la situaci\u00f3n individual. Adem\u00e1s de conocer el estado de los dientes, tambi\u00e9n es importante la informaci\u00f3n sobre enfermedades generales (por ejemplo, da\u00f1os renales), alergias o embarazo. A menudo, la decisi\u00f3n final sobre los materiales que deben utilizarse s\u00f3lo puede tomarse durante una intervenci\u00f3n (por ejemplo, tras la extracci\u00f3n de un empaste defectuoso o una caries). En \u00faltima instancia, hay que se\u00f1alar que ninguno de los materiales de obturaci\u00f3n mencionados representa un riesgo inaceptable en general.    <\/p>\n<\/div><\/div><\/div><\/div><\/div>\n","protected":false},"excerpt":{"rendered":"","protected":false},"author":21,"featured_media":0,"parent":16462,"menu_order":0,"comment_status":"closed","ping_status":"closed","template":"100-width.php","meta":{"footnotes":""},"class_list":["post-17107","page","type-page","status-publish","hentry"],"yoast_head":"<!-- This site is optimized with the Yoast SEO plugin v27.5 - https:\/\/yoast.com\/product\/yoast-seo-wordpress\/ -->\n<title>Zahnf\u00fcllungen im \u00dcberblick: Materialien, Risiken &amp; Haltbarkeit<\/title>\n<meta name=\"description\" content=\"Todo sobre los empastes dentales: Materiales como la amalgama, la cer\u00e1mica y el pl\u00e1stico, posibles riesgos y durabilidad, explicado de forma comprensible.\" \/>\n<meta name=\"robots\" content=\"index, follow, max-snippet:-1, max-image-preview:large, max-video-preview:-1\" \/>\n<link rel=\"canonical\" href=\"https:\/\/www.zahnaerztin-thies.de\/es\/servicios\/materiales-de-obturacion-dental\/\" \/>\n<meta property=\"og:locale\" content=\"es_ES\" \/>\n<meta property=\"og:type\" content=\"article\" \/>\n<meta property=\"og:title\" content=\"Zahnf\u00fcllungen im \u00dcberblick: Materialien, Risiken &amp; Haltbarkeit\" \/>\n<meta property=\"og:description\" content=\"Todo sobre los empastes dentales: Materiales como la amalgama, la cer\u00e1mica y el pl\u00e1stico, posibles riesgos y durabilidad, explicado de forma comprensible.\" \/>\n<meta property=\"og:url\" content=\"https:\/\/www.zahnaerztin-thies.de\/es\/servicios\/materiales-de-obturacion-dental\/\" \/>\n<meta property=\"og:site_name\" content=\"Zahn\u00e4rztin Dr. Thies\" \/>\n<meta property=\"article:publisher\" content=\"https:\/\/www.facebook.com\/ZahnarztpraxisDrThies\/\" \/>\n<meta property=\"article:modified_time\" content=\"2026-03-23T11:40:53+00:00\" \/>\n<meta property=\"og:image\" content=\"https:\/\/www.zahnaerztin-thies.de\/wp-content\/uploads\/thies-og-3.jpg\" \/>\n\t<meta property=\"og:image:width\" content=\"1200\" \/>\n\t<meta property=\"og:image:height\" content=\"630\" \/>\n\t<meta property=\"og:image:type\" content=\"image\/jpeg\" \/>\n<script type=\"application\/ld+json\" class=\"yoast-schema-graph\">{\"@context\":\"https:\\\/\\\/schema.org\",\"@graph\":[{\"@type\":\"WebPage\",\"@id\":\"https:\\\/\\\/www.zahnaerztin-thies.de\\\/es\\\/servicios\\\/materiales-de-obturacion-dental\\\/\",\"url\":\"https:\\\/\\\/www.zahnaerztin-thies.de\\\/es\\\/servicios\\\/materiales-de-obturacion-dental\\\/\",\"name\":\"Zahnf\u00fcllungen im \u00dcberblick: Materialien, Risiken & Haltbarkeit\",\"isPartOf\":{\"@id\":\"https:\\\/\\\/www.zahnaerztin-thies.de\\\/es\\\/#website\"},\"datePublished\":\"2024-11-18T21:33:15+00:00\",\"dateModified\":\"2026-03-23T11:40:53+00:00\",\"description\":\"Todo sobre los empastes dentales: Materiales como la amalgama, la cer\u00e1mica y el pl\u00e1stico, posibles riesgos y durabilidad, explicado de forma comprensible.\",\"breadcrumb\":{\"@id\":\"https:\\\/\\\/www.zahnaerztin-thies.de\\\/es\\\/servicios\\\/materiales-de-obturacion-dental\\\/#breadcrumb\"},\"inLanguage\":\"es\",\"potentialAction\":[{\"@type\":\"ReadAction\",\"target\":[\"https:\\\/\\\/www.zahnaerztin-thies.de\\\/es\\\/servicios\\\/materiales-de-obturacion-dental\\\/\"]}]},{\"@type\":\"BreadcrumbList\",\"@id\":\"https:\\\/\\\/www.zahnaerztin-thies.de\\\/es\\\/servicios\\\/materiales-de-obturacion-dental\\\/#breadcrumb\",\"itemListElement\":[{\"@type\":\"ListItem\",\"position\":1,\"name\":\"Home\",\"item\":\"https:\\\/\\\/www.zahnaerztin-thies.de\\\/es\\\/\"},{\"@type\":\"ListItem\",\"position\":2,\"name\":\"Servicios\",\"item\":\"https:\\\/\\\/www.zahnaerztin-thies.de\\\/es\\\/servicios\\\/\"},{\"@type\":\"ListItem\",\"position\":3,\"name\":\"Materiales de obturaci\u00f3n dental\"}]},{\"@type\":\"WebSite\",\"@id\":\"https:\\\/\\\/www.zahnaerztin-thies.de\\\/es\\\/#website\",\"url\":\"https:\\\/\\\/www.zahnaerztin-thies.de\\\/es\\\/\",\"name\":\"Zahn\u00e4rztin Dr. Thies\",\"description\":\"Zahnarztpraxis Bochum\",\"publisher\":{\"@id\":\"https:\\\/\\\/www.zahnaerztin-thies.de\\\/es\\\/#organization\"},\"potentialAction\":[{\"@type\":\"SearchAction\",\"target\":{\"@type\":\"EntryPoint\",\"urlTemplate\":\"https:\\\/\\\/www.zahnaerztin-thies.de\\\/es\\\/?s={search_term_string}\"},\"query-input\":{\"@type\":\"PropertyValueSpecification\",\"valueRequired\":true,\"valueName\":\"search_term_string\"}}],\"inLanguage\":\"es\"},{\"@type\":\"Organization\",\"@id\":\"https:\\\/\\\/www.zahnaerztin-thies.de\\\/es\\\/#organization\",\"name\":\"Zahn\u00e4rztin Dr. Thies\",\"url\":\"https:\\\/\\\/www.zahnaerztin-thies.de\\\/es\\\/\",\"logo\":{\"@type\":\"ImageObject\",\"inLanguage\":\"es\",\"@id\":\"https:\\\/\\\/www.zahnaerztin-thies.de\\\/es\\\/#\\\/schema\\\/logo\\\/image\\\/\",\"url\":\"https:\\\/\\\/www.zahnaerztin-thies.de\\\/wp-content\\\/uploads\\\/Thies-Logo695.jpg\",\"contentUrl\":\"https:\\\/\\\/www.zahnaerztin-thies.de\\\/wp-content\\\/uploads\\\/Thies-Logo695.jpg\",\"width\":695,\"height\":695,\"caption\":\"Zahn\u00e4rztin Dr. Thies\"},\"image\":{\"@id\":\"https:\\\/\\\/www.zahnaerztin-thies.de\\\/es\\\/#\\\/schema\\\/logo\\\/image\\\/\"},\"sameAs\":[\"https:\\\/\\\/www.facebook.com\\\/ZahnarztpraxisDrThies\\\/\",\"https:\\\/\\\/www.youtube.com\\\/channel\\\/UCs1IcvkvQXT0nXMn9fLo2NQ\",\"https:\\\/\\\/www.instagram.com\\\/explore\\\/locations\\\/1031576357\\\/zahnarztpraxis-dr-alexandra-thies\\\/\"]}]}<\/script>\n<!-- \/ Yoast SEO plugin. -->","yoast_head_json":{"title":"Zahnf\u00fcllungen im \u00dcberblick: Materialien, Risiken & Haltbarkeit","description":"Todo sobre los empastes dentales: Materiales como la amalgama, la cer\u00e1mica y el pl\u00e1stico, posibles riesgos y durabilidad, explicado de forma comprensible.","robots":{"index":"index","follow":"follow","max-snippet":"max-snippet:-1","max-image-preview":"max-image-preview:large","max-video-preview":"max-video-preview:-1"},"canonical":"https:\/\/www.zahnaerztin-thies.de\/es\/servicios\/materiales-de-obturacion-dental\/","og_locale":"es_ES","og_type":"article","og_title":"Zahnf\u00fcllungen im \u00dcberblick: Materialien, Risiken & Haltbarkeit","og_description":"Todo sobre los empastes dentales: Materiales como la amalgama, la cer\u00e1mica y el pl\u00e1stico, posibles riesgos y durabilidad, explicado de forma comprensible.","og_url":"https:\/\/www.zahnaerztin-thies.de\/es\/servicios\/materiales-de-obturacion-dental\/","og_site_name":"Zahn\u00e4rztin Dr. Thies","article_publisher":"https:\/\/www.facebook.com\/ZahnarztpraxisDrThies\/","article_modified_time":"2026-03-23T11:40:53+00:00","og_image":[{"width":1200,"height":630,"url":"https:\/\/www.zahnaerztin-thies.de\/wp-content\/uploads\/thies-og-3.jpg","type":"image\/jpeg"}],"schema":{"@context":"https:\/\/schema.org","@graph":[{"@type":"WebPage","@id":"https:\/\/www.zahnaerztin-thies.de\/es\/servicios\/materiales-de-obturacion-dental\/","url":"https:\/\/www.zahnaerztin-thies.de\/es\/servicios\/materiales-de-obturacion-dental\/","name":"Zahnf\u00fcllungen im \u00dcberblick: Materialien, Risiken & Haltbarkeit","isPartOf":{"@id":"https:\/\/www.zahnaerztin-thies.de\/es\/#website"},"datePublished":"2024-11-18T21:33:15+00:00","dateModified":"2026-03-23T11:40:53+00:00","description":"Todo sobre los empastes dentales: Materiales como la amalgama, la cer\u00e1mica y el pl\u00e1stico, posibles riesgos y durabilidad, explicado de forma comprensible.","breadcrumb":{"@id":"https:\/\/www.zahnaerztin-thies.de\/es\/servicios\/materiales-de-obturacion-dental\/#breadcrumb"},"inLanguage":"es","potentialAction":[{"@type":"ReadAction","target":["https:\/\/www.zahnaerztin-thies.de\/es\/servicios\/materiales-de-obturacion-dental\/"]}]},{"@type":"BreadcrumbList","@id":"https:\/\/www.zahnaerztin-thies.de\/es\/servicios\/materiales-de-obturacion-dental\/#breadcrumb","itemListElement":[{"@type":"ListItem","position":1,"name":"Home","item":"https:\/\/www.zahnaerztin-thies.de\/es\/"},{"@type":"ListItem","position":2,"name":"Servicios","item":"https:\/\/www.zahnaerztin-thies.de\/es\/servicios\/"},{"@type":"ListItem","position":3,"name":"Materiales de obturaci\u00f3n dental"}]},{"@type":"WebSite","@id":"https:\/\/www.zahnaerztin-thies.de\/es\/#website","url":"https:\/\/www.zahnaerztin-thies.de\/es\/","name":"Zahn\u00e4rztin Dr. Thies","description":"Zahnarztpraxis Bochum","publisher":{"@id":"https:\/\/www.zahnaerztin-thies.de\/es\/#organization"},"potentialAction":[{"@type":"SearchAction","target":{"@type":"EntryPoint","urlTemplate":"https:\/\/www.zahnaerztin-thies.de\/es\/?s={search_term_string}"},"query-input":{"@type":"PropertyValueSpecification","valueRequired":true,"valueName":"search_term_string"}}],"inLanguage":"es"},{"@type":"Organization","@id":"https:\/\/www.zahnaerztin-thies.de\/es\/#organization","name":"Zahn\u00e4rztin Dr. Thies","url":"https:\/\/www.zahnaerztin-thies.de\/es\/","logo":{"@type":"ImageObject","inLanguage":"es","@id":"https:\/\/www.zahnaerztin-thies.de\/es\/#\/schema\/logo\/image\/","url":"https:\/\/www.zahnaerztin-thies.de\/wp-content\/uploads\/Thies-Logo695.jpg","contentUrl":"https:\/\/www.zahnaerztin-thies.de\/wp-content\/uploads\/Thies-Logo695.jpg","width":695,"height":695,"caption":"Zahn\u00e4rztin Dr. Thies"},"image":{"@id":"https:\/\/www.zahnaerztin-thies.de\/es\/#\/schema\/logo\/image\/"},"sameAs":["https:\/\/www.facebook.com\/ZahnarztpraxisDrThies\/","https:\/\/www.youtube.com\/channel\/UCs1IcvkvQXT0nXMn9fLo2NQ","https:\/\/www.instagram.com\/explore\/locations\/1031576357\/zahnarztpraxis-dr-alexandra-thies\/"]}]}},"_links":{"self":[{"href":"https:\/\/www.zahnaerztin-thies.de\/es\/wp-json\/wp\/v2\/pages\/17107","targetHints":{"allow":["GET"]}}],"collection":[{"href":"https:\/\/www.zahnaerztin-thies.de\/es\/wp-json\/wp\/v2\/pages"}],"about":[{"href":"https:\/\/www.zahnaerztin-thies.de\/es\/wp-json\/wp\/v2\/types\/page"}],"author":[{"embeddable":true,"href":"https:\/\/www.zahnaerztin-thies.de\/es\/wp-json\/wp\/v2\/users\/21"}],"replies":[{"embeddable":true,"href":"https:\/\/www.zahnaerztin-thies.de\/es\/wp-json\/wp\/v2\/comments?post=17107"}],"version-history":[{"count":13,"href":"https:\/\/www.zahnaerztin-thies.de\/es\/wp-json\/wp\/v2\/pages\/17107\/revisions"}],"predecessor-version":[{"id":19696,"href":"https:\/\/www.zahnaerztin-thies.de\/es\/wp-json\/wp\/v2\/pages\/17107\/revisions\/19696"}],"up":[{"embeddable":true,"href":"https:\/\/www.zahnaerztin-thies.de\/es\/wp-json\/wp\/v2\/pages\/16462"}],"wp:attachment":[{"href":"https:\/\/www.zahnaerztin-thies.de\/es\/wp-json\/wp\/v2\/media?parent=17107"}],"curies":[{"name":"wp","href":"https:\/\/api.w.org\/{rel}","templated":true}]}}