{"id":17512,"date":"2024-11-18T17:08:30","date_gmt":"2024-11-18T17:08:30","guid":{"rendered":"https:\/\/www.zahnaerztin-thies.de\/pie-de-imprenta\/"},"modified":"2026-03-19T11:02:21","modified_gmt":"2026-03-19T11:02:21","slug":"imprenta","status":"publish","type":"page","link":"https:\/\/www.zahnaerztin-thies.de\/es\/imprenta\/","title":{"rendered":"Pie de imprenta"},"content":{"rendered":"<div class=\"fusion-fullwidth fullwidth-box fusion-builder-row-1 fusion-flex-container nonhundred-percent-fullwidth non-hundred-percent-height-scrolling\" style=\"--awb-border-radius-top-left:0px;--awb-border-radius-top-right:0px;--awb-border-radius-bottom-right:0px;--awb-border-radius-bottom-left:0px;--awb-flex-wrap:wrap;\" ><div class=\"fusion-builder-row fusion-row fusion-flex-align-items-flex-start fusion-flex-content-wrap\" style=\"max-width:1456px;margin-left: calc(-4% \/ 2 );margin-right: calc(-4% \/ 2 );\"><div class=\"fusion-layout-column fusion_builder_column fusion-builder-column-0 fusion_builder_column_1_1 1_1 fusion-flex-column\" style=\"--awb-bg-size:cover;--awb-width-large:100%;--awb-margin-top-large:0px;--awb-spacing-right-large:1.92%;--awb-margin-bottom-large:20px;--awb-spacing-left-large:1.92%;--awb-width-medium:100%;--awb-order-medium:0;--awb-spacing-right-medium:1.92%;--awb-spacing-left-medium:1.92%;--awb-width-small:100%;--awb-order-small:0;--awb-spacing-right-small:1.92%;--awb-spacing-left-small:1.92%;\"><div class=\"fusion-column-wrapper fusion-column-has-shadow fusion-flex-justify-content-flex-start fusion-content-layout-column\"><div class=\"fusion-title title fusion-title-1 fusion-sep-none fusion-title-text fusion-title-size-one\" style=\"--awb-text-color:var(--awb-color4);--awb-margin-top-small:10px;--awb-margin-right-small:0px;--awb-margin-bottom-small:10px;--awb-margin-left-small:0px;--awb-font-size:var(--awb-typography1-font-size);\"><h1 class=\"fusion-title-heading title-heading-left\" style=\"font-family:var(--awb-typography1-font-family);font-weight:var(--awb-typography1-font-weight);font-style:var(--awb-typography1-font-style);margin:0;letter-spacing:var(--awb-typography1-letter-spacing);text-transform:var(--awb-typography1-text-transform);font-size:1em;line-height:var(--awb-typography1-line-height);\">Pie de imprenta<\/h1><\/div><\/div><\/div><div class=\"fusion-layout-column fusion_builder_column fusion-builder-column-1 fusion_builder_column_3_4 3_4 fusion-flex-column\" style=\"--awb-bg-size:cover;--awb-width-large:75%;--awb-margin-top-large:0px;--awb-spacing-right-large:2.56%;--awb-margin-bottom-large:0px;--awb-spacing-left-large:2.56%;--awb-width-medium:75%;--awb-spacing-right-medium:2.56%;--awb-spacing-left-medium:2.56%;--awb-width-small:100%;--awb-spacing-right-small:1.92%;--awb-spacing-left-small:1.92%;\"><div class=\"fusion-column-wrapper fusion-flex-justify-content-flex-start fusion-content-layout-column\"><div class=\"fusion-text fusion-text-1\"><h2>Declaraci\u00f3n seg\u00fan \u00a7 5DDG:<\/h2>\n<p>Alexandra Thies<br \/>\nCl\u00ednica dental<br \/>\nBongardstr. 21<br \/>\n44787 Bochum<\/p>\n<h2>Contacto:<\/h2>\n<p>Tel.: 0234 &#8211; 14516<br \/>\nFax: 0234 &#8211; 58837299<br \/>\nCorreo electr\u00f3nico: <a href=\"mailto:info@zahnaerztin-thies.de\">info@zahnaerztin-thies.de<\/a><\/p>\n<h3>Autoridad de control:<\/h3>\n<p>Asociaci\u00f3n Dental Westfalia-Lippe<br \/>\nAuf der Horst 29<br \/>\n48147 M\u00fcnster<\/p>\n<p><a href=\"http:\/\/www.zahnaerzte-wl.de\">www.zahnaerzte-wl.de<\/a><\/p>\n<p><strong>Descripci\u00f3n del trabajo:<\/strong> Dentista<\/p>\n<p>C\u00e1mara responsable: Zahn\u00e4rztekammer Westfalen-Lippe en nombre de: Alemania<\/p>\n<p><strong>C\u00f3digo de conducta profesional:<\/strong> Odont\u00f3logo<\/p>\n<p>El c\u00f3digo de conducta profesional puede consultarse en: <a href=\"http:\/\/www.bzaek.de\">www.bzaek.de<\/a><\/p>\n<h3>Declaraci\u00f3n de responsabilidad profesional:<\/h3>\n<p><strong>Nombre y domicilio social:<\/strong><\/p>\n<p>Deutsche \u00c4rzteversicherung AG<br \/>\nB\u00f6rsenpl.<br \/>\n51171 Colonia<\/p>\n<p>Territorio de aplicaci\u00f3n del seguro: Alemania<\/p>\n<h3>Responsable del contenido seg\u00fan \u00a7 55 Abs. 2 RStV:<\/h3>\n<p>Alexandra Thies<br \/>\nBongardstr. 21<br \/>\n44787 Bochum<\/p>\n<h2>Fuente de referencia para im\u00e1genes y gr\u00e1ficos:<\/h2>\n<p>www.prodente.de.<br \/>\nstevepb &#8211; pixabay.com<\/p>\n<\/div><div class=\"fusion-separator fusion-full-width-sep\" style=\"align-self: center;margin-left: auto;margin-right: auto;width:100%;\"><div class=\"fusion-separator-border sep-single sep-solid\" style=\"--awb-height:20px;--awb-amount:20px;--awb-sep-color:var(--awb-color4);border-color:var(--awb-color4);border-top-width:1px;\"><\/div><\/div><div class=\"fusion-text fusion-text-2\"><h2>Descargo de responsabilidad<\/h2>\n<p><strong>Responsabilidad del contenido<\/strong><\/p>\n<p>Como proveedor de servicios, estamos obligados seg\u00fan el \u00a7 7 Abs.1 TMG es responsable de su propio contenido en estas p\u00e1ginas de acuerdo con las leyes generales. Sin embargo, seg\u00fan los \u00a7\u00a7 8 a 10 de la TMG, no estamos obligados a controlar la informaci\u00f3n de terceros transmitida o almacenada, ni a investigar circunstancias que indiquen una actividad ilegal. Esto no afecta a las obligaciones de eliminar o bloquear el uso de informaci\u00f3n de acuerdo con las leyes generales. Sin embargo, la responsabilidad a este respecto s\u00f3lo es posible a partir del momento en que se tiene conocimiento de una infracci\u00f3n concreta. Tan pronto como tengamos conocimiento de tales infracciones, eliminaremos este contenido inmediatamente.<\/p>\n<p><strong>Responsabilidad de los enlaces<\/strong><\/p>\n<p>Nuestro sitio web contiene enlaces a sitios web externos de terceros sobre cuyo contenido no tenemos ninguna influencia. Por lo tanto, no podemos aceptar ninguna responsabilidad por este contenido de terceros. Los operadores de las p\u00e1ginas enlazadas son los \u00fanicos responsables de su contenido. Las p\u00e1ginas enlazadas se comprobaron para detectar posibles infracciones legales en el momento de enlazarlas. Los contenidos ilegales no eran reconocibles en el momento del enlace. Sin embargo, la vigilancia permanente del contenido de las p\u00e1ginas enlazadas no es razonable sin pruebas concretas de una infracci\u00f3n. Si tenemos conocimiento de alguna infracci\u00f3n legal, eliminaremos dicho contenido inmediatamente.<\/p>\n<p><strong>Derechos de autor<\/strong><\/p>\n<p>El contenido y las obras creadas por los operadores del sitio en estas p\u00e1ginas est\u00e1n sujetos a la legislaci\u00f3n alemana sobre derechos de autor. La reproducci\u00f3n, edici\u00f3n, distribuci\u00f3n y cualquier tipo de utilizaci\u00f3n fuera de los l\u00edmites de la ley de derechos de autor requieren el consentimiento por escrito del autor o creador respectivo. Las descargas y copias de este sitio s\u00f3lo est\u00e1n permitidas para uso privado y no comercial. En la medida en que el contenido de este sitio no haya sido creado por el operador, se respetan los derechos de autor de terceros. En particular, los contenidos de terceros se etiquetan como tales. Si, a pesar de todo, tuvieras conocimiento de una infracci\u00f3n de los derechos de autor, te rogamos que nos lo comuniques. Si tenemos conocimiento de alguna infracci\u00f3n legal, eliminaremos dicho contenido inmediatamente.<\/p>\n<\/div><\/div><\/div><\/div><\/div>\n","protected":false},"excerpt":{"rendered":"","protected":false},"author":20,"featured_media":0,"parent":0,"menu_order":0,"comment_status":"closed","ping_status":"closed","template":"100-width.php","meta":{"footnotes":""},"class_list":["post-17512","page","type-page","status-publish","hentry"],"yoast_head":"<!-- This site is optimized with the Yoast SEO plugin v27.2 - https:\/\/yoast.com\/product\/yoast-seo-wordpress\/ -->\n<title>Imprenta Cl\u00ednica Dental Alexandra Thies Bochum | Contacto &amp; Detalles<\/title>\n<meta name=\"description\" content=\"Pie de imprenta de la cl\u00ednica dental Alexandra Thies de Bochum con todos los datos obligatorios, informaci\u00f3n de contacto e informaci\u00f3n legal seg\u00fan el art\u00edculo 5 de la DDG.\" \/>\n<meta name=\"robots\" content=\"index, follow, max-snippet:-1, max-image-preview:large, max-video-preview:-1\" \/>\n<link rel=\"canonical\" href=\"https:\/\/www.zahnaerztin-thies.de\/es\/imprenta\/\" \/>\n<meta property=\"og:locale\" content=\"es_ES\" \/>\n<meta property=\"og:type\" content=\"article\" \/>\n<meta property=\"og:title\" content=\"Imprenta Cl\u00ednica Dental Alexandra Thies Bochum | Contacto &amp; Detalles\" \/>\n<meta property=\"og:description\" content=\"Pie de imprenta de la cl\u00ednica dental Alexandra Thies de Bochum con todos los datos obligatorios, informaci\u00f3n de contacto e informaci\u00f3n legal seg\u00fan el art\u00edculo 5 de la DDG.\" \/>\n<meta property=\"og:url\" content=\"https:\/\/www.zahnaerztin-thies.de\/es\/imprenta\/\" \/>\n<meta property=\"og:site_name\" content=\"Zahn\u00e4rztin Dr. Thies\" \/>\n<meta property=\"article:publisher\" content=\"https:\/\/www.facebook.com\/ZahnarztpraxisDrThies\/\" \/>\n<meta property=\"article:modified_time\" content=\"2026-03-19T11:02:21+00:00\" \/>\n<meta property=\"og:image\" content=\"https:\/\/www.zahnaerztin-thies.de\/wp-content\/uploads\/thies-og-3.jpg\" \/>\n\t<meta property=\"og:image:width\" content=\"1200\" \/>\n\t<meta property=\"og:image:height\" content=\"630\" \/>\n\t<meta property=\"og:image:type\" content=\"image\/jpeg\" \/>\n<script type=\"application\/ld+json\" class=\"yoast-schema-graph\">{\"@context\":\"https:\/\/schema.org\",\"@graph\":[{\"@type\":\"WebPage\",\"@id\":\"https:\/\/www.zahnaerztin-thies.de\/es\/imprenta\/\",\"url\":\"https:\/\/www.zahnaerztin-thies.de\/es\/imprenta\/\",\"name\":\"Imprenta Cl\u00ednica Dental Alexandra Thies Bochum | Contacto & Detalles\",\"isPartOf\":{\"@id\":\"https:\/\/www.zahnaerztin-thies.de\/es\/#website\"},\"datePublished\":\"2024-11-18T17:08:30+00:00\",\"dateModified\":\"2026-03-19T11:02:21+00:00\",\"description\":\"Pie de imprenta de la cl\u00ednica dental Alexandra Thies de Bochum con todos los datos obligatorios, informaci\u00f3n de contacto e informaci\u00f3n legal seg\u00fan el art\u00edculo 5 de la DDG.\",\"breadcrumb\":{\"@id\":\"https:\/\/www.zahnaerztin-thies.de\/es\/imprenta\/#breadcrumb\"},\"inLanguage\":\"es\",\"potentialAction\":[{\"@type\":\"ReadAction\",\"target\":[\"https:\/\/www.zahnaerztin-thies.de\/es\/imprenta\/\"]}]},{\"@type\":\"BreadcrumbList\",\"@id\":\"https:\/\/www.zahnaerztin-thies.de\/es\/imprenta\/#breadcrumb\",\"itemListElement\":[{\"@type\":\"ListItem\",\"position\":1,\"name\":\"Home\",\"item\":\"https:\/\/www.zahnaerztin-thies.de\/es\/\"},{\"@type\":\"ListItem\",\"position\":2,\"name\":\"Pie de imprenta\"}]},{\"@type\":\"WebSite\",\"@id\":\"https:\/\/www.zahnaerztin-thies.de\/es\/#website\",\"url\":\"https:\/\/www.zahnaerztin-thies.de\/es\/\",\"name\":\"Zahn\u00e4rztin Dr. Thies\",\"description\":\"Zahnarztpraxis Bochum\",\"publisher\":{\"@id\":\"https:\/\/www.zahnaerztin-thies.de\/es\/#organization\"},\"potentialAction\":[{\"@type\":\"SearchAction\",\"target\":{\"@type\":\"EntryPoint\",\"urlTemplate\":\"https:\/\/www.zahnaerztin-thies.de\/es\/?s={search_term_string}\"},\"query-input\":{\"@type\":\"PropertyValueSpecification\",\"valueRequired\":true,\"valueName\":\"search_term_string\"}}],\"inLanguage\":\"es\"},{\"@type\":\"Organization\",\"@id\":\"https:\/\/www.zahnaerztin-thies.de\/es\/#organization\",\"name\":\"Zahn\u00e4rztin Dr. Thies\",\"url\":\"https:\/\/www.zahnaerztin-thies.de\/es\/\",\"logo\":{\"@type\":\"ImageObject\",\"inLanguage\":\"es\",\"@id\":\"https:\/\/www.zahnaerztin-thies.de\/es\/#\/schema\/logo\/image\/\",\"url\":\"https:\/\/www.zahnaerztin-thies.de\/wp-content\/uploads\/Thies-Logo695.jpg\",\"contentUrl\":\"https:\/\/www.zahnaerztin-thies.de\/wp-content\/uploads\/Thies-Logo695.jpg\",\"width\":695,\"height\":695,\"caption\":\"Zahn\u00e4rztin Dr. Thies\"},\"image\":{\"@id\":\"https:\/\/www.zahnaerztin-thies.de\/es\/#\/schema\/logo\/image\/\"},\"sameAs\":[\"https:\/\/www.facebook.com\/ZahnarztpraxisDrThies\/\",\"https:\/\/www.youtube.com\/channel\/UCs1IcvkvQXT0nXMn9fLo2NQ\",\"https:\/\/www.instagram.com\/explore\/locations\/1031576357\/zahnarztpraxis-dr-alexandra-thies\/\"]}]}<\/script>\n<!-- \/ Yoast SEO plugin. -->","yoast_head_json":{"title":"Imprenta Cl\u00ednica Dental Alexandra Thies Bochum | Contacto & Detalles","description":"Pie de imprenta de la cl\u00ednica dental Alexandra Thies de Bochum con todos los datos obligatorios, informaci\u00f3n de contacto e informaci\u00f3n legal seg\u00fan el art\u00edculo 5 de la DDG.","robots":{"index":"index","follow":"follow","max-snippet":"max-snippet:-1","max-image-preview":"max-image-preview:large","max-video-preview":"max-video-preview:-1"},"canonical":"https:\/\/www.zahnaerztin-thies.de\/es\/imprenta\/","og_locale":"es_ES","og_type":"article","og_title":"Imprenta Cl\u00ednica Dental Alexandra Thies Bochum | Contacto & Detalles","og_description":"Pie de imprenta de la cl\u00ednica dental Alexandra Thies de Bochum con todos los datos obligatorios, informaci\u00f3n de contacto e informaci\u00f3n legal seg\u00fan el art\u00edculo 5 de la DDG.","og_url":"https:\/\/www.zahnaerztin-thies.de\/es\/imprenta\/","og_site_name":"Zahn\u00e4rztin Dr. Thies","article_publisher":"https:\/\/www.facebook.com\/ZahnarztpraxisDrThies\/","article_modified_time":"2026-03-19T11:02:21+00:00","og_image":[{"width":1200,"height":630,"url":"https:\/\/www.zahnaerztin-thies.de\/wp-content\/uploads\/thies-og-3.jpg","type":"image\/jpeg"}],"schema":{"@context":"https:\/\/schema.org","@graph":[{"@type":"WebPage","@id":"https:\/\/www.zahnaerztin-thies.de\/es\/imprenta\/","url":"https:\/\/www.zahnaerztin-thies.de\/es\/imprenta\/","name":"Imprenta Cl\u00ednica Dental Alexandra Thies Bochum | Contacto & Detalles","isPartOf":{"@id":"https:\/\/www.zahnaerztin-thies.de\/es\/#website"},"datePublished":"2024-11-18T17:08:30+00:00","dateModified":"2026-03-19T11:02:21+00:00","description":"Pie de imprenta de la cl\u00ednica dental Alexandra Thies de Bochum con todos los datos obligatorios, informaci\u00f3n de contacto e informaci\u00f3n legal seg\u00fan el art\u00edculo 5 de la DDG.","breadcrumb":{"@id":"https:\/\/www.zahnaerztin-thies.de\/es\/imprenta\/#breadcrumb"},"inLanguage":"es","potentialAction":[{"@type":"ReadAction","target":["https:\/\/www.zahnaerztin-thies.de\/es\/imprenta\/"]}]},{"@type":"BreadcrumbList","@id":"https:\/\/www.zahnaerztin-thies.de\/es\/imprenta\/#breadcrumb","itemListElement":[{"@type":"ListItem","position":1,"name":"Home","item":"https:\/\/www.zahnaerztin-thies.de\/es\/"},{"@type":"ListItem","position":2,"name":"Pie de imprenta"}]},{"@type":"WebSite","@id":"https:\/\/www.zahnaerztin-thies.de\/es\/#website","url":"https:\/\/www.zahnaerztin-thies.de\/es\/","name":"Zahn\u00e4rztin Dr. Thies","description":"Zahnarztpraxis Bochum","publisher":{"@id":"https:\/\/www.zahnaerztin-thies.de\/es\/#organization"},"potentialAction":[{"@type":"SearchAction","target":{"@type":"EntryPoint","urlTemplate":"https:\/\/www.zahnaerztin-thies.de\/es\/?s={search_term_string}"},"query-input":{"@type":"PropertyValueSpecification","valueRequired":true,"valueName":"search_term_string"}}],"inLanguage":"es"},{"@type":"Organization","@id":"https:\/\/www.zahnaerztin-thies.de\/es\/#organization","name":"Zahn\u00e4rztin Dr. Thies","url":"https:\/\/www.zahnaerztin-thies.de\/es\/","logo":{"@type":"ImageObject","inLanguage":"es","@id":"https:\/\/www.zahnaerztin-thies.de\/es\/#\/schema\/logo\/image\/","url":"https:\/\/www.zahnaerztin-thies.de\/wp-content\/uploads\/Thies-Logo695.jpg","contentUrl":"https:\/\/www.zahnaerztin-thies.de\/wp-content\/uploads\/Thies-Logo695.jpg","width":695,"height":695,"caption":"Zahn\u00e4rztin Dr. Thies"},"image":{"@id":"https:\/\/www.zahnaerztin-thies.de\/es\/#\/schema\/logo\/image\/"},"sameAs":["https:\/\/www.facebook.com\/ZahnarztpraxisDrThies\/","https:\/\/www.youtube.com\/channel\/UCs1IcvkvQXT0nXMn9fLo2NQ","https:\/\/www.instagram.com\/explore\/locations\/1031576357\/zahnarztpraxis-dr-alexandra-thies\/"]}]}},"_links":{"self":[{"href":"https:\/\/www.zahnaerztin-thies.de\/es\/wp-json\/wp\/v2\/pages\/17512","targetHints":{"allow":["GET"]}}],"collection":[{"href":"https:\/\/www.zahnaerztin-thies.de\/es\/wp-json\/wp\/v2\/pages"}],"about":[{"href":"https:\/\/www.zahnaerztin-thies.de\/es\/wp-json\/wp\/v2\/types\/page"}],"author":[{"embeddable":true,"href":"https:\/\/www.zahnaerztin-thies.de\/es\/wp-json\/wp\/v2\/users\/20"}],"replies":[{"embeddable":true,"href":"https:\/\/www.zahnaerztin-thies.de\/es\/wp-json\/wp\/v2\/comments?post=17512"}],"version-history":[{"count":10,"href":"https:\/\/www.zahnaerztin-thies.de\/es\/wp-json\/wp\/v2\/pages\/17512\/revisions"}],"predecessor-version":[{"id":19396,"href":"https:\/\/www.zahnaerztin-thies.de\/es\/wp-json\/wp\/v2\/pages\/17512\/revisions\/19396"}],"wp:attachment":[{"href":"https:\/\/www.zahnaerztin-thies.de\/es\/wp-json\/wp\/v2\/media?parent=17512"}],"curies":[{"name":"wp","href":"https:\/\/api.w.org\/{rel}","templated":true}]}}