{"id":18031,"date":"2025-01-27T08:02:45","date_gmt":"2025-01-27T08:02:45","guid":{"rendered":"https:\/\/www.zahnaerztin-thies.de\/equipo-de-practicas\/annika-doerdelmann\/"},"modified":"2026-03-23T13:02:44","modified_gmt":"2026-03-23T13:02:44","slug":"annika-doerdelmann","status":"publish","type":"page","link":"https:\/\/www.zahnaerztin-thies.de\/es\/equipo-de-practicas\/annika-doerdelmann\/","title":{"rendered":"Annika D\u00f6rdelmann"},"content":{"rendered":"<div class=\"fusion-fullwidth fullwidth-box fusion-builder-row-1 fusion-flex-container nonhundred-percent-fullwidth non-hundred-percent-height-scrolling fusion-animated\" style=\"--awb-border-radius-top-left:0px;--awb-border-radius-top-right:0px;--awb-border-radius-bottom-right:0px;--awb-border-radius-bottom-left:0px;--awb-flex-wrap:wrap;\" data-animationType=\"fadeInUp\" data-animationDuration=\"1.5\" data-animationOffset=\"top-into-view\" ><div class=\"fusion-builder-row fusion-row fusion-flex-align-items-flex-start fusion-flex-content-wrap\" style=\"max-width:1456px;margin-left: calc(-4% \/ 2 );margin-right: calc(-4% \/ 2 );\"><div class=\"fusion-layout-column fusion_builder_column fusion-builder-column-0 fusion_builder_column_2_3 2_3 fusion-flex-column\" style=\"--awb-bg-blend:overlay;--awb-bg-size:cover;--awb-width-large:66.666666666667%;--awb-margin-top-large:0px;--awb-spacing-right-large:3.84%;--awb-margin-bottom-large:0px;--awb-spacing-left-large:2.88%;--awb-width-medium:66.666666666667%;--awb-spacing-right-medium:3.84%;--awb-spacing-left-medium:2.88%;--awb-width-small:100%;--awb-spacing-right-small:1.92%;--awb-spacing-left-small:1.92%;\"><div class=\"fusion-column-wrapper fusion-flex-justify-content-flex-start fusion-content-layout-column\"><div class=\"fusion-title title fusion-title-1 fusion-sep-none fusion-title-text fusion-title-size-one\" style=\"--awb-text-color:#000000;--awb-margin-top-small:10px;--awb-margin-right-small:0px;--awb-margin-bottom-small:10px;--awb-margin-left-small:0px;--awb-font-size:var(--awb-typography1-font-size);\"><h1 class=\"fusion-title-heading title-heading-left\" style=\"font-family:var(--awb-typography1-font-family);font-weight:var(--awb-typography1-font-weight);font-style:var(--awb-typography1-font-style);margin:0;letter-spacing:var(--awb-typography1-letter-spacing);text-transform:var(--awb-typography1-text-transform);font-size:1em;line-height:var(--awb-typography1-line-height);\">Annika D\u00f6rdelmann<\/h1><\/div><div class=\"fusion-title title fusion-title-2 fusion-sep-none fusion-title-text fusion-title-size-two\" style=\"--awb-text-color:#000000;--awb-margin-top-small:10px;--awb-margin-right-small:0px;--awb-margin-bottom-small:10px;--awb-margin-left-small:0px;--awb-font-size:25px;\"><h2 class=\"fusion-title-heading title-heading-left\" style=\"font-family:var(--awb-typography1-font-family);font-weight:var(--awb-typography1-font-weight);font-style:var(--awb-typography1-font-style);margin:0;letter-spacing:var(--awb-typography1-letter-spacing);text-transform:var(--awb-typography1-text-transform);font-size:1em;line-height:var(--awb-typography1-line-height);\">Economista de empresa en el sector sanitario<\/h2><\/div><div class=\"fusion-text fusion-text-1\" style=\"--awb-font-size:var(--awb-typography4-font-size);--awb-line-height:var(--awb-typography4-line-height);--awb-letter-spacing:var(--awb-typography4-letter-spacing);--awb-text-transform:var(--awb-typography4-text-transform);--awb-text-font-family:var(--awb-typography4-font-family);--awb-text-font-weight:var(--awb-typography4-font-weight);--awb-text-font-style:var(--awb-typography4-font-style);\"><p>La Sra. Annika D\u00f6rdelmann forma parte de nuestro equipo desde septiembre de 2018. \u00daltimamente, estaba de baja por maternidad o paternidad. Volver\u00e1 en noviembre de 2024 para apoyarnos en la administraci\u00f3n y la asistencia.<\/p>\n<p>\u00abMe llamo Annika D\u00f6rdelmann, nac\u00ed y vivo en Witten. En el verano de 2008, me gradu\u00e9 en la Escuela Integral Hardenstein. Comenc\u00e9 mi formaci\u00f3n como asistente dental en agosto de 2008 y la finalic\u00e9 con \u00e9xito en junio de 2011. En febrero de 2018, comenc\u00e9 una formaci\u00f3n complementaria como economista de empresa en el sector sanitario y la finalic\u00e9 con \u00e9xito en mayo de 2020. A lo largo de mi carrera profesional, me he dado cuenta de que lo que m\u00e1s me gusta es el \u00e1rea administrativa. Disfruto mucho con mi trabajo y me hace muy feliz que los pacientes sientan que est\u00e1n en buenas manos con nosotros.\u00bb<\/p>\n<\/div><div class=\"accordian fusion-accordian\" style=\"--awb-border-size:1px;--awb-icon-size:16px;--awb-content-font-size:var(--awb-typography4-font-size);--awb-content-letter-spacing:var(--awb-typography4-letter-spacing);--awb-content-text-transform:var(--awb-typography4-text-transform);--awb-content-line-height:var(--awb-typography4-line-height);--awb-icon-alignment:left;--awb-hover-color:var(--awb-color2);--awb-border-color:var(--awb-color3);--awb-background-color:var(--awb-color1);--awb-divider-color:var(--awb-color3);--awb-divider-hover-color:var(--awb-color3);--awb-icon-color:var(--awb-color1);--awb-title-color:var(--awb-color8);--awb-content-color:var(--awb-color8);--awb-icon-box-color:var(--awb-color5);--awb-toggle-hover-accent-color:var(--awb-color4);--awb-toggle-active-accent-color:var(--awb-color4);--awb-title-font-family:var(--awb-typography1-font-family);--awb-title-font-weight:var(--awb-typography1-font-weight);--awb-title-font-style:var(--awb-typography1-font-style);--awb-title-font-size:25px;--awb-title-letter-spacing:var(--awb-typography1-letter-spacing);--awb-title-line-height:var(--awb-typography1-line-height);--awb-title-text-transform:var(--awb-typography1-text-transform);--awb-content-font-family:var(--awb-typography4-font-family);--awb-content-font-weight:var(--awb-typography4-font-weight);--awb-content-font-style:var(--awb-typography4-font-style);\"><div class=\"panel-group fusion-toggle-icon-boxed\" id=\"accordion-18031-1\"><div class=\"fusion-panel panel-default panel-b5a62d7bc3725d598 fusion-toggle-no-divider\" style=\"--awb-title-color:var(--awb-color8);--awb-content-color:var(--awb-color8);\"><div class=\"panel-heading\"><h2 class=\"panel-title toggle\" id=\"toggle_b5a62d7bc3725d598\"><a aria-expanded=\"false\" aria-controls=\"b5a62d7bc3725d598\" role=\"button\" data-toggle=\"collapse\" data-parent=\"#accordion-18031-1\" data-target=\"#b5a62d7bc3725d598\" href=\"#b5a62d7bc3725d598\"><span class=\"fusion-toggle-icon-wrapper\" aria-hidden=\"true\"><i class=\"fa-fusion-box active-icon awb-icon-minus\" aria-hidden=\"true\"><\/i><i class=\"fa-fusion-box inactive-icon awb-icon-plus\" aria-hidden=\"true\"><\/i><\/span><span class=\"fusion-toggle-heading\">  Certificados<\/span><\/a><\/h2><\/div><div id=\"b5a62d7bc3725d598\" class=\"panel-collapse collapse \" aria-labelledby=\"toggle_b5a62d7bc3725d598\"><div class=\"panel-body toggle-content fusion-clearfix\">\n<ul>\n<li><span data-olk-copy-source=\"MessageBody\">Economista de empresa en el sector sanitario<\/span><\/li>\n<\/ul>\n<\/div><\/div><\/div><div class=\"fusion-panel panel-default panel-505ccbf550b74249d fusion-toggle-no-divider\" style=\"--awb-title-color:var(--awb-color8);--awb-content-color:var(--awb-color8);\"><div class=\"panel-heading\"><h2 class=\"panel-title toggle\" id=\"toggle_505ccbf550b74249d\"><a aria-expanded=\"false\" aria-controls=\"505ccbf550b74249d\" role=\"button\" data-toggle=\"collapse\" data-parent=\"#accordion-18031-1\" data-target=\"#505ccbf550b74249d\" href=\"#505ccbf550b74249d\"><span class=\"fusion-toggle-icon-wrapper\" aria-hidden=\"true\"><i class=\"fa-fusion-box active-icon awb-icon-minus\" aria-hidden=\"true\"><\/i><i class=\"fa-fusion-box inactive-icon awb-icon-plus\" aria-hidden=\"true\"><\/i><\/span><span class=\"fusion-toggle-heading\">Formaci\u00f3n continua<\/span><\/a><\/h2><\/div><div id=\"505ccbf550b74249d\" class=\"panel-collapse collapse \" aria-labelledby=\"toggle_505ccbf550b74249d\"><div class=\"panel-body toggle-content fusion-clearfix\">\n<ul>\n<li class=\"x_MsoNormal\"><span data-olk-copy-source=\"MessageBody\">Adquisici\u00f3n de una licencia de rayos X<\/span><\/li>\n<li class=\"x_MsoNormal\">Curso de emergencia<\/li>\n<li class=\"x_MsoNormal\">Microsoft Office Compacto<\/li>\n<li class=\"x_MsoNormal\">Taller b\u00e1sico de facturaci\u00f3n dental<\/li>\n<\/ul>\n<\/div><\/div><\/div><div class=\"fusion-panel panel-default panel-3f9c367bdd687fd6f fusion-toggle-no-divider\" style=\"--awb-title-color:var(--awb-color8);--awb-content-color:var(--awb-color8);\"><div class=\"panel-heading\"><h2 class=\"panel-title toggle\" id=\"toggle_3f9c367bdd687fd6f\"><a aria-expanded=\"false\" aria-controls=\"3f9c367bdd687fd6f\" role=\"button\" data-toggle=\"collapse\" data-parent=\"#accordion-18031-1\" data-target=\"#3f9c367bdd687fd6f\" href=\"#3f9c367bdd687fd6f\"><span class=\"fusion-toggle-icon-wrapper\" aria-hidden=\"true\"><i class=\"fa-fusion-box active-icon awb-icon-minus\" aria-hidden=\"true\"><\/i><i class=\"fa-fusion-box inactive-icon awb-icon-plus\" aria-hidden=\"true\"><\/i><\/span><span class=\"fusion-toggle-heading\">Conocimientos ling\u00fc\u00edsticos<\/span><\/a><\/h2><\/div><div id=\"3f9c367bdd687fd6f\" class=\"panel-collapse collapse \" aria-labelledby=\"toggle_3f9c367bdd687fd6f\"><div class=\"panel-body toggle-content fusion-clearfix\">\n<ul>\n<li>Alem\u00e1n<\/li>\n<li>Ingl\u00e9s<\/li>\n<\/ul>\n<\/div><\/div><\/div><\/div><\/div><\/div><\/div><div class=\"fusion-layout-column fusion_builder_column fusion-builder-column-1 fusion_builder_column_1_3 1_3 fusion-flex-column\" style=\"--awb-bg-size:cover;--awb-width-large:33.333333333333%;--awb-margin-top-large:131px;--awb-spacing-right-large:5.76%;--awb-margin-bottom-large:20px;--awb-spacing-left-large:3.84%;--awb-width-medium:33.333333333333%;--awb-order-medium:0;--awb-spacing-right-medium:5.76%;--awb-spacing-left-medium:3.84%;--awb-width-small:100%;--awb-order-small:0;--awb-spacing-right-small:1.92%;--awb-spacing-left-small:1.92%;\"><div class=\"fusion-column-wrapper fusion-column-has-shadow fusion-flex-justify-content-flex-start fusion-content-layout-column\"><div class=\"fusion-image-element \" style=\"--awb-caption-title-font-family:var(--h2_typography-font-family);--awb-caption-title-font-weight:var(--h2_typography-font-weight);--awb-caption-title-font-style:var(--h2_typography-font-style);--awb-caption-title-size:var(--h2_typography-font-size);--awb-caption-title-transform:var(--h2_typography-text-transform);--awb-caption-title-line-height:var(--h2_typography-line-height);--awb-caption-title-letter-spacing:var(--h2_typography-letter-spacing);\"><span class=\" fusion-imageframe imageframe-none imageframe-1 hover-type-none\" style=\"border-radius:15px;\"><img decoding=\"async\" width=\"600\" height=\"900\" alt=\"Annika D\u00f6rdelmann\" title=\"Annika D\u00f6rdelmann_neu\" src=\"https:\/\/www.zahnaerztin-thies.de\/wp-content\/uploads\/Annika-Doerdelmann_neu.jpg\" data-orig-src=\"https:\/\/www.zahnaerztin-thies.de\/wp-content\/uploads\/Annika-Doerdelmann_neu.jpg\" class=\"lazyload img-responsive wp-image-19083\" srcset=\"data:image\/svg+xml,%3Csvg%20xmlns%3D%27http%3A%2F%2Fwww.w3.org%2F2000%2Fsvg%27%20width%3D%27600%27%20height%3D%27900%27%20viewBox%3D%270%200%20600%20900%27%3E%3Crect%20width%3D%27600%27%20height%3D%27900%27%20fill-opacity%3D%220%22%2F%3E%3C%2Fsvg%3E\" data-srcset=\"https:\/\/www.zahnaerztin-thies.de\/wp-content\/uploads\/Annika-Doerdelmann_neu-200x300.jpg 200w, https:\/\/www.zahnaerztin-thies.de\/wp-content\/uploads\/Annika-Doerdelmann_neu-400x600.jpg 400w, https:\/\/www.zahnaerztin-thies.de\/wp-content\/uploads\/Annika-Doerdelmann_neu.jpg 600w\" data-sizes=\"auto\" data-orig-sizes=\"(max-width: 640px) 100vw, 600px\" \/><\/span><\/div><\/div><\/div><\/div><\/div>\n","protected":false},"excerpt":{"rendered":"","protected":false},"author":20,"featured_media":0,"parent":16406,"menu_order":0,"comment_status":"closed","ping_status":"closed","template":"100-width.php","meta":{"footnotes":""},"class_list":["post-18031","page","type-page","status-publish","hentry"],"yoast_head":"<!-- This site is optimized with the Yoast SEO plugin v27.2 - https:\/\/yoast.com\/product\/yoast-seo-wordpress\/ -->\n<title>Annika D\u00f6rdelmann - Economista de empresa en el sector sanitario<\/title>\n<meta name=\"description\" content=\"Annika D\u00f6rdelmann es economista de empresa en el sector sanitario y desde 2018 apoya a nuestro equipo en tareas de administraci\u00f3n y asistencia, de forma competente y orientada al paciente.\" \/>\n<meta name=\"robots\" content=\"index, follow, max-snippet:-1, max-image-preview:large, max-video-preview:-1\" \/>\n<link rel=\"canonical\" href=\"https:\/\/www.zahnaerztin-thies.de\/es\/equipo-de-practicas\/annika-doerdelmann\/\" \/>\n<meta property=\"og:locale\" content=\"es_ES\" \/>\n<meta property=\"og:type\" content=\"article\" \/>\n<meta property=\"og:title\" content=\"Annika D\u00f6rdelmann - Economista de empresa en el sector sanitario\" \/>\n<meta property=\"og:description\" content=\"Annika D\u00f6rdelmann es economista de empresa en el sector sanitario y desde 2018 apoya a nuestro equipo en tareas de administraci\u00f3n y asistencia, de forma competente y orientada al paciente.\" \/>\n<meta property=\"og:url\" content=\"https:\/\/www.zahnaerztin-thies.de\/es\/equipo-de-practicas\/annika-doerdelmann\/\" \/>\n<meta property=\"og:site_name\" content=\"Zahn\u00e4rztin Dr. Thies\" \/>\n<meta property=\"article:publisher\" content=\"https:\/\/www.facebook.com\/ZahnarztpraxisDrThies\/\" \/>\n<meta property=\"article:modified_time\" content=\"2026-03-23T13:02:44+00:00\" \/>\n<meta property=\"og:image\" content=\"https:\/\/www.zahnaerztin-thies.de\/wp-content\/uploads\/thies-og-3.jpg\" \/>\n\t<meta property=\"og:image:width\" content=\"1200\" \/>\n\t<meta property=\"og:image:height\" content=\"630\" \/>\n\t<meta property=\"og:image:type\" content=\"image\/jpeg\" \/>\n<script type=\"application\/ld+json\" class=\"yoast-schema-graph\">{\"@context\":\"https:\/\/schema.org\",\"@graph\":[{\"@type\":\"WebPage\",\"@id\":\"https:\/\/www.zahnaerztin-thies.de\/es\/equipo-de-practicas\/annika-doerdelmann\/\",\"url\":\"https:\/\/www.zahnaerztin-thies.de\/es\/equipo-de-practicas\/annika-doerdelmann\/\",\"name\":\"Annika D\u00f6rdelmann - Economista de empresa en el sector sanitario\",\"isPartOf\":{\"@id\":\"https:\/\/www.zahnaerztin-thies.de\/es\/#website\"},\"datePublished\":\"2025-01-27T08:02:45+00:00\",\"dateModified\":\"2026-03-23T13:02:44+00:00\",\"description\":\"Annika D\u00f6rdelmann es economista de empresa en el sector sanitario y desde 2018 apoya a nuestro equipo en tareas de administraci\u00f3n y asistencia, de forma competente y orientada al paciente.\",\"breadcrumb\":{\"@id\":\"https:\/\/www.zahnaerztin-thies.de\/es\/equipo-de-practicas\/annika-doerdelmann\/#breadcrumb\"},\"inLanguage\":\"es\",\"potentialAction\":[{\"@type\":\"ReadAction\",\"target\":[\"https:\/\/www.zahnaerztin-thies.de\/es\/equipo-de-practicas\/annika-doerdelmann\/\"]}]},{\"@type\":\"BreadcrumbList\",\"@id\":\"https:\/\/www.zahnaerztin-thies.de\/es\/equipo-de-practicas\/annika-doerdelmann\/#breadcrumb\",\"itemListElement\":[{\"@type\":\"ListItem\",\"position\":1,\"name\":\"Home\",\"item\":\"https:\/\/www.zahnaerztin-thies.de\/es\/\"},{\"@type\":\"ListItem\",\"position\":2,\"name\":\"Equipo de pr\u00e1cticas\",\"item\":\"https:\/\/www.zahnaerztin-thies.de\/es\/equipo-de-practicas\/\"},{\"@type\":\"ListItem\",\"position\":3,\"name\":\"Annika D\u00f6rdelmann\"}]},{\"@type\":\"WebSite\",\"@id\":\"https:\/\/www.zahnaerztin-thies.de\/es\/#website\",\"url\":\"https:\/\/www.zahnaerztin-thies.de\/es\/\",\"name\":\"Zahn\u00e4rztin Dr. Thies\",\"description\":\"Zahnarztpraxis Bochum\",\"publisher\":{\"@id\":\"https:\/\/www.zahnaerztin-thies.de\/es\/#organization\"},\"potentialAction\":[{\"@type\":\"SearchAction\",\"target\":{\"@type\":\"EntryPoint\",\"urlTemplate\":\"https:\/\/www.zahnaerztin-thies.de\/es\/?s={search_term_string}\"},\"query-input\":{\"@type\":\"PropertyValueSpecification\",\"valueRequired\":true,\"valueName\":\"search_term_string\"}}],\"inLanguage\":\"es\"},{\"@type\":\"Organization\",\"@id\":\"https:\/\/www.zahnaerztin-thies.de\/es\/#organization\",\"name\":\"Zahn\u00e4rztin Dr. Thies\",\"url\":\"https:\/\/www.zahnaerztin-thies.de\/es\/\",\"logo\":{\"@type\":\"ImageObject\",\"inLanguage\":\"es\",\"@id\":\"https:\/\/www.zahnaerztin-thies.de\/es\/#\/schema\/logo\/image\/\",\"url\":\"https:\/\/www.zahnaerztin-thies.de\/wp-content\/uploads\/Thies-Logo695.jpg\",\"contentUrl\":\"https:\/\/www.zahnaerztin-thies.de\/wp-content\/uploads\/Thies-Logo695.jpg\",\"width\":695,\"height\":695,\"caption\":\"Zahn\u00e4rztin Dr. Thies\"},\"image\":{\"@id\":\"https:\/\/www.zahnaerztin-thies.de\/es\/#\/schema\/logo\/image\/\"},\"sameAs\":[\"https:\/\/www.facebook.com\/ZahnarztpraxisDrThies\/\",\"https:\/\/www.youtube.com\/channel\/UCs1IcvkvQXT0nXMn9fLo2NQ\",\"https:\/\/www.instagram.com\/explore\/locations\/1031576357\/zahnarztpraxis-dr-alexandra-thies\/\"]}]}<\/script>\n<!-- \/ Yoast SEO plugin. -->","yoast_head_json":{"title":"Annika D\u00f6rdelmann - Economista de empresa en el sector sanitario","description":"Annika D\u00f6rdelmann es economista de empresa en el sector sanitario y desde 2018 apoya a nuestro equipo en tareas de administraci\u00f3n y asistencia, de forma competente y orientada al paciente.","robots":{"index":"index","follow":"follow","max-snippet":"max-snippet:-1","max-image-preview":"max-image-preview:large","max-video-preview":"max-video-preview:-1"},"canonical":"https:\/\/www.zahnaerztin-thies.de\/es\/equipo-de-practicas\/annika-doerdelmann\/","og_locale":"es_ES","og_type":"article","og_title":"Annika D\u00f6rdelmann - Economista de empresa en el sector sanitario","og_description":"Annika D\u00f6rdelmann es economista de empresa en el sector sanitario y desde 2018 apoya a nuestro equipo en tareas de administraci\u00f3n y asistencia, de forma competente y orientada al paciente.","og_url":"https:\/\/www.zahnaerztin-thies.de\/es\/equipo-de-practicas\/annika-doerdelmann\/","og_site_name":"Zahn\u00e4rztin Dr. Thies","article_publisher":"https:\/\/www.facebook.com\/ZahnarztpraxisDrThies\/","article_modified_time":"2026-03-23T13:02:44+00:00","og_image":[{"width":1200,"height":630,"url":"https:\/\/www.zahnaerztin-thies.de\/wp-content\/uploads\/thies-og-3.jpg","type":"image\/jpeg"}],"schema":{"@context":"https:\/\/schema.org","@graph":[{"@type":"WebPage","@id":"https:\/\/www.zahnaerztin-thies.de\/es\/equipo-de-practicas\/annika-doerdelmann\/","url":"https:\/\/www.zahnaerztin-thies.de\/es\/equipo-de-practicas\/annika-doerdelmann\/","name":"Annika D\u00f6rdelmann - Economista de empresa en el sector sanitario","isPartOf":{"@id":"https:\/\/www.zahnaerztin-thies.de\/es\/#website"},"datePublished":"2025-01-27T08:02:45+00:00","dateModified":"2026-03-23T13:02:44+00:00","description":"Annika D\u00f6rdelmann es economista de empresa en el sector sanitario y desde 2018 apoya a nuestro equipo en tareas de administraci\u00f3n y asistencia, de forma competente y orientada al paciente.","breadcrumb":{"@id":"https:\/\/www.zahnaerztin-thies.de\/es\/equipo-de-practicas\/annika-doerdelmann\/#breadcrumb"},"inLanguage":"es","potentialAction":[{"@type":"ReadAction","target":["https:\/\/www.zahnaerztin-thies.de\/es\/equipo-de-practicas\/annika-doerdelmann\/"]}]},{"@type":"BreadcrumbList","@id":"https:\/\/www.zahnaerztin-thies.de\/es\/equipo-de-practicas\/annika-doerdelmann\/#breadcrumb","itemListElement":[{"@type":"ListItem","position":1,"name":"Home","item":"https:\/\/www.zahnaerztin-thies.de\/es\/"},{"@type":"ListItem","position":2,"name":"Equipo de pr\u00e1cticas","item":"https:\/\/www.zahnaerztin-thies.de\/es\/equipo-de-practicas\/"},{"@type":"ListItem","position":3,"name":"Annika D\u00f6rdelmann"}]},{"@type":"WebSite","@id":"https:\/\/www.zahnaerztin-thies.de\/es\/#website","url":"https:\/\/www.zahnaerztin-thies.de\/es\/","name":"Zahn\u00e4rztin Dr. Thies","description":"Zahnarztpraxis Bochum","publisher":{"@id":"https:\/\/www.zahnaerztin-thies.de\/es\/#organization"},"potentialAction":[{"@type":"SearchAction","target":{"@type":"EntryPoint","urlTemplate":"https:\/\/www.zahnaerztin-thies.de\/es\/?s={search_term_string}"},"query-input":{"@type":"PropertyValueSpecification","valueRequired":true,"valueName":"search_term_string"}}],"inLanguage":"es"},{"@type":"Organization","@id":"https:\/\/www.zahnaerztin-thies.de\/es\/#organization","name":"Zahn\u00e4rztin Dr. Thies","url":"https:\/\/www.zahnaerztin-thies.de\/es\/","logo":{"@type":"ImageObject","inLanguage":"es","@id":"https:\/\/www.zahnaerztin-thies.de\/es\/#\/schema\/logo\/image\/","url":"https:\/\/www.zahnaerztin-thies.de\/wp-content\/uploads\/Thies-Logo695.jpg","contentUrl":"https:\/\/www.zahnaerztin-thies.de\/wp-content\/uploads\/Thies-Logo695.jpg","width":695,"height":695,"caption":"Zahn\u00e4rztin Dr. Thies"},"image":{"@id":"https:\/\/www.zahnaerztin-thies.de\/es\/#\/schema\/logo\/image\/"},"sameAs":["https:\/\/www.facebook.com\/ZahnarztpraxisDrThies\/","https:\/\/www.youtube.com\/channel\/UCs1IcvkvQXT0nXMn9fLo2NQ","https:\/\/www.instagram.com\/explore\/locations\/1031576357\/zahnarztpraxis-dr-alexandra-thies\/"]}]}},"_links":{"self":[{"href":"https:\/\/www.zahnaerztin-thies.de\/es\/wp-json\/wp\/v2\/pages\/18031","targetHints":{"allow":["GET"]}}],"collection":[{"href":"https:\/\/www.zahnaerztin-thies.de\/es\/wp-json\/wp\/v2\/pages"}],"about":[{"href":"https:\/\/www.zahnaerztin-thies.de\/es\/wp-json\/wp\/v2\/types\/page"}],"author":[{"embeddable":true,"href":"https:\/\/www.zahnaerztin-thies.de\/es\/wp-json\/wp\/v2\/users\/20"}],"replies":[{"embeddable":true,"href":"https:\/\/www.zahnaerztin-thies.de\/es\/wp-json\/wp\/v2\/comments?post=18031"}],"version-history":[{"count":9,"href":"https:\/\/www.zahnaerztin-thies.de\/es\/wp-json\/wp\/v2\/pages\/18031\/revisions"}],"predecessor-version":[{"id":19752,"href":"https:\/\/www.zahnaerztin-thies.de\/es\/wp-json\/wp\/v2\/pages\/18031\/revisions\/19752"}],"up":[{"embeddable":true,"href":"https:\/\/www.zahnaerztin-thies.de\/es\/wp-json\/wp\/v2\/pages\/16406"}],"wp:attachment":[{"href":"https:\/\/www.zahnaerztin-thies.de\/es\/wp-json\/wp\/v2\/media?parent=18031"}],"curies":[{"name":"wp","href":"https:\/\/api.w.org\/{rel}","templated":true}]}}